{"id":113879,"date":"2025-12-10T03:05:41","date_gmt":"2025-12-10T00:05:41","guid":{"rendered":"https:\/\/baldumarket.lt\/product\/materac-200x90-pocketlateks\/"},"modified":"2026-02-03T23:41:07","modified_gmt":"2026-02-03T20:41:07","slug":"materac-200x90-pocketlateks","status":"publish","type":"product","link":"https:\/\/baldumarket.lt\/ru\/product\/materac-200x90-pocketlateks\/","title":{"rendered":"\u010ciu\u017einys 200&#215;90 ki\u0161eninis + lateksas"},"content":{"rendered":"<p>\u0422\u043e\u043b\u0449\u0438\u043d\u0430: 19 \u0441\u043c<br \/>\n\u0416\u0435\u0441\u0442\u043a\u043e\u0441\u0442\u044c: H3\/H3<br \/>\n\u0412 \u043e\u0441\u043d\u043e\u0432\u0435 \u043c\u0430\u0442\u0440\u0430\u0441\u0430 \u043b\u0435\u0436\u0438\u0442 \u043a\u0430\u0440\u043a\u0430\u0441\u043d\u0430\u044f \u043a\u043e\u043d\u0441\u0442\u0440\u0443\u043a\u0446\u0438\u044f \u0441 7 \u0437\u043e\u043d\u0430\u043c\u0438 \u0440\u0430\u0437\u043b\u0438\u0447\u043d\u043e\u0439 \u0436\u0435\u0441\u0442\u043a\u043e\u0441\u0442\u0438.<br \/>\n\u041a\u0430\u0440\u043c\u0430\u043d\u043e\u043e\u0431\u0440\u0430\u0437\u043d\u044b\u0439 \u0441\u0435\u0440\u0434\u0435\u0447\u043d\u0438\u043a \u0441 \u043e\u0434\u043d\u043e\u0439 \u0441\u0442\u043e\u0440\u043e\u043d\u044b \u043e\u043a\u0440\u0443\u0436\u0435\u043d \u043f\u0435\u043d\u043e\u043f\u043e\u043b\u0438\u0443\u0440\u0435\u0442\u0430\u043d\u043e\u043c T25, \u0430 \u0441 \u0434\u0440\u0443\u0433\u043e\u0439 \u2014 \u043b\u0430\u0442\u0435\u043a\u0441\u043e\u043c.<br \/>\n\u041b\u0430\u0442\u0435\u043a\u0441 \u0442\u043e\u043b\u0449\u0438\u043d\u043e\u0439 2 \u0441\u043c \u043e\u0431\u043b\u0430\u0434\u0430\u0435\u0442 \u0430\u043d\u0442\u0438\u0430\u043b\u043b\u0435\u0440\u0433\u0435\u043d\u043d\u044b\u043c\u0438 \u0441\u0432\u043e\u0439\u0441\u0442\u0432\u0430\u043c\u0438 \u0438 \u043e\u0431\u0435\u0441\u043f\u0435\u0447\u0438\u0432\u0430\u0435\u0442 \u0434\u043e\u0441\u0442\u0430\u0442\u043e\u0447\u043d\u0443\u044e \u0432\u043e\u0437\u0434\u0443\u0445\u043e\u043f\u0440\u043e\u043d\u0438\u0446\u0430\u0435\u043c\u043e\u0441\u0442\u044c \u0431\u043b\u0430\u0433\u043e\u0434\u0430\u0440\u044f \u0438\u0441\u043f\u043e\u043b\u044c\u0437\u043e\u0432\u0430\u043d\u0438\u044e \u0432\u043e\u0437\u0434\u0443\u0448\u043d\u044b\u0445 \u043a\u0430\u043d\u0430\u043b\u043e\u0432, \u043e\u0434\u043d\u043e\u0432\u0440\u0435\u043c\u0435\u043d\u043d\u043e \u043e\u0431\u0435\u0441\u043f\u0435\u0447\u0438\u0432\u0430\u044f \u0445\u043e\u0440\u043e\u0448\u0443\u044e \u043f\u043e\u0434\u0434\u0435\u0440\u0436\u043a\u0443 \u0442\u0435\u043b\u0430. \u041a\u0440\u043e\u0432\u0430\u0442\u0438, \u043f\u043e\u0434\u0445\u043e\u0434\u044f\u0449\u0438\u0435 \u043a \u044d\u0442\u043e\u043c\u0443 \u043c\u0430\u0442\u0440\u0430\u0441\u0443:<\/p>\n<p>\u041a\u043e\u0441\u043c\u0430 90\u00d7200<br \/>\n\u0421\u043e\u0441\u043d\u0430 \u043d\u0430 \u0431\u0435\u043b\u043e\u043c \u0444\u043e\u043d\u0435<\/p>\n<p>\u041a\u043e\u0441\u043c\u0430 90\u00d7200<br \/>\n\u0421\u043e\u0441\u043d\u0430 \u043d\u0430 \u0430\u043d\u0442\u0440\u0430\u0446\u0438\u0442\u0435<\/p>\n<p>\u041a\u043e\u0441\u043c\u0430 90\u00d7200<br \/>\n\u041d\u0430\u0442\u0443\u0440\u0430\u043b\u044c\u043d\u0430\u044f \u0441\u043e\u0441\u043d\u0430<\/p>\n<p>\u041a\u043e\u0441\u043c\u0430 90\u00d7200<br \/>\n\u0421\u043e\u0441\u043d\u0430 \u043d\u0430 \u043e\u0440\u0435\u0445\u043e\u0432\u043e\u043c \u0434\u0435\u0440\u0435\u0432\u0435<\/p>\n<p>\u041c\u0430\u0440\u0438\u043a\u0430 90\u00d7200<br \/>\n\u0421\u043e\u0441\u043d\u0430 \u043d\u0430 \u0431\u0435\u043b\u043e\u043c \u0444\u043e\u043d\u0435<\/p>\n<p>\u041c\u0430\u0440\u0438\u043a\u0430 90\u00d7200<br \/>\n\u0421\u043e\u0441\u043d\u0430 \u043d\u0430 \u0430\u043d\u0442\u0440\u0430\u0446\u0438\u0442\u0435<\/p>\n<p>\u041c\u0430\u0440\u0438\u043a\u0430 90\u00d7200<br \/>\n\u041d\u0430\u0442\u0443\u0440\u0430\u043b\u044c\u043d\u0430\u044f \u0441\u043e\u0441\u043d\u0430<\/p>\n<p>\u041c\u0430\u0440\u0438\u043a\u0430 90\u00d7200<br \/>\n\u0421\u043e\u0441\u043d\u0430 \u043d\u0430 \u043e\u0440\u0435\u0445\u043e\u0432\u043e\u043c \u0434\u0435\u0440\u0435\u0432\u0435<\/p>\n<p>\u0420\u0438\u043c 90\u00d7200<br \/>\n\u0421\u043e\u0441\u043d\u0430 \u043d\u0430 \u0431\u0435\u043b\u043e\u043c \u0444\u043e\u043d\u0435<\/p>\n<p>\u0420\u0438\u043c 90\u00d7200<br \/>\n\u0421\u043e\u0441\u043d\u0430 \u043d\u0430 \u0430\u043d\u0442\u0440\u0430\u0446\u0438\u0442\u0435<\/p>\n<p>\u0420\u0438\u043c 90\u00d7200<br \/>\n\u041d\u0430\u0442\u0443\u0440\u0430\u043b\u044c\u043d\u0430\u044f \u0441\u043e\u0441\u043d\u0430<\/p>\n<p>\u0420\u0438\u043c 90\u00d7200<br \/>\n\u0421\u043e\u0441\u043d\u0430 \u043d\u0430 \u043e\u0440\u0435\u0445\u043e\u0432\u043e\u043c \u0434\u0435\u0440\u0435\u0432\u0435<\/p>\n<p>\u041b\u0430\u0443\u0440\u0430 90\u00d7200<br \/>\n\u0421\u043e\u0441\u043d\u0430 \u043d\u0430 \u0431\u0435\u043b\u043e\u043c \u0444\u043e\u043d\u0435<\/p>\n<p>\u041b\u0430\u0443\u0440\u0430 90\u00d7200<br \/>\n\u0421\u043e\u0441\u043d\u0430 \u043d\u0430 \u0430\u043d\u0442\u0440\u0430\u0446\u0438\u0442\u0435<\/p>","protected":false},"excerpt":{"rendered":"<p>\u0422\u043e\u043b\u0449\u0438\u043d\u0430: 19 \u0441\u043c. \u0416\u0435\u0441\u0442\u043a\u043e\u0441\u0442\u044c: H3\/H3. \u0421\u0435\u0440\u0434\u0446\u0435\u0432\u0438\u043d\u0430 \u043c\u0430\u0442\u0440\u0430\u0441\u0430 \u043f\u0440\u0435\u0434\u0441\u0442\u0430\u0432\u043b\u044f\u0435\u0442 \u0441\u043e\u0431\u043e\u0439 \u043a\u0430\u0440\u043c\u0430\u043d\u043d\u044b\u0439 \u043c\u0430\u0442\u0440\u0430\u0441 \u0441 7 \u0437\u043e\u043d\u0430\u043c\u0438 \u0440\u0430\u0437\u043b\u0438\u0447\u043d\u043e\u0439 \u0436\u0435\u0441\u0442\u043a\u043e\u0441\u0442\u0438. \u041a\u0430\u0440\u043c\u0430\u043d\u043d\u044b\u0439 \u0441\u0435\u0440\u0434\u0435\u0447\u043d\u0438\u043a \u043e\u043a\u0440\u0443\u0436\u0435\u043d \u0441 \u043e\u0434\u043d\u043e\u0439 \u0441\u0442\u043e\u0440\u043e\u043d\u044b \u043f\u0435\u043d\u043e\u043f\u043e\u043b\u0438\u0443\u0440\u0435\u0442\u0430\u043d\u043e\u043c T25, \u0430 \u0441 \u0434\u0440\u0443\u0433\u043e\u0439 \u2014 \u043b\u0430\u0442\u0435\u043a\u0441\u043e\u043c. \u041b\u0430\u0442\u0435\u043a\u0441 \u0442\u043e\u043b\u0449\u0438\u043d\u043e\u0439 2 \u0441\u043c \u043e\u0431\u043b\u0430\u0434\u0430\u0435\u0442 \u0430\u043d\u0442\u0438\u0430\u043b\u043b\u0435\u0440\u0433\u0435\u043d\u043d\u044b\u043c\u0438 \u0441\u0432\u043e\u0439\u0441\u0442\u0432\u0430\u043c\u0438 \u0438 \u043e\u0431\u0435\u0441\u043f\u0435\u0447\u0438\u0432\u0430\u0435\u0442 \u0434\u043e\u0441\u0442\u0430\u0442\u043e\u0447\u043d\u0443\u044e \u0432\u043e\u0437\u0434\u0443\u0445\u043e\u043f\u0440\u043e\u043d\u0438\u0446\u0430\u0435\u043c\u043e\u0441\u0442\u044c \u0431\u043b\u0430\u0433\u043e\u0434\u0430\u0440\u044f \u0438\u0441\u043f\u043e\u043b\u044c\u0437\u043e\u0432\u0430\u043d\u0438\u044e \u0432\u043e\u0437\u0434\u0443\u0448\u043d\u044b\u0445 [\u2026]<\/p>","protected":false},"featured_media":113880,"comment_status":"open","ping_status":"open","template":"","meta":[],"product_brand":[],"product_cat":[9297,2455,1099],"product_tag":[],"class_list":{"0":"post-113879","1":"product","2":"type-product","3":"status-publish","4":"has-post-thumbnail","6":"product_cat-mattresses-dolmar","7":"product_cat-dolmar","8":"product_cat-mattresses","10":"first","11":"instock","12":"purchasable","13":"product-type-simple"},"_links":{"self":[{"href":"https:\/\/baldumarket.lt\/ru\/wp-json\/wp\/v2\/product\/113879","targetHints":{"allow":["GET"]}}],"collection":[{"href":"https:\/\/baldumarket.lt\/ru\/wp-json\/wp\/v2\/product"}],"about":[{"href":"https:\/\/baldumarket.lt\/ru\/wp-json\/wp\/v2\/types\/product"}],"replies":[{"embeddable":true,"href":"https:\/\/baldumarket.lt\/ru\/wp-json\/wp\/v2\/comments?post=113879"}],"wp:featuredmedia":[{"embeddable":true,"href":"https:\/\/baldumarket.lt\/ru\/wp-json\/wp\/v2\/media\/113880"}],"wp:attachment":[{"href":"https:\/\/baldumarket.lt\/ru\/wp-json\/wp\/v2\/media?parent=113879"}],"wp:term":[{"taxonomy":"product_brand","embeddable":true,"href":"https:\/\/baldumarket.lt\/ru\/wp-json\/wp\/v2\/product_brand?post=113879"},{"taxonomy":"product_cat","embeddable":true,"href":"https:\/\/baldumarket.lt\/ru\/wp-json\/wp\/v2\/product_cat?post=113879"},{"taxonomy":"product_tag","embeddable":true,"href":"https:\/\/baldumarket.lt\/ru\/wp-json\/wp\/v2\/product_tag?post=113879"}],"curies":[{"name":"WP","href":"https:\/\/api.w.org\/{rel}","templated":true}]}}