{"id":113669,"date":"2025-12-10T03:02:38","date_gmt":"2025-12-10T00:02:38","guid":{"rendered":"https:\/\/baldumarket.lt\/product\/poj-do-lozka-sosna-na-orzech\/"},"modified":"2026-02-03T23:41:16","modified_gmt":"2026-02-03T20:41:16","slug":"poj-do-lozka-sosna-na-orzech","status":"publish","type":"product","link":"https:\/\/baldumarket.lt\/ru\/product\/poj-do-lozka-sosna-na-orzech\/","title":{"rendered":"Lovos konteineris &#8211; pu\u0161is ant rie\u0161utmed\u017eio"},"content":{"rendered":"<p>\u041a\u0440\u043e\u0432\u0430\u0442\u044c \u0441 \u044f\u0449\u0438\u043a\u0430\u043c\u0438 \u0434\u043b\u044f \u0445\u0440\u0430\u043d\u0435\u043d\u0438\u044f ROMA\/MARIKA\/KOSMA\/LAURA\/GAJA\/INKA\/ZUZA \u2013 \u0426\u0432\u0435\u0442 \u043a\u043e\u0440\u043f\u0443\u0441\u0430: \u0441\u043e\u0441\u043d\u0430 \u043d\u0430 \u043e\u0440\u0435\u0445\u043e\u0432\u043e\u043c \u0434\u0435\u0440\u0435\u0432\u0435<\/p>","protected":false},"excerpt":{"rendered":"<p>\u041a\u0440\u043e\u0432\u0430\u0442\u044c \u0441 \u044f\u0449\u0438\u043a\u0430\u043c\u0438 \u0434\u043b\u044f \u0445\u0440\u0430\u043d\u0435\u043d\u0438\u044f ROMA\/MARIKA\/KOSMA\/LAURA\/GAJA\/INKA\/ZUZA \u2013 \u0426\u0432\u0435\u0442 \u043a\u043e\u0440\u043f\u0443\u0441\u0430: \u0441\u043e\u0441\u043d\u0430 \u043d\u0430 \u043e\u0440\u0435\u0445\u043e\u0432\u043e\u043c \u0434\u0435\u0440\u0435\u0432\u0435<\/p>","protected":false},"featured_media":113670,"comment_status":"open","ping_status":"open","template":"","meta":[],"product_brand":[],"product_cat":[2455,1043],"product_tag":[],"class_list":{"0":"post-113669","1":"product","2":"type-product","3":"status-publish","4":"has-post-thumbnail","6":"product_cat-dolmar","7":"product_cat-extras","9":"first","10":"instock","11":"purchasable","12":"product-type-simple"},"_links":{"self":[{"href":"https:\/\/baldumarket.lt\/ru\/wp-json\/wp\/v2\/product\/113669","targetHints":{"allow":["GET"]}}],"collection":[{"href":"https:\/\/baldumarket.lt\/ru\/wp-json\/wp\/v2\/product"}],"about":[{"href":"https:\/\/baldumarket.lt\/ru\/wp-json\/wp\/v2\/types\/product"}],"replies":[{"embeddable":true,"href":"https:\/\/baldumarket.lt\/ru\/wp-json\/wp\/v2\/comments?post=113669"}],"wp:featuredmedia":[{"embeddable":true,"href":"https:\/\/baldumarket.lt\/ru\/wp-json\/wp\/v2\/media\/113670"}],"wp:attachment":[{"href":"https:\/\/baldumarket.lt\/ru\/wp-json\/wp\/v2\/media?parent=113669"}],"wp:term":[{"taxonomy":"product_brand","embeddable":true,"href":"https:\/\/baldumarket.lt\/ru\/wp-json\/wp\/v2\/product_brand?post=113669"},{"taxonomy":"product_cat","embeddable":true,"href":"https:\/\/baldumarket.lt\/ru\/wp-json\/wp\/v2\/product_cat?post=113669"},{"taxonomy":"product_tag","embeddable":true,"href":"https:\/\/baldumarket.lt\/ru\/wp-json\/wp\/v2\/product_tag?post=113669"}],"curies":[{"name":"WP","href":"https:\/\/api.w.org\/{rel}","templated":true}]}}