{"id":113585,"date":"2025-12-10T03:01:20","date_gmt":"2025-12-10T00:01:20","guid":{"rendered":"https:\/\/baldumarket.lt\/product\/oswietlenie-led-3-punktowe\/"},"modified":"2026-02-03T23:41:20","modified_gmt":"2026-02-03T20:41:20","slug":"oswietlenie-led-3-punktowe","status":"publish","type":"product","link":"https:\/\/baldumarket.lt\/ru\/product\/oswietlenie-led-3-punktowe\/","title":{"rendered":"3 ta\u0161k\u0173 LED ap\u0161vietimas"},"content":{"rendered":"<p>\u041e\u0441\u0432\u0435\u0449\u0435\u043d\u0438\u0435 \u0441\u043e\u0432\u043c\u0435\u0441\u0442\u0438\u043c\u043e \u0441\u043e \u0441\u043b\u0435\u0434\u0443\u044e\u0449\u0438\u043c\u0438 \u0441\u0438\u0441\u0442\u0435\u043c\u0430\u043c\u0438:<br \/>\n\u0420\u043e\u043c\u0435\u0440\u043e \u04202<\/p>","protected":false},"excerpt":{"rendered":"<p>\u041e\u0441\u0432\u0435\u0442\u0438\u0442\u0435\u043b\u044c\u043d\u043e\u0435 \u043e\u0431\u043e\u0440\u0443\u0434\u043e\u0432\u0430\u043d\u0438\u0435 \u0441\u043e\u0432\u043c\u0435\u0441\u0442\u0438\u043c\u043e \u0441\u043e \u0441\u043b\u0435\u0434\u0443\u044e\u0449\u0438\u043c\u0438 \u0441\u0438\u0441\u0442\u0435\u043c\u0430\u043c\u0438: Romero R2<\/p>","protected":false},"featured_media":113586,"comment_status":"open","ping_status":"open","template":"","meta":[],"product_brand":[],"product_cat":[2455,1043],"product_tag":[],"class_list":{"0":"post-113585","1":"product","2":"type-product","3":"status-publish","4":"has-post-thumbnail","6":"product_cat-dolmar","7":"product_cat-extras","9":"first","10":"instock","11":"purchasable","12":"product-type-simple"},"_links":{"self":[{"href":"https:\/\/baldumarket.lt\/ru\/wp-json\/wp\/v2\/product\/113585","targetHints":{"allow":["GET"]}}],"collection":[{"href":"https:\/\/baldumarket.lt\/ru\/wp-json\/wp\/v2\/product"}],"about":[{"href":"https:\/\/baldumarket.lt\/ru\/wp-json\/wp\/v2\/types\/product"}],"replies":[{"embeddable":true,"href":"https:\/\/baldumarket.lt\/ru\/wp-json\/wp\/v2\/comments?post=113585"}],"wp:featuredmedia":[{"embeddable":true,"href":"https:\/\/baldumarket.lt\/ru\/wp-json\/wp\/v2\/media\/113586"}],"wp:attachment":[{"href":"https:\/\/baldumarket.lt\/ru\/wp-json\/wp\/v2\/media?parent=113585"}],"wp:term":[{"taxonomy":"product_brand","embeddable":true,"href":"https:\/\/baldumarket.lt\/ru\/wp-json\/wp\/v2\/product_brand?post=113585"},{"taxonomy":"product_cat","embeddable":true,"href":"https:\/\/baldumarket.lt\/ru\/wp-json\/wp\/v2\/product_cat?post=113585"},{"taxonomy":"product_tag","embeddable":true,"href":"https:\/\/baldumarket.lt\/ru\/wp-json\/wp\/v2\/product_tag?post=113585"}],"curies":[{"name":"WP","href":"https:\/\/api.w.org\/{rel}","templated":true}]}}