{"id":113583,"date":"2025-12-10T03:01:18","date_gmt":"2025-12-10T00:01:18","guid":{"rendered":"https:\/\/baldumarket.lt\/product\/oswietlenie-led-2-punktowe\/"},"modified":"2026-02-03T23:41:20","modified_gmt":"2026-02-03T20:41:20","slug":"oswietlenie-led-2-punktowe","status":"publish","type":"product","link":"https:\/\/baldumarket.lt\/ru\/product\/oswietlenie-led-2-punktowe\/","title":{"rendered":"2 ta\u0161k\u0173 LED ap\u0161vietimas"},"content":{"rendered":"<p>\u0414\u043b\u044f \u043e\u0441\u0432\u0435\u0449\u0435\u043d\u0438\u044f \u043f\u043e\u0434\u0445\u043e\u0434\u044f\u0442 \u0441\u043b\u0435\u0434\u0443\u044e\u0449\u0438\u0435 \u0441\u0438\u0441\u0442\u0435\u043c\u044b:<br \/>\n\u0420\u043e\u043c\u0435\u0440\u043e \u04207<br \/>\n\u0413\u0430\u043f\u043f\u0430 GA4<br \/>\n\u0421\u0432\u0435\u043d SV4<br \/>\n\u041b\u0430\u043c\u0435\u043b\u043e LA2<br \/>\n\u041b\u0430\u043c\u0435\u043b\u043e LA3<br \/>\n\u0422\u0438\u043b\u0430 \u0422\u04181<\/p>","protected":false},"excerpt":{"rendered":"<p>\u041e\u0441\u0432\u0435\u0449\u0435\u043d\u0438\u0435 \u043f\u043e\u0434\u0445\u043e\u0434\u0438\u0442 \u0434\u043b\u044f \u0441\u043b\u0435\u0434\u0443\u044e\u0449\u0438\u0445 \u0441\u0438\u0441\u0442\u0435\u043c: Romero R7 Gappa GA4 Sven SV4 Lamelo LA2 Lamelo LA3 Tila TI1.<\/p>","protected":false},"featured_media":113584,"comment_status":"open","ping_status":"open","template":"","meta":[],"product_brand":[],"product_cat":[2455,1043],"product_tag":[],"class_list":{"0":"post-113583","1":"product","2":"type-product","3":"status-publish","4":"has-post-thumbnail","6":"product_cat-dolmar","7":"product_cat-extras","9":"first","10":"instock","11":"purchasable","12":"product-type-simple"},"_links":{"self":[{"href":"https:\/\/baldumarket.lt\/ru\/wp-json\/wp\/v2\/product\/113583","targetHints":{"allow":["GET"]}}],"collection":[{"href":"https:\/\/baldumarket.lt\/ru\/wp-json\/wp\/v2\/product"}],"about":[{"href":"https:\/\/baldumarket.lt\/ru\/wp-json\/wp\/v2\/types\/product"}],"replies":[{"embeddable":true,"href":"https:\/\/baldumarket.lt\/ru\/wp-json\/wp\/v2\/comments?post=113583"}],"wp:featuredmedia":[{"embeddable":true,"href":"https:\/\/baldumarket.lt\/ru\/wp-json\/wp\/v2\/media\/113584"}],"wp:attachment":[{"href":"https:\/\/baldumarket.lt\/ru\/wp-json\/wp\/v2\/media?parent=113583"}],"wp:term":[{"taxonomy":"product_brand","embeddable":true,"href":"https:\/\/baldumarket.lt\/ru\/wp-json\/wp\/v2\/product_brand?post=113583"},{"taxonomy":"product_cat","embeddable":true,"href":"https:\/\/baldumarket.lt\/ru\/wp-json\/wp\/v2\/product_cat?post=113583"},{"taxonomy":"product_tag","embeddable":true,"href":"https:\/\/baldumarket.lt\/ru\/wp-json\/wp\/v2\/product_tag?post=113583"}],"curies":[{"name":"WP","href":"https:\/\/api.w.org\/{rel}","templated":true}]}}