{"id":113495,"date":"2025-12-10T02:59:54","date_gmt":"2025-12-09T23:59:54","guid":{"rendered":"https:\/\/baldumarket.lt\/product\/system-lorento-l11-biurko-2d-dab-nash\/"},"modified":"2026-02-03T23:41:24","modified_gmt":"2026-02-03T20:41:24","slug":"system-lorento-l11-biurko-2d-dab-nash","status":"publish","type":"product","link":"https:\/\/baldumarket.lt\/ru\/product\/system-lorento-l11-biurko-2d-dab-nash\/","title":{"rendered":"\u0421\u0438\u0441\u0442\u0435\u043c\u0430 \u201eLORENTO\u201c L11 (2D Ra\u0161omasis Stalas) \u2013 \u0105\u017euolo spalvos \u0105\u017euolas"},"content":{"rendered":"<p>\u201c\u0421\u0438\u0441\u0442\u0435\u043c\u0430 L11 \u201dLORENTO\u00bb (2D-\u0441\u0442\u043e\u043b) \u2013 \u0426\u0432\u0435\u0442: \u0434\u0443\u0431 \u041d\u044d\u0448.<\/p>","protected":false},"excerpt":{"rendered":"<p>\u201c\u0421\u0438\u0441\u0442\u0435\u043c\u0430 L11 \u201dLORENTO\u00bb (2D-\u0441\u0442\u043e\u043b) \u2013 \u0426\u0432\u0435\u0442: \u0434\u0443\u0431 \u041d\u044d\u0448.<\/p>","protected":false},"featured_media":113496,"comment_status":"open","ping_status":"open","template":"","meta":[],"product_brand":[],"product_cat":[9289,1312,2455],"product_tag":[],"class_list":{"0":"post-113495","1":"product","2":"type-product","3":"status-publish","4":"has-post-thumbnail","6":"product_cat-furniture-system-lorento-dolmar","7":"product_cat-desks","8":"product_cat-dolmar","10":"first","11":"instock","12":"purchasable","13":"product-type-simple"},"_links":{"self":[{"href":"https:\/\/baldumarket.lt\/ru\/wp-json\/wp\/v2\/product\/113495","targetHints":{"allow":["GET"]}}],"collection":[{"href":"https:\/\/baldumarket.lt\/ru\/wp-json\/wp\/v2\/product"}],"about":[{"href":"https:\/\/baldumarket.lt\/ru\/wp-json\/wp\/v2\/types\/product"}],"replies":[{"embeddable":true,"href":"https:\/\/baldumarket.lt\/ru\/wp-json\/wp\/v2\/comments?post=113495"}],"wp:featuredmedia":[{"embeddable":true,"href":"https:\/\/baldumarket.lt\/ru\/wp-json\/wp\/v2\/media\/113496"}],"wp:attachment":[{"href":"https:\/\/baldumarket.lt\/ru\/wp-json\/wp\/v2\/media?parent=113495"}],"wp:term":[{"taxonomy":"product_brand","embeddable":true,"href":"https:\/\/baldumarket.lt\/ru\/wp-json\/wp\/v2\/product_brand?post=113495"},{"taxonomy":"product_cat","embeddable":true,"href":"https:\/\/baldumarket.lt\/ru\/wp-json\/wp\/v2\/product_cat?post=113495"},{"taxonomy":"product_tag","embeddable":true,"href":"https:\/\/baldumarket.lt\/ru\/wp-json\/wp\/v2\/product_tag?post=113495"}],"curies":[{"name":"WP","href":"https:\/\/api.w.org\/{rel}","templated":true}]}}