{"id":113493,"date":"2025-12-10T02:59:53","date_gmt":"2025-12-09T23:59:53","guid":{"rendered":"https:\/\/baldumarket.lt\/product\/system-lorento-l1-szafa-2d-2s-dab-nash\/"},"modified":"2026-02-03T23:41:24","modified_gmt":"2026-02-03T20:41:24","slug":"system-lorento-l1-szafa-2d-2s-dab-nash","status":"publish","type":"product","link":"https:\/\/baldumarket.lt\/ru\/product\/system-lorento-l1-szafa-2d-2s-dab-nash\/","title":{"rendered":"\u201e\u0421\u0438\u0441\u0442\u0435\u043c\u0430 \u201cLORENTO\u00bb L1 (2D 2S spinta) \u2013 \u0105\u017euolo spalvos \u0105\u017euolas"},"content":{"rendered":"<p>\u0421\u0438\u0441\u0442\u0435\u043c\u0430 \u201cLORENTO\u201d L1 (2D 2S \u0448\u043a\u0430\u0444) \u2013 \u0426\u0432\u0435\u0442: \u0442\u0435\u043c\u043d\u043e-\u043a\u043e\u0440\u0438\u0447\u043d\u0435\u0432\u044b\u0439 \u0434\u0443\u0431<\/p>","protected":false},"excerpt":{"rendered":"<p>\u0421\u0438\u0441\u0442\u0435\u043c\u0430 \u201cLORENTO\u201d L1 (2D 2S \u0448\u043a\u0430\u0444) \u2013 \u0426\u0432\u0435\u0442: \u0442\u0435\u043c\u043d\u043e-\u043a\u043e\u0440\u0438\u0447\u043d\u0435\u0432\u044b\u0439 \u0434\u0443\u0431<\/p>","protected":false},"featured_media":113494,"comment_status":"open","ping_status":"open","template":"","meta":[],"product_brand":[],"product_cat":[9289,2455,1177],"product_tag":[],"class_list":{"0":"post-113493","1":"product","2":"type-product","3":"status-publish","4":"has-post-thumbnail","6":"product_cat-furniture-system-lorento-dolmar","7":"product_cat-dolmar","8":"product_cat-wardrobes","10":"first","11":"instock","12":"purchasable","13":"product-type-simple"},"_links":{"self":[{"href":"https:\/\/baldumarket.lt\/ru\/wp-json\/wp\/v2\/product\/113493","targetHints":{"allow":["GET"]}}],"collection":[{"href":"https:\/\/baldumarket.lt\/ru\/wp-json\/wp\/v2\/product"}],"about":[{"href":"https:\/\/baldumarket.lt\/ru\/wp-json\/wp\/v2\/types\/product"}],"replies":[{"embeddable":true,"href":"https:\/\/baldumarket.lt\/ru\/wp-json\/wp\/v2\/comments?post=113493"}],"wp:featuredmedia":[{"embeddable":true,"href":"https:\/\/baldumarket.lt\/ru\/wp-json\/wp\/v2\/media\/113494"}],"wp:attachment":[{"href":"https:\/\/baldumarket.lt\/ru\/wp-json\/wp\/v2\/media?parent=113493"}],"wp:term":[{"taxonomy":"product_brand","embeddable":true,"href":"https:\/\/baldumarket.lt\/ru\/wp-json\/wp\/v2\/product_brand?post=113493"},{"taxonomy":"product_cat","embeddable":true,"href":"https:\/\/baldumarket.lt\/ru\/wp-json\/wp\/v2\/product_cat?post=113493"},{"taxonomy":"product_tag","embeddable":true,"href":"https:\/\/baldumarket.lt\/ru\/wp-json\/wp\/v2\/product_tag?post=113493"}],"curies":[{"name":"WP","href":"https:\/\/api.w.org\/{rel}","templated":true}]}}