{"id":113437,"date":"2025-12-10T02:59:01","date_gmt":"2025-12-09T23:59:01","guid":{"rendered":"https:\/\/baldumarket.lt\/product\/lozko-darek-sosna-barwiona-na-orzech\/"},"modified":"2026-02-03T23:41:27","modified_gmt":"2026-02-03T20:41:27","slug":"lozko-darek-sosna-barwiona-na-orzech","status":"publish","type":"product","link":"https:\/\/baldumarket.lt\/ru\/product\/lozko-darek-sosna-barwiona-na-orzech\/","title":{"rendered":"Lova \u201eDAREK\u201c \u2013 rie\u0161utmed\u017eio spalvos pu\u0161is"},"content":{"rendered":"<p>\u041c\u0430\u0442\u0440\u0430\u0441\u044b, \u043f\u043e\u0434\u0445\u043e\u0434\u044f\u0449\u0438\u0435 \u0434\u043b\u044f \u044d\u0442\u043e\u0439 \u043a\u0440\u043e\u0432\u0430\u0442\u0438:<\/p>\n<p>190 x 80 x 8 \u041f<br \/>\n\u041f\u0415\u041d\u041d\u042b\u0419 \u041c\u0410\u0422\u0420\u0410\u0421<\/p>\n<p>190 x 80 x 8 PL<br \/>\n\u041f\u0415\u041d\u041e\u041f\u041b\u0410\u0421\u041e\u0412\u042b\u0419 + \u041b\u0410\u0422\u0415\u041a\u0421\u041d\u042b\u0419 \u041c\u0410\u0422\u0420\u0410\u0421<\/p>\n<p>190 x 80 x 8 \u0448\u0442.<br \/>\n\u041f\u0415\u041d\u041e-\u041a\u041e\u041a\u041e\u0421\u041e\u0412\u042b\u0419 \u041c\u0410\u0422\u0420\u0410\u0421<\/p>\n<p>190 x 80 x 12 B<br \/>\n\u041c\u0410\u0422\u0420\u0410\u0421 \u0418\u0417 \u041a\u041e\u0421\u0422\u041d\u041e\u0413\u041e<\/p>\n<p>190 x 80 x 12 \u041c\u0411\u041b<br \/>\n\u041e\u0434\u043d\u043e\u0441\u0442\u043e\u0440\u043e\u043d\u043d\u0438\u0439 \u043c\u0438\u043d\u0438-\u043c\u0430\u0442\u0440\u0430\u0441 \u0438\u0437 \u043a\u043e\u0441\u0442\u043d\u043e\u0439 \u0442\u043a\u0430\u043d\u0438 + \u043b\u0430\u0442\u0435\u043a\u0441<\/p>\n<p>190 x 80 x 12 \u041c\u0411\u041a<br \/>\n\u041e\u0434\u043d\u043e\u0441\u0442\u043e\u0440\u043e\u043d\u043d\u0438\u0439 \u043c\u0438\u043d\u0438-\u043c\u0430\u0442\u0440\u0430\u0441 Bonel + \u043a\u043e\u043a\u043e\u0441<\/p>","protected":false},"excerpt":{"rendered":"<p>\u041f\u043e\u0434\u0445\u043e\u0434\u044f\u0449\u0438\u0435 \u0434\u043b\u044f \u044d\u0442\u043e\u0439 \u043a\u0440\u043e\u0432\u0430\u0442\u0438 \u043c\u0430\u0442\u0440\u0430\u0441\u044b: 190 x 80 x 8 P FOAM MATTRESS 190 x 80 x 8 PL FOAM + LATEX MATTRESS 190 x 80 x 8 PK FOAM + COCONUT MATTRESS 190 x 80 x 12 B BONEL MATTRESS 190 x 80 x 12 MBL SINGLE-SIDED MINI-BONEL MATTRESS + LATEX 190 x 80 [\u2026]<\/p>","protected":false},"featured_media":113438,"comment_status":"open","ping_status":"open","template":"","meta":[],"product_brand":[],"product_cat":[9282,505,2455],"product_tag":[],"class_list":{"0":"post-113437","1":"product","2":"type-product","3":"status-publish","4":"has-post-thumbnail","6":"product_cat-wooden-beds-dolmar","7":"product_cat-bedroom-beds","8":"product_cat-dolmar","10":"first","11":"instock","12":"purchasable","13":"product-type-simple"},"_links":{"self":[{"href":"https:\/\/baldumarket.lt\/ru\/wp-json\/wp\/v2\/product\/113437","targetHints":{"allow":["GET"]}}],"collection":[{"href":"https:\/\/baldumarket.lt\/ru\/wp-json\/wp\/v2\/product"}],"about":[{"href":"https:\/\/baldumarket.lt\/ru\/wp-json\/wp\/v2\/types\/product"}],"replies":[{"embeddable":true,"href":"https:\/\/baldumarket.lt\/ru\/wp-json\/wp\/v2\/comments?post=113437"}],"wp:featuredmedia":[{"embeddable":true,"href":"https:\/\/baldumarket.lt\/ru\/wp-json\/wp\/v2\/media\/113438"}],"wp:attachment":[{"href":"https:\/\/baldumarket.lt\/ru\/wp-json\/wp\/v2\/media?parent=113437"}],"wp:term":[{"taxonomy":"product_brand","embeddable":true,"href":"https:\/\/baldumarket.lt\/ru\/wp-json\/wp\/v2\/product_brand?post=113437"},{"taxonomy":"product_cat","embeddable":true,"href":"https:\/\/baldumarket.lt\/ru\/wp-json\/wp\/v2\/product_cat?post=113437"},{"taxonomy":"product_tag","embeddable":true,"href":"https:\/\/baldumarket.lt\/ru\/wp-json\/wp\/v2\/product_tag?post=113437"}],"curies":[{"name":"WP","href":"https:\/\/api.w.org\/{rel}","templated":true}]}}