{"id":110526,"date":"2025-12-08T20:44:44","date_gmt":"2025-12-08T17:44:44","guid":{"rendered":"https:\/\/baldumarket.lt\/?post_type=product&#038;p=110526"},"modified":"2026-04-12T19:36:26","modified_gmt":"2026-04-12T16:36:26","slug":"okleina-naturalna-dab-fameg","status":"publish","type":"product","link":"https:\/\/baldumarket.lt\/ru\/product\/okleina-naturalna-dab-fameg\/","title":{"rendered":"Nat\u016bralaus \u0105\u017euolo fanera Fameg"},"content":{"rendered":"<p>\u0421\u0442\u043e\u043b\u0435\u0448\u043d\u0438\u0446\u044b \u0438\u0437 \u043d\u0430\u0442\u0443\u0440\u0430\u043b\u044c\u043d\u043e\u0433\u043e \u0434\u0443\u0431\u043e\u0432\u043e\u0433\u043e \u0448\u043f\u043e\u043d\u0430<br \/>\n\u0414\u043e\u0441\u0442\u0443\u043f\u043d\u044b\u0435 \u0442\u043e\u043b\u0449\u0438\u043d\u044b: 19 \u043c\u043c +\/- 1 \u043c\u043c, 35 \u043c\u043c +\/- 1 \u043c\u043c<\/p>","protected":false},"excerpt":{"rendered":"<p>\u0421\u0442\u043e\u043b\u0435\u0448\u043d\u0438\u0446\u044b \u0438\u0437 \u043d\u0430\u0442\u0443\u0440\u0430\u043b\u044c\u043d\u043e\u0433\u043e \u0434\u0443\u0431\u043e\u0432\u043e\u0433\u043e \u0448\u043f\u043e\u043d\u0430. \u0414\u043e\u0441\u0442\u0443\u043f\u043d\u044b\u0435 \u0442\u043e\u043b\u0449\u0438\u043d\u044b: 19 \u043c\u043c +\/- 1 \u043c\u043c, 35 \u043c\u043c +\/- 1 \u043c\u043c.<\/p>","protected":false},"featured_media":107048,"comment_status":"open","ping_status":"closed","template":"","meta":[],"product_brand":[],"product_cat":[1043,2256],"product_tag":[],"class_list":{"0":"post-110526","1":"product","2":"type-product","3":"status-publish","4":"has-post-thumbnail","6":"product_cat-extras","7":"product_cat-fameg","9":"first","10":"instock","11":"shipping-taxable","12":"product-type-grouped"},"_links":{"self":[{"href":"https:\/\/baldumarket.lt\/ru\/wp-json\/wp\/v2\/product\/110526","targetHints":{"allow":["GET"]}}],"collection":[{"href":"https:\/\/baldumarket.lt\/ru\/wp-json\/wp\/v2\/product"}],"about":[{"href":"https:\/\/baldumarket.lt\/ru\/wp-json\/wp\/v2\/types\/product"}],"replies":[{"embeddable":true,"href":"https:\/\/baldumarket.lt\/ru\/wp-json\/wp\/v2\/comments?post=110526"}],"wp:featuredmedia":[{"embeddable":true,"href":"https:\/\/baldumarket.lt\/ru\/wp-json\/wp\/v2\/media\/107048"}],"wp:attachment":[{"href":"https:\/\/baldumarket.lt\/ru\/wp-json\/wp\/v2\/media?parent=110526"}],"wp:term":[{"taxonomy":"product_brand","embeddable":true,"href":"https:\/\/baldumarket.lt\/ru\/wp-json\/wp\/v2\/product_brand?post=110526"},{"taxonomy":"product_cat","embeddable":true,"href":"https:\/\/baldumarket.lt\/ru\/wp-json\/wp\/v2\/product_cat?post=110526"},{"taxonomy":"product_tag","embeddable":true,"href":"https:\/\/baldumarket.lt\/ru\/wp-json\/wp\/v2\/product_tag?post=110526"}],"curies":[{"name":"WP","href":"https:\/\/api.w.org\/{rel}","templated":true}]}}