{"id":106323,"date":"2025-12-08T05:24:53","date_gmt":"2025-12-08T02:24:53","guid":{"rendered":"https:\/\/baldumarket.lt\/?post_type=product&#038;p=106323"},"modified":"2026-04-13T01:13:32","modified_gmt":"2026-04-12T22:13:32","slug":"lite-drewno-klejone-na-mikrowczep-dab-standard-gr-l2","status":"publish","type":"product","link":"https:\/\/baldumarket.lt\/ru\/product\/lite-drewno-klejone-na-mikrowczep-dab-standard-gr-l2\/","title":{"rendered":"\u0104\u017euolo medienos masyvas klijuotas pir\u0161t\u0173 jungtimis Standartinis Gr-L2"},"content":{"rendered":"<p>\u0421\u0442\u043e\u043b\u0435\u0448\u043d\u0438\u0446\u044b \u0438\u0437 \u043c\u0430\u0441\u0441\u0438\u0432\u0430 \u0431\u0443\u043a\u0430, \u0441\u043e\u0435\u0434\u0438\u043d\u0435\u043d\u0438\u0435 &quot;\u0448\u0438\u043f-\u043f\u0430\u0437&quot;<br \/>\n\u0414\u043e\u0441\u0442\u0443\u043f\u043d\u044b\u0435 \u0442\u043e\u043b\u0449\u0438\u043d\u044b: 27 \u043c\u043c +\/- 1 \u043c\u043c, 38 \u043c\u043c +\/- 1 \u043c\u043c<\/p>","protected":false},"excerpt":{"rendered":"<p>\u0421\u0442\u043e\u043b\u0435\u0448\u043d\u0438\u0446\u044b \u0438\u0437 \u043c\u0430\u0441\u0441\u0438\u0432\u0430 \u0431\u0443\u043a\u0430, \u0441\u043e\u0435\u0434\u0438\u043d\u0435\u043d\u0438\u0435 \u00ab\u0448\u0438\u043f-\u043f\u0430\u0437\u00bb. \u0414\u043e\u0441\u0442\u0443\u043f\u043d\u044b\u0435 \u0442\u043e\u043b\u0449\u0438\u043d\u044b: 27 \u043c\u043c +\/- 1 \u043c\u043c, 38 \u043c\u043c +\/- 1 \u043c\u043c.<\/p>","protected":false},"featured_media":106333,"comment_status":"open","ping_status":"closed","template":"","meta":[],"product_brand":[],"product_cat":[9133],"product_tag":[],"class_list":{"0":"post-106323","1":"product","2":"type-product","3":"status-publish","4":"has-post-thumbnail","6":"product_cat-grouped","8":"first","9":"instock","10":"shipping-taxable","11":"product-type-variable","12":"wvs-archive-product-wrapper"},"_links":{"self":[{"href":"https:\/\/baldumarket.lt\/ru\/wp-json\/wp\/v2\/product\/106323","targetHints":{"allow":["GET"]}}],"collection":[{"href":"https:\/\/baldumarket.lt\/ru\/wp-json\/wp\/v2\/product"}],"about":[{"href":"https:\/\/baldumarket.lt\/ru\/wp-json\/wp\/v2\/types\/product"}],"replies":[{"embeddable":true,"href":"https:\/\/baldumarket.lt\/ru\/wp-json\/wp\/v2\/comments?post=106323"}],"wp:featuredmedia":[{"embeddable":true,"href":"https:\/\/baldumarket.lt\/ru\/wp-json\/wp\/v2\/media\/106333"}],"wp:attachment":[{"href":"https:\/\/baldumarket.lt\/ru\/wp-json\/wp\/v2\/media?parent=106323"}],"wp:term":[{"taxonomy":"product_brand","embeddable":true,"href":"https:\/\/baldumarket.lt\/ru\/wp-json\/wp\/v2\/product_brand?post=106323"},{"taxonomy":"product_cat","embeddable":true,"href":"https:\/\/baldumarket.lt\/ru\/wp-json\/wp\/v2\/product_cat?post=106323"},{"taxonomy":"product_tag","embeddable":true,"href":"https:\/\/baldumarket.lt\/ru\/wp-json\/wp\/v2\/product_tag?post=106323"}],"curies":[{"name":"WP","href":"https:\/\/api.w.org\/{rel}","templated":true}]}}