{"id":257870,"date":"2026-01-12T17:02:31","date_gmt":"2026-01-12T14:02:31","guid":{"rendered":"https:\/\/baldumarket.lt\/?page_id=257870"},"modified":"2026-02-10T00:06:01","modified_gmt":"2026-02-09T21:06:01","slug":"payment","status":"publish","type":"page","link":"https:\/\/baldumarket.lt\/ru\/payment\/","title":{"rendered":"\u041e\u043f\u043b\u0430\u0442\u0430"},"content":{"rendered":"<div class=\"wpb-content-wrapper\"><div class=\"vc_row wpb_row vc_row-fluid vc-col-no-pt g5core__vc-width-1200\"><div class=\"lg-col-pd-left-right-15 wpb_column vc_column_container vc_col-sm-12 vc_col-lg-offset-1 vc_col-lg-10 vc_col-md-12\"><div class=\"vc_column-inner vc_custom_1620201097599\"><div class=\"wpb_wrapper\"><div class=\"gel-space gel-9a039ba10eeb0cd000d82a030d971208\"><\/div><div class=\"gel-heading gel-heading-style-02 text-center\">\n\t\t<h2 class=\"gel-heading-title gel-b491f81d5b4f3fe9ad1d38b244eb7532\">\n\t\t\u041e\u043f\u043b\u0430\u0442\u0430\t<\/h2>\n\t<\/div><div class=\"gel-space gel-5f208d8ca00afa151f6fb0a0615e8453\"><\/div>\n\t<div class=\"wpb_text_column wpb_content_element\" >\n\t\t<div class=\"wpb_wrapper\">\n\t\t\t<p>\u041f\u043e\u0441\u043b\u0435 \u0441\u043e\u0433\u043b\u0430\u0441\u043e\u0432\u0430\u043d\u0438\u044f \u0442\u0435\u0445\u043d\u0438\u0447\u0435\u0441\u043a\u0438\u0445 \u0445\u0430\u0440\u0430\u043a\u0442\u0435\u0440\u0438\u0441\u0442\u0438\u043a \u0432\u044b\u0431\u0440\u0430\u043d\u043d\u044b\u0445 \u0442\u043e\u0432\u0430\u0440\u043e\u0432 \u0432\u044b\u0441\u0442\u0430\u0432\u043b\u044f\u0435\u0442\u0441\u044f \u0441\u0447\u0435\u0442 \u043d\u0430 \u043e\u043f\u043b\u0430\u0442\u0443.<br \/>\n\u041e\u043f\u043b\u0430\u0442\u0443 \u043c\u043e\u0436\u043d\u043e \u043f\u0440\u043e\u0438\u0437\u0432\u0435\u0441\u0442\u0438 \u043e\u0434\u043d\u0438\u043c \u0438\u0437 \u0441\u043b\u0435\u0434\u0443\u044e\u0449\u0438\u0445 \u0441\u043f\u043e\u0441\u043e\u0431\u043e\u0432:<\/p>\n<ol>\n<li style=\"margin-left: 30px;\">\u0411\u0430\u043d\u043a\u043e\u0432\u0441\u043a\u0438\u043c \u043f\u0435\u0440\u0435\u0432\u043e\u0434\u043e\u043c \u043d\u0430 \u0431\u0430\u043d\u043a\u043e\u0432\u0441\u043a\u0438\u0439 \u0441\u0447\u0435\u0442 \u043e\u0440\u0433\u0430\u043d\u0438\u0437\u0430\u0446\u0438\u0438.<\/li>\n<li style=\"margin-left: 30px;\">\u041d\u0430\u043b\u0438\u0447\u043d\u044b\u043c\u0438 \u0438 \u043a\u0430\u0440\u0442\u043e\u0439 \u0432 \u043d\u0430\u0448\u0435\u043c \u043c\u0430\u0433\u0430\u0437\u0438\u043d\u0435 \u043f\u043e \u0430\u0434\u0440\u0435\u0441\u0443:<\/li>\n<li style=\"margin-left: 30px; list-style-type: none;\"><span class=\"p1-1bab095bc11b-span p1-1bab095bc11b-text002\">Kalvarij\u0173 g. 125, Vilnius , PC Bald\u0173 Rojus, 3 auk\u0161tas.<\/span><\/li>\n<\/ol>\n<p>\u041e\u043f\u043b\u0430\u0442\u0430 \u0437\u0430 \u043e\u0444\u043e\u0440\u043c\u043b\u0435\u043d\u043d\u044b\u0439 \u0437\u0430\u043a\u0430\u0437 \u043f\u0440\u043e\u0438\u0437\u0432\u043e\u0434\u0438\u0442\u0441\u044f \u0432 2 \u044d\u0442\u0430\u043f\u0430.<br \/>\n\u042d\u0442\u0430\u043f 1. \u041e\u043f\u043b\u0430\u0442\u0430 \u0432 \u0440\u0430\u0437\u043c\u0435\u0440\u0435 30% \u043e\u0442 \u043e\u0431\u0449\u0435\u0439 \u0441\u0443\u043c\u043c\u044b \u0437\u0430\u043a\u0430\u0437\u0430 \u043f\u0440\u0438 \u043e\u0444\u043e\u0440\u043c\u043b\u0435\u043d\u0438\u0438 \u043f\u043e\u043a\u0443\u043f\u043a\u0438 (\u043f\u0440\u0435\u0434\u043e\u043f\u043b\u0430\u0442\u0430 \u0437\u0430 \u0442\u043e\u0432\u0430\u0440).<br \/>\n\u042d\u0442\u0430\u043f 2. \u041e\u0441\u0442\u0430\u0432\u0448\u0438\u0435\u0441\u044f 70% \u043e\u0442 \u0441\u0443\u043c\u043c\u044b \u0437\u0430\u043a\u0430\u0437\u0430 \u043f\u043e\u0441\u043b\u0435 \u0443\u0432\u0435\u0434\u043e\u043c\u043b\u0435\u043d\u0438\u044f \u043e \u0433\u043e\u0442\u043e\u0432\u043d\u043e\u0441\u0442\u0438 \u0442\u043e\u0432\u0430\u0440\u0430 \u043a \u043e\u0442\u0433\u0440\u0443\u0437\u043a\u0435.<\/p>\n\n\t\t<\/div>\n\t<\/div>\n<\/div><\/div><\/div><\/div>\n<\/div>","protected":false},"excerpt":{"rendered":"\u041e\u043f\u043b\u0430\u0442\u0430 \u041f\u043e\u0441\u043b\u0435 \u0441\u043e\u0433\u043b\u0430\u0441\u043e\u0432\u0430\u043d\u0438\u044f \u0441\u043f\u0435\u0446\u0438\u0444\u0438\u043a\u0430\u0446\u0438\u0438 \u0432\u044b\u0431\u0440\u0430\u043d\u043d\u044b\u0445 \u0442\u043e\u0432\u0430\u0440\u043e\u0432 \u0432\u044b\u0441\u0442\u0430\u0432\u043b\u044f\u0435\u0442\u0441\u044f \u0441\u0447\u0435\u0442 \u043d\u0430 \u043e\u043f\u043b\u0430\u0442\u0443. \u0412\u044b \u043c\u043e\u0436\u0435\u0442\u0435 \u043e\u043f\u043b\u0430\u0442\u0438\u0442\u044c \u043e\u0434\u043d\u0438\u043c \u0438\u0437 \u0441\u043b\u0435\u0434\u0443\u044e\u0449\u0438\u0445 \u0441\u043f\u043e\u0441\u043e\u0431\u043e\u0432: \u0431\u0430\u043d\u043a\u043e\u0432\u0441\u043a\u0438\u043c \u043f\u0435\u0440\u0435\u0432\u043e\u0434\u043e\u043c \u043d\u0430 \u0431\u0430\u043d\u043a\u043e\u0432\u0441\u043a\u0438\u0439 \u0441\u0447\u0435\u0442 \u043e\u0440\u0433\u0430\u043d\u0438\u0437\u0430\u0446\u0438\u0438; \u043d\u0430\u043b\u0438\u0447\u043d\u044b\u043c\u0438 \u0438 \u043a\u0430\u0440\u0442\u043e\u0439 \u0432 \u043d\u0430\u0448\u0435\u043c \u043c\u0430\u0433\u0430\u0437\u0438\u043d\u0435 \u043f\u043e \u0430\u0434\u0440\u0435\u0441\u0443: Kalvarij\u0173 g. 125, Vilnius, PC Bald\u0173 Rojus, 3 auk\u0161tas. \u041e\u043f\u043b\u0430\u0442\u0430 \u0437\u0430 [...]","protected":false},"author":1,"featured_media":0,"parent":0,"menu_order":0,"comment_status":"closed","ping_status":"closed","template":"","meta":{"footnotes":""},"class_list":["post-257870","page","type-page","status-publish","hentry"],"_links":{"self":[{"href":"https:\/\/baldumarket.lt\/ru\/wp-json\/wp\/v2\/pages\/257870","targetHints":{"allow":["GET"]}}],"collection":[{"href":"https:\/\/baldumarket.lt\/ru\/wp-json\/wp\/v2\/pages"}],"about":[{"href":"https:\/\/baldumarket.lt\/ru\/wp-json\/wp\/v2\/types\/page"}],"author":[{"embeddable":true,"href":"https:\/\/baldumarket.lt\/ru\/wp-json\/wp\/v2\/users\/1"}],"replies":[{"embeddable":true,"href":"https:\/\/baldumarket.lt\/ru\/wp-json\/wp\/v2\/comments?post=257870"}],"version-history":[{"count":6,"href":"https:\/\/baldumarket.lt\/ru\/wp-json\/wp\/v2\/pages\/257870\/revisions"}],"predecessor-version":[{"id":330692,"href":"https:\/\/baldumarket.lt\/ru\/wp-json\/wp\/v2\/pages\/257870\/revisions\/330692"}],"wp:attachment":[{"href":"https:\/\/baldumarket.lt\/ru\/wp-json\/wp\/v2\/media?parent=257870"}],"curies":[{"name":"WP","href":"https:\/\/api.w.org\/{rel}","templated":true}]}}