{"id":9969,"date":"2025-11-14T04:59:07","date_gmt":"2025-11-14T01:59:07","guid":{"rendered":"https:\/\/baldumarket.lt\/product\/loze-mist-180x200\/"},"modified":"2026-03-24T17:52:41","modified_gmt":"2026-03-24T14:52:41","slug":"loze-mist-180x200","status":"publish","type":"product","link":"https:\/\/baldumarket.lt\/lt\/product\/loze-mist-180x200\/","title":{"rendered":"R\u016bko lova 180\u00d7200"},"content":{"rendered":"<p>Lova \u201eMist\u201c derina modern\u0173 dizain\u0105 su \u017eavingu stiliumi, suteikdama elegancijos bet kuriam miegamajam. Galv\u016bgalis u\u017epildytas mink\u0161tu putplas\u010diu, aptrauktu auk\u0161tos kokyb\u0117s apmu\u0161alais. Dygsniuotas audinys, puo\u0161iantis \u201eMist\u201c lov\u0105, suteikia jai stiliaus ir charakterio, kartu suteikdamas modernumo. Lova yra trij\u0173 miegojimo plo\u010di\u0173: 140, 160 ir 180 x 200 centimetr\u0173. Tai leid\u017eia lengvai pritaikyti lov\u0105 prie j\u016bs\u0173 nam\u0173 s\u0105lyg\u0173. Juodos plienin\u0117s kojel\u0117s, kuri\u0173 ilgis siekia net 13,5 centimetro, suteikia lovai \u201esklandymo\u201c \u012fsp\u016bd\u012f, dar labiau vizualiai padidindamos kambar\u012f, kuriame yra \u201eMist\u201c lova. Be to, lovoje yra patalyn\u0117s laikymo skyrius \u2013 puikus sprendimas ma\u017eoms erdv\u0117ms ir padeda palaikyti tvark\u0105 miegamajame.<\/p>","protected":false},"excerpt":{"rendered":"<p>\u201eMist\u201c lova derina modern\u0173 dizain\u0105 su \u017eavingu stiliumi, suteikdama elegancijos bet kuriam miegamajam. Galv\u016bgalis u\u017epildytas mink\u0161tu putplas\u010diu, aptrauktu auk\u0161tos kokyb\u0117s apmu\u0161alais. Dygsniuotas audinys, puo\u0161iantis \u201eMist\u201c lov\u0105, suteikia jai stiliaus ir charakterio, kartu suteikdamas modernumo. Lova yra trij\u0173 miegojimo plo\u010di\u0173: 140, [\u2026]<\/p>","protected":false},"featured_media":9966,"comment_status":"open","ping_status":"open","template":"","meta":[],"product_brand":[],"product_cat":[505,1972,2012],"product_tag":[],"class_list":{"0":"post-9969","1":"product","2":"type-product","3":"status-publish","4":"has-post-thumbnail","6":"product_cat-bedroom-beds","7":"product_cat-beds-180x200","8":"product_cat-eltap","9":"pa_frame-material-wood","10":"pa_frame-material-type-pine","11":"pa_leg-color-black","12":"pa_leg-material-steel","13":"pa_linen-box-yes","14":"pa_main-color-dark-brown","15":"pa_main-color-beige","16":"pa_main-color-black","17":"pa_main-color-blue","18":"pa_main-color-dark-blue","19":"pa_main-color-dark-gray","20":"pa_main-color-dark-green","21":"pa_main-color-dark-purple","22":"pa_main-color-gray","23":"pa_main-color-green","24":"pa_main-color-light-brown","25":"pa_main-color-pink","26":"pa_main-color-red","27":"pa_main-color-yellow","28":"pa_price-group-prestige","29":"pa_price-group-classic","30":"pa_price-group-premium","31":"pa_price-group-special","32":"pa_price-group-standard","33":"pa_seat-depth-495","34":"pa_seat-width-494","35":"pa_seat-width-515","36":"pa_sleep-function-yes","37":"pa_sleeping-area-length-498","38":"pa_sleeping-area-width-497","39":"pa_sleeping-area-width-516","40":"pa_style-modern","41":"pa_textile-flores-10","42":"pa_textile-flores-22","43":"pa_textile-flores-4","44":"pa_textile-gojo-101","45":"pa_textile-gojo-4","46":"pa_textile-gojo-40","47":"pa_textile-gojo-5","48":"pa_textile-loco-06","49":"pa_textile-loco-10","50":"pa_textile-loco-24","51":"pa_textile-loco-25","52":"pa_textile-loco-33","53":"pa_textile-loco-35","54":"pa_textile-loco-4","55":"pa_textile-loco-40","56":"pa_textile-loco-45","57":"pa_textile-loco-5","58":"pa_textile-lukso-24","59":"pa_textile-lukso-35","60":"pa_textile-lukso-40","61":"pa_textile-monolith-76","62":"pa_textile-monolith-79","63":"pa_textile-nube-20","64":"pa_textile-nube-22","65":"pa_textile-nube-24","66":"pa_textile-nube-3","67":"pa_textile-nube-33","68":"pa_textile-nube-35","69":"pa_textile-nube-4","70":"pa_textile-nube-40","71":"pa_textile-nube-45","72":"pa_textile-nube-5","73":"pa_textile-nube-6","74":"pa_textile-poco-100","75":"pa_textile-poco-4","76":"pa_textile-poco-40","77":"pa_textile-poco-50","78":"pa_textile-poco-7","79":"pa_textile-riviera-97","80":"pa_textile-savoi-38","81":"pa_textile-savoi-6","82":"pa_textile-savoi-7","83":"pa_textile-sola-18","84":"pa_textile-sola-4","85":"pa_textile-sola-6","86":"pa_textile-solar-80","87":"pa_textile-velvetmat-10","88":"pa_textile-velvetmat-100","89":"pa_textile-velvetmat-22","90":"pa_textile-velvetmat-24","91":"pa_textile-velvetmat-25","92":"pa_textile-velvetmat-38","93":"pa_textile-velvetmat-4","94":"pa_textile-velvetmat-40","95":"pa_textile-velvetmat-6","96":"pa_textile-vero-10","97":"pa_textile-vero-18","98":"pa_textile-vero-4","99":"pa_textile-vero-5","100":"pa_upholstery-material-polyester","102":"first","103":"instock","104":"purchasable","105":"product-type-variable","106":"wvs-archive-product-wrapper"},"_links":{"self":[{"href":"https:\/\/baldumarket.lt\/lt\/wp-json\/wp\/v2\/product\/9969","targetHints":{"allow":["GET"]}}],"collection":[{"href":"https:\/\/baldumarket.lt\/lt\/wp-json\/wp\/v2\/product"}],"about":[{"href":"https:\/\/baldumarket.lt\/lt\/wp-json\/wp\/v2\/types\/product"}],"replies":[{"embeddable":true,"href":"https:\/\/baldumarket.lt\/lt\/wp-json\/wp\/v2\/comments?post=9969"}],"wp:featuredmedia":[{"embeddable":true,"href":"https:\/\/baldumarket.lt\/lt\/wp-json\/wp\/v2\/media\/9966"}],"wp:attachment":[{"href":"https:\/\/baldumarket.lt\/lt\/wp-json\/wp\/v2\/media?parent=9969"}],"wp:term":[{"taxonomy":"product_brand","embeddable":true,"href":"https:\/\/baldumarket.lt\/lt\/wp-json\/wp\/v2\/product_brand?post=9969"},{"taxonomy":"product_cat","embeddable":true,"href":"https:\/\/baldumarket.lt\/lt\/wp-json\/wp\/v2\/product_cat?post=9969"},{"taxonomy":"product_tag","embeddable":true,"href":"https:\/\/baldumarket.lt\/lt\/wp-json\/wp\/v2\/product_tag?post=9969"}],"curies":[{"name":"wp","href":"https:\/\/api.w.org\/{rel}","templated":true}]}}