{"id":9867,"date":"2025-11-14T04:55:22","date_gmt":"2025-11-14T01:55:22","guid":{"rendered":"https:\/\/baldumarket.lt\/product\/loze-lamica-90x200-stelaz-drew-pod-stand-kontener\/"},"modified":"2026-03-24T17:54:41","modified_gmt":"2026-03-24T14:54:41","slug":"loze-lamica-90x200-stelaz-drew-pod-stand-kontener","status":"publish","type":"product","link":"https:\/\/baldumarket.lt\/lt\/product\/loze-lamica-90x200-stelaz-drew-pod-stand-kontener\/","title":{"rendered":"Lamica lova 90\u00d7200 + medinis r\u0117mas\/stovas\/konteineris"},"content":{"rendered":"<p>\u201eLamica\u201c \u2013 tai labai patogi, mink\u0161ta ir unikali, \u017eavinga lova, kuri \u017eavi savo unikalia forma ir i\u0161vaizda. \u0160\u012f bald\u0105 sudaro r\u0117mas ir medinis r\u0117mas. Joje taip pat yra patalyn\u0117s skyrius. 90 \u00d7 200 cm miegamasis pavir\u0161ius suteikia daug vietos poilsiui. M\u016bs\u0173 lova i\u0161siskiria savo meistri\u0161kumu \u2013 auk\u0161tu galv\u016bgaliu ir \u0161onais, pagamintais i\u0161 papildomo putplas\u010dio. Estetin\u012f poj\u016bt\u012f sustiprina ilgas, gausus dygsniavimas. Platus spalv\u0173 pasirinkimas leid\u017eia lengvai priderinti lov\u0105 prie likusios kambario dalies. Papildomas privalumas \u2013 galv\u016bgalis su LED ap\u0161vietimu, kuris suteikia dar daugiau malonumo poilsiui. \u0160iuo atveju modernumas ir modernistin\u0117 apdaila dera su elegancija, tod\u0117l \u201eLamica\u201c visada yra idealus pasirinkimas. J\u0105 tikrai verta \u012fsigyti.<\/p>","protected":false},"excerpt":{"rendered":"<p>\u201eLamica\u201c \u2013 tai labai patogi, mink\u0161ta ir unikali, \u017eavinga lova, kuri \u017eavi savo unikalia forma ir i\u0161vaizda. \u0160\u012f bald\u0105 sudaro r\u0117mas ir medinis r\u0117mas. Joje taip pat yra patalyn\u0117s skyrius. 90 \u00d7 200 cm miegojimo pavir\u0161ius suteikia daug vietos poilsiui. M\u016bs\u0173 lova i\u0161siskiria savo meistri\u0161kumu, [\u2026]<\/p>","protected":false},"featured_media":9868,"comment_status":"open","ping_status":"open","template":"","meta":[],"product_brand":[],"product_cat":[505,1968,2012],"product_tag":[],"class_list":{"0":"post-9867","1":"product","2":"type-product","3":"status-publish","4":"has-post-thumbnail","6":"product_cat-bedroom-beds","7":"product_cat-beds-90x200","8":"product_cat-eltap","9":"pa_frame-material-wood","10":"pa_frame-material-type-pine","11":"pa_leg-color-black","12":"pa_leg-material-plastic","13":"pa_linen-box-yes","14":"pa_main-color-dark-brown","15":"pa_main-color-dark-blue","16":"pa_main-color-dark-gray","17":"pa_main-color-dark-green","18":"pa_main-color-gray","19":"pa_main-color-light-brown","20":"pa_main-color-pink","21":"pa_main-color-yellow","22":"pa_price-group-prestige","23":"pa_seat-depth-495","24":"pa_seat-width-647","25":"pa_sleep-function-yes","26":"pa_sleeping-area-length-498","27":"pa_sleeping-area-width-648","28":"pa_style-undefined","29":"pa_textile-nube-20","30":"pa_textile-nube-22","31":"pa_textile-nube-24","32":"pa_textile-nube-3","33":"pa_textile-nube-35","34":"pa_textile-nube-4","35":"pa_textile-nube-40","36":"pa_textile-nube-45","37":"pa_textile-nube-6","38":"pa_upholstery-material-polyester","40":"first","41":"instock","42":"purchasable","43":"product-type-variable","44":"wvs-archive-product-wrapper"},"_links":{"self":[{"href":"https:\/\/baldumarket.lt\/lt\/wp-json\/wp\/v2\/product\/9867","targetHints":{"allow":["GET"]}}],"collection":[{"href":"https:\/\/baldumarket.lt\/lt\/wp-json\/wp\/v2\/product"}],"about":[{"href":"https:\/\/baldumarket.lt\/lt\/wp-json\/wp\/v2\/types\/product"}],"replies":[{"embeddable":true,"href":"https:\/\/baldumarket.lt\/lt\/wp-json\/wp\/v2\/comments?post=9867"}],"wp:featuredmedia":[{"embeddable":true,"href":"https:\/\/baldumarket.lt\/lt\/wp-json\/wp\/v2\/media\/9868"}],"wp:attachment":[{"href":"https:\/\/baldumarket.lt\/lt\/wp-json\/wp\/v2\/media?parent=9867"}],"wp:term":[{"taxonomy":"product_brand","embeddable":true,"href":"https:\/\/baldumarket.lt\/lt\/wp-json\/wp\/v2\/product_brand?post=9867"},{"taxonomy":"product_cat","embeddable":true,"href":"https:\/\/baldumarket.lt\/lt\/wp-json\/wp\/v2\/product_cat?post=9867"},{"taxonomy":"product_tag","embeddable":true,"href":"https:\/\/baldumarket.lt\/lt\/wp-json\/wp\/v2\/product_tag?post=9867"}],"curies":[{"name":"wp","href":"https:\/\/api.w.org\/{rel}","templated":true}]}}