{"id":97792,"date":"2025-12-05T16:32:01","date_gmt":"2025-12-05T13:32:01","guid":{"rendered":"https:\/\/baldumarket.lt\/product\/vilavio-07-dab-windmill-dark-cashmere-szafka-nocna-1dl-p\/"},"modified":"2026-02-03T23:53:31","modified_gmt":"2026-02-03T20:53:31","slug":"vilavio-07-dab-windmill-dark-cashmere-szafka-nocna-1dl-p","status":"publish","type":"product","link":"https:\/\/baldumarket.lt\/lt\/product\/vilavio-07-dab-windmill-dark-cashmere-szafka-nocna-1dl-p\/","title":{"rendered":"Vilavio 07 tamsaus v\u0117jo mal\u016bno \u0105\u017euolo \/ ka\u0161myro spalvos naktinis staliukas 1DL\/P"},"content":{"rendered":"<p>\u201eVilavio 07\u201c naktinis staliukas yra b\u016btinas j\u016bs\u0173 lovos baldas. D\u0117l tinkamo auk\u0161\u010dio stalvir\u0161io visada tur\u0117site visk\u0105, ko jums reikia, po ranka. Atvira lentyna puikiai tinka laikra\u0161\u010diams ar knygoms laikyti. Apatin\u0117je spintel\u0117s dalyje yra erdvi, u\u017erakinama ni\u0161a. Rinkit\u0117s \u201eVilavio\u201c naktin\u012f staliuk\u0105 ir palaikykite tvark\u0105 savo viduje.<br \/>\n\u2022 Apvali forma.<br \/>\n\u2022 Eleganti\u0161ka apdaila.<br \/>\n\u2022 \u0160velniai u\u017esidarantys vyriai.<\/p>","protected":false},"excerpt":{"rendered":"<p>\u201eVilavio 07\u201c naktinis staliukas yra b\u016btinas j\u016bs\u0173 lovos baldas. D\u0117l tinkamo auk\u0161\u010dio stalvir\u0161io visada tur\u0117site visk\u0105, ko jums reikia, po ranka. Atvira lentyna puikiai tinka laikra\u0161\u010diams ar knygoms laikyti. Apatin\u0117je spintel\u0117s dalyje yra erdvi, u\u017erakinama ni\u0161a. Pasirinkite \u201eVilavio\u201c naktin\u012f staliuk\u0105 ir [\u2026]<\/p>","protected":false},"featured_media":97793,"comment_status":"open","ping_status":"open","template":"","meta":[],"product_brand":[],"product_cat":[1176,2255,9211],"product_tag":[],"class_list":{"0":"post-97792","1":"product","2":"type-product","3":"status-publish","4":"has-post-thumbnail","6":"product_cat-bedside-tables","7":"product_cat-ml-meble","8":"product_cat-furniture-system-vilavio-ml-meble","10":"first","11":"instock","12":"purchasable","13":"product-type-simple"},"_links":{"self":[{"href":"https:\/\/baldumarket.lt\/lt\/wp-json\/wp\/v2\/product\/97792","targetHints":{"allow":["GET"]}}],"collection":[{"href":"https:\/\/baldumarket.lt\/lt\/wp-json\/wp\/v2\/product"}],"about":[{"href":"https:\/\/baldumarket.lt\/lt\/wp-json\/wp\/v2\/types\/product"}],"replies":[{"embeddable":true,"href":"https:\/\/baldumarket.lt\/lt\/wp-json\/wp\/v2\/comments?post=97792"}],"wp:featuredmedia":[{"embeddable":true,"href":"https:\/\/baldumarket.lt\/lt\/wp-json\/wp\/v2\/media\/97793"}],"wp:attachment":[{"href":"https:\/\/baldumarket.lt\/lt\/wp-json\/wp\/v2\/media?parent=97792"}],"wp:term":[{"taxonomy":"product_brand","embeddable":true,"href":"https:\/\/baldumarket.lt\/lt\/wp-json\/wp\/v2\/product_brand?post=97792"},{"taxonomy":"product_cat","embeddable":true,"href":"https:\/\/baldumarket.lt\/lt\/wp-json\/wp\/v2\/product_cat?post=97792"},{"taxonomy":"product_tag","embeddable":true,"href":"https:\/\/baldumarket.lt\/lt\/wp-json\/wp\/v2\/product_tag?post=97792"}],"curies":[{"name":"wp","href":"https:\/\/api.w.org\/{rel}","templated":true}]}}