{"id":97763,"date":"2025-12-05T16:31:31","date_gmt":"2025-12-05T13:31:31","guid":{"rendered":"https:\/\/baldumarket.lt\/product\/voco-05-dab-cremona-terracotta-cashmere-szafka-1k\/"},"modified":"2026-02-03T23:53:31","modified_gmt":"2026-02-03T20:53:31","slug":"voco-05-dab-cremona-terracotta-cashmere-szafka-1k","status":"publish","type":"product","link":"https:\/\/baldumarket.lt\/lt\/product\/voco-05-dab-cremona-terracotta-cashmere-szafka-1k\/","title":{"rendered":"Voco 05 Cremona \u0105\u017euolo terakotos \/ ka\u0161myro \u2013 1K spintel\u0117"},"content":{"rendered":"<p>Bat\u0173 spintel\u0117 \u201eVoco 05\u201c \u2013 puikus sprendimas bet kokiam prie\u0161kambariui. Spintel\u0117s centre yra dvi pla\u010dios \u012fdubos batams laikyti. Spintel\u0117 atsidaro i\u0161 vir\u0161aus. Dangtis apr\u016bpintas moderniu dujiniu liftu, kuris \u017eymiai padidina kasdienio naudojimo patogum\u0105. Spintel\u0117 taip pat tarnauja kaip s\u0117dyn\u0117. Mink\u0161tas, apmu\u0161tas stalvir\u0161is leid\u017eia patogiai s\u0117d\u0117ti ir lengvai apsiauti bei nusiauti batus. Be to, lengvas, aksominis audinys suteikia interjerui elegancijos. Po s\u0117dyne yra pasl\u0117pta daiktad\u0117\u017e\u0117, tod\u0117l tai puiki vieta bat\u0173 aksesuarams ir kitiems daiktams.<br \/>\n\u2022 Labai funkcionalus.<br \/>\n\u2022 Patvarios metalin\u0117s kojel\u0117s, kad b\u016bt\u0173 lengva valyti.<br \/>\n\u2022 Dujiniai keltuvai.<br \/>\n\u2022 Pasl\u0117pta saugykla.<br \/>\n\u2022 Platus \u012frengini\u0173 asortimentas i\u0161 visos \u201eVoco\u201c kolekcijos.<\/p>","protected":false},"excerpt":{"rendered":"<p>Bat\u0173 spintel\u0117 \u201eVoco 05\u201c \u2013 puikus sprendimas bet kokiam prie\u0161kambariui. Spintel\u0117s centre yra dvi pla\u010dios \u012fdubos batams laikyti. Spintel\u0117 atsidaro i\u0161 vir\u0161aus. Dangtis apr\u016bpintas moderniu dujiniu liftu, kuris \u017eymiai padidina kasdienio naudojimo patogum\u0105. Spintel\u0117 taip pat tarnauja kaip s\u0117dyn\u0117. [\u2026]<\/p>","protected":false},"featured_media":97764,"comment_status":"open","ping_status":"open","template":"","meta":[],"product_brand":[],"product_cat":[9238,9120,2255],"product_tag":[],"class_list":{"0":"post-97763","1":"product","2":"type-product","3":"status-publish","4":"has-post-thumbnail","6":"product_cat-furniture-system-voco-ml-meble","7":"product_cat-cabinets","8":"product_cat-ml-meble","10":"first","11":"instock","12":"purchasable","13":"product-type-simple"},"_links":{"self":[{"href":"https:\/\/baldumarket.lt\/lt\/wp-json\/wp\/v2\/product\/97763","targetHints":{"allow":["GET"]}}],"collection":[{"href":"https:\/\/baldumarket.lt\/lt\/wp-json\/wp\/v2\/product"}],"about":[{"href":"https:\/\/baldumarket.lt\/lt\/wp-json\/wp\/v2\/types\/product"}],"replies":[{"embeddable":true,"href":"https:\/\/baldumarket.lt\/lt\/wp-json\/wp\/v2\/comments?post=97763"}],"wp:featuredmedia":[{"embeddable":true,"href":"https:\/\/baldumarket.lt\/lt\/wp-json\/wp\/v2\/media\/97764"}],"wp:attachment":[{"href":"https:\/\/baldumarket.lt\/lt\/wp-json\/wp\/v2\/media?parent=97763"}],"wp:term":[{"taxonomy":"product_brand","embeddable":true,"href":"https:\/\/baldumarket.lt\/lt\/wp-json\/wp\/v2\/product_brand?post=97763"},{"taxonomy":"product_cat","embeddable":true,"href":"https:\/\/baldumarket.lt\/lt\/wp-json\/wp\/v2\/product_cat?post=97763"},{"taxonomy":"product_tag","embeddable":true,"href":"https:\/\/baldumarket.lt\/lt\/wp-json\/wp\/v2\/product_tag?post=97763"}],"curies":[{"name":"wp","href":"https:\/\/api.w.org\/{rel}","templated":true}]}}