{"id":97743,"date":"2025-12-05T16:31:07","date_gmt":"2025-12-05T13:31:07","guid":{"rendered":"https:\/\/baldumarket.lt\/product\/voco-03-dab-cremona-terracotta-cashmere-szafka-2d1s\/"},"modified":"2026-02-03T23:53:31","modified_gmt":"2026-02-03T20:53:31","slug":"voco-03-dab-cremona-terracotta-cashmere-szafka-2d1s","status":"publish","type":"product","link":"https:\/\/baldumarket.lt\/lt\/product\/voco-03-dab-cremona-terracotta-cashmere-szafka-2d1s\/","title":{"rendered":"Voco 03 Cremona \u0105\u017euolo terakota \/ ka\u0161myras \u2013 2D1S spintel\u0117"},"content":{"rendered":"<p>Bat\u0173 spintel\u0117 \u201eVoco 03\u201c \u2013 puikus sprendimas bet kokiam prie\u0161kambariui. Joje yra penki rakinami skyriai batams laikyti. Spintel\u0117 u\u017esidaro klasikin\u0117mis dvigubomis durel\u0117mis. Ma\u017eas stal\u010dius vir\u0161uje puikiai tinka laikyti tokius daiktus kaip automobilio raktai ar bat\u0173 aksesuarai. \u017demesnis stalvir\u0161is yra stilingas ir prakti\u0161kas \u2013 raktai ar dokumentai niekada nenukris u\u017e komodos. Apatin\u0117je dalyje yra plati, atvira lentyna, leid\u017eianti lengvai laikyti kasdienius batus ir i\u0161laikyti tvark\u0105.<br \/>\n\u2022 Labai funkcionalus.<br \/>\n\u2022 Patvarios metalin\u0117s kojel\u0117s, kad b\u016bt\u0173 lengva valyti.<br \/>\n\u2022 \u0160velniai u\u017esidarantys vyriai.<br \/>\n\u2022 Pilnai i\u0161traukiamas stal\u010dius.<br \/>\n\u2022 Platus \u012frengini\u0173 asortimentas i\u0161 visos \u201eVoco\u201c kolekcijos.<\/p>","protected":false},"excerpt":{"rendered":"<p>\u201eVoco 03\u201c bat\u0173 spintel\u0117 \u2013 puikus sprendimas bet kokiam prie\u0161kambariui. Joje yra penki u\u017erakinami skyriai batams laikyti. Spintel\u0117 u\u017esidaro klasikin\u0117mis dvigubomis durel\u0117mis. Ma\u017eas stal\u010dius vir\u0161uje puikiai tinka laikyti tokius daiktus kaip automobilio raktai ar bat\u0173 aksesuarai. \u017demesnis stal\u010dius yra ir stilingas, ir prakti\u0161kas \u2013 raktai [\u2026]<\/p>","protected":false},"featured_media":97744,"comment_status":"open","ping_status":"open","template":"","meta":[],"product_brand":[],"product_cat":[9238,9120,2255],"product_tag":[],"class_list":{"0":"post-97743","1":"product","2":"type-product","3":"status-publish","4":"has-post-thumbnail","6":"product_cat-furniture-system-voco-ml-meble","7":"product_cat-cabinets","8":"product_cat-ml-meble","10":"first","11":"instock","12":"purchasable","13":"product-type-simple"},"_links":{"self":[{"href":"https:\/\/baldumarket.lt\/lt\/wp-json\/wp\/v2\/product\/97743","targetHints":{"allow":["GET"]}}],"collection":[{"href":"https:\/\/baldumarket.lt\/lt\/wp-json\/wp\/v2\/product"}],"about":[{"href":"https:\/\/baldumarket.lt\/lt\/wp-json\/wp\/v2\/types\/product"}],"replies":[{"embeddable":true,"href":"https:\/\/baldumarket.lt\/lt\/wp-json\/wp\/v2\/comments?post=97743"}],"wp:featuredmedia":[{"embeddable":true,"href":"https:\/\/baldumarket.lt\/lt\/wp-json\/wp\/v2\/media\/97744"}],"wp:attachment":[{"href":"https:\/\/baldumarket.lt\/lt\/wp-json\/wp\/v2\/media?parent=97743"}],"wp:term":[{"taxonomy":"product_brand","embeddable":true,"href":"https:\/\/baldumarket.lt\/lt\/wp-json\/wp\/v2\/product_brand?post=97743"},{"taxonomy":"product_cat","embeddable":true,"href":"https:\/\/baldumarket.lt\/lt\/wp-json\/wp\/v2\/product_cat?post=97743"},{"taxonomy":"product_tag","embeddable":true,"href":"https:\/\/baldumarket.lt\/lt\/wp-json\/wp\/v2\/product_tag?post=97743"}],"curies":[{"name":"wp","href":"https:\/\/api.w.org\/{rel}","templated":true}]}}