{"id":97738,"date":"2025-12-05T16:30:59","date_gmt":"2025-12-05T13:30:59","guid":{"rendered":"https:\/\/baldumarket.lt\/product\/voco-09-cashmere-lustro\/"},"modified":"2026-02-03T23:53:31","modified_gmt":"2026-02-03T20:53:31","slug":"voco-09-cashmere-lustro","status":"publish","type":"product","link":"https:\/\/baldumarket.lt\/lt\/product\/voco-09-cashmere-lustro\/","title":{"rendered":"\u201eVoco 09\u201c ka\u0161myras \u2013 veidrodis"},"content":{"rendered":"<p>\u201eVoco 09\u201c veidrodis puikiai dera prie bet kokio interjero. Jis puikiai tinka vir\u0161 komodos ar bat\u0173 spintel\u0117s koridoriuje. D\u0117l kompakti\u0161k\u0173 matmen\u0173 veidrodis tinka daugumai kambari\u0173, tod\u0117l galite ap\u017ei\u016br\u0117ti savo i\u0161vaizd\u0105 dar nei\u0161eidami i\u0161 nam\u0173. Jis puikiai dera su \u201eVoco\u201c bat\u0173 spintel\u0117mis.<br \/>\n\u2022 Labai funkcionalus.<br \/>\n\u2022 Lengvas surinkimas.<br \/>\n\u2022 Platus form\u0173 pasirinkimas visoje \u201eVoco\u201c kolekcijoje.<\/p>","protected":false},"excerpt":{"rendered":"<p>\u201eVoco 09\u201c veidrodis puikiai dera prie bet kokio interjero. Jis puikiai tinka vir\u0161 komodos ar bat\u0173 spintel\u0117s koridoriuje. D\u0117l kompakti\u0161k\u0173 veidrod\u017eio matmen\u0173 jis tinka daugumai kambari\u0173, tod\u0117l galite ap\u017ei\u016br\u0117ti savo i\u0161vaizd\u0105 dar nei\u0161eidami i\u0161 nam\u0173. Jis puikiai dera su \u201eVoco\u201c bat\u0173 spintel\u0117mis. \u2022 Labai funkcionalus. \u2022 Lengvas surinkimas. [\u2026]<\/p>","protected":false},"featured_media":97739,"comment_status":"open","ping_status":"open","template":"","meta":[],"product_brand":[],"product_cat":[9238,1108,2255],"product_tag":[],"class_list":{"0":"post-97738","1":"product","2":"type-product","3":"status-publish","4":"has-post-thumbnail","6":"product_cat-furniture-system-voco-ml-meble","7":"product_cat-mirrors","8":"product_cat-ml-meble","10":"first","11":"instock","12":"purchasable","13":"product-type-simple"},"_links":{"self":[{"href":"https:\/\/baldumarket.lt\/lt\/wp-json\/wp\/v2\/product\/97738","targetHints":{"allow":["GET"]}}],"collection":[{"href":"https:\/\/baldumarket.lt\/lt\/wp-json\/wp\/v2\/product"}],"about":[{"href":"https:\/\/baldumarket.lt\/lt\/wp-json\/wp\/v2\/types\/product"}],"replies":[{"embeddable":true,"href":"https:\/\/baldumarket.lt\/lt\/wp-json\/wp\/v2\/comments?post=97738"}],"wp:featuredmedia":[{"embeddable":true,"href":"https:\/\/baldumarket.lt\/lt\/wp-json\/wp\/v2\/media\/97739"}],"wp:attachment":[{"href":"https:\/\/baldumarket.lt\/lt\/wp-json\/wp\/v2\/media?parent=97738"}],"wp:term":[{"taxonomy":"product_brand","embeddable":true,"href":"https:\/\/baldumarket.lt\/lt\/wp-json\/wp\/v2\/product_brand?post=97738"},{"taxonomy":"product_cat","embeddable":true,"href":"https:\/\/baldumarket.lt\/lt\/wp-json\/wp\/v2\/product_cat?post=97738"},{"taxonomy":"product_tag","embeddable":true,"href":"https:\/\/baldumarket.lt\/lt\/wp-json\/wp\/v2\/product_tag?post=97738"}],"curies":[{"name":"wp","href":"https:\/\/api.w.org\/{rel}","templated":true}]}}