{"id":97726,"date":"2025-12-05T16:30:45","date_gmt":"2025-12-05T13:30:45","guid":{"rendered":"https:\/\/baldumarket.lt\/product\/voco-07-cashmere-wieszak-tapicerowany\/"},"modified":"2026-02-03T23:53:31","modified_gmt":"2026-02-03T20:53:31","slug":"voco-07-cashmere-wieszak-tapicerowany","status":"publish","type":"product","link":"https:\/\/baldumarket.lt\/lt\/product\/voco-07-cashmere-wieszak-tapicerowany\/","title":{"rendered":"\u201eVoco 07\u201c ka\u0161myro \u2013 apmu\u0161tas pakabukas"},"content":{"rendered":"<p>\u201eVoco 07\u201c palt\u0173 kabykla yra b\u016btinas prie\u0161kambario baldas. D\u0117l paprasto dizaino ji puikiai papildo bet kok\u012f interjer\u0105. J\u0105 sudaro a\u0161tuoni patvar\u016bs kabliukai vir\u0161utiniams drabu\u017eiams. \u0160io tipo palt\u0173 kabykla u\u017etikrina greit\u0105 ir lengv\u0105 prieig\u0105 prie reikiam\u0173 drabu\u017ei\u0173. Apatin\u0117 kabyklos dalis yra mink\u0161ta, aptraukta, tod\u0117l ji tarnauja kaip patogi atrama. Aksominis audinys suteikia interjerui \u0161ilumos ir elegancijos poj\u016bt\u012f. Palt\u0173 kabykla puikiai dera su \u201eVoco\u201c bat\u0173 spintel\u0117mis.<br \/>\n\u2022 Labai funkcionalus.<br \/>\n\u2022 Ergonomi\u0161ki kabliukai.<br \/>\n\u2022 Patvarus apmu\u0161alas.<br \/>\n\u2022 Platus stili\u0173 pasirinkimas visoje \u201eVoco\u201c kolekcijoje.<\/p>","protected":false},"excerpt":{"rendered":"<p>\u201eVoco 07\u201c kabykla paltams yra b\u016btinas prie\u0161kambario baldas. D\u0117l paprasto dizaino ji puikiai dera prie bet kokio interjero. J\u0105 sudaro a\u0161tuoni patvar\u016bs kabliukai vir\u0161utiniams drabu\u017eiams. \u0160io tipo kabykla u\u017etikrina greit\u0105 ir lengv\u0105 prieig\u0105 prie reikiam\u0173 drabu\u017ei\u0173. Apatin\u0117 kabyklos dalis yra mink\u0161ta, [\u2026]<\/p>","protected":false},"featured_media":97727,"comment_status":"open","ping_status":"open","template":"","meta":[],"product_brand":[],"product_cat":[9238,1931,2255],"product_tag":[],"class_list":{"0":"post-97726","1":"product","2":"type-product","3":"status-publish","4":"has-post-thumbnail","6":"product_cat-furniture-system-voco-ml-meble","7":"product_cat-hangers","8":"product_cat-ml-meble","10":"first","11":"instock","12":"purchasable","13":"product-type-simple"},"_links":{"self":[{"href":"https:\/\/baldumarket.lt\/lt\/wp-json\/wp\/v2\/product\/97726","targetHints":{"allow":["GET"]}}],"collection":[{"href":"https:\/\/baldumarket.lt\/lt\/wp-json\/wp\/v2\/product"}],"about":[{"href":"https:\/\/baldumarket.lt\/lt\/wp-json\/wp\/v2\/types\/product"}],"replies":[{"embeddable":true,"href":"https:\/\/baldumarket.lt\/lt\/wp-json\/wp\/v2\/comments?post=97726"}],"wp:featuredmedia":[{"embeddable":true,"href":"https:\/\/baldumarket.lt\/lt\/wp-json\/wp\/v2\/media\/97727"}],"wp:attachment":[{"href":"https:\/\/baldumarket.lt\/lt\/wp-json\/wp\/v2\/media?parent=97726"}],"wp:term":[{"taxonomy":"product_brand","embeddable":true,"href":"https:\/\/baldumarket.lt\/lt\/wp-json\/wp\/v2\/product_brand?post=97726"},{"taxonomy":"product_cat","embeddable":true,"href":"https:\/\/baldumarket.lt\/lt\/wp-json\/wp\/v2\/product_cat?post=97726"},{"taxonomy":"product_tag","embeddable":true,"href":"https:\/\/baldumarket.lt\/lt\/wp-json\/wp\/v2\/product_tag?post=97726"}],"curies":[{"name":"wp","href":"https:\/\/api.w.org\/{rel}","templated":true}]}}