{"id":97716,"date":"2025-12-05T16:30:33","date_gmt":"2025-12-05T13:30:33","guid":{"rendered":"https:\/\/baldumarket.lt\/product\/avante-07-dab-windmill-mdf-cashmere-polysk-toaletka-1s\/"},"modified":"2026-04-07T14:47:55","modified_gmt":"2026-04-07T11:47:55","slug":"avante-07-dab-windmill-mdf-cashmere-polysk-toaletka-1s","status":"publish","type":"product","link":"https:\/\/baldumarket.lt\/lt\/product\/avante-07-dab-windmill-mdf-cashmere-polysk-toaletka-1s\/","title":{"rendered":"Avante 07 v\u0117jo mal\u016bno \u0105\u017euolo \/ MDF ka\u0161myro blizgus \u2013 1S tualetinis staliukas"},"content":{"rendered":"<p>\u201eAvante 07\u201c tualetinis staliukas puikiai papildys j\u016bs\u0173 miegam\u0105j\u012f. Didelis stalvir\u0161is leid\u017eia demonstruoti kvepal\u0173 kolekcij\u0105 ir laikyti makia\u017e\u0105. Jei m\u0117gstate minimalistin\u0119 tvark\u0105, vis\u0105 kosmetik\u0105 galite laikyti erdviame stal\u010diuje, o stalvir\u0161is gali tarnauti kaip vieta vazai su m\u0117gstamomis g\u0117l\u0117mis. Rinkit\u0117s \u201eAvante\u201c tualetin\u012f staliuk\u0105 ir palaikykite tvark\u0105 savo miegamajame.<br \/>\n\u2022 Gra\u017eus dizainas ir i\u0161skirtinis funkcionalumas.<br \/>\n\u2022 Pilno i\u0161traukimo stal\u010diai.<\/p>","protected":false},"excerpt":{"rendered":"<p>\u201eAvante 07\u201c tualetinis staliukas puikiai papildys j\u016bs\u0173 miegam\u0105j\u012f. Didelis stalvir\u0161is leid\u017eia jums pademonstruoti savo kvepal\u0173 kolekcij\u0105 ir laikyti makia\u017e\u0105. Jei pageidaujate minimalistin\u0117s tvarkos, galite laikyti vis\u0105 kosmetik\u0105 erdviame stal\u010diuje, o stalvir\u0161is gali tarnauti kaip vieta vazai su j\u016bs\u0173 m\u0117gstamiausiomis g\u0117l\u0117mis. [\u2026]<\/p>","protected":false},"featured_media":97717,"comment_status":"open","ping_status":"open","template":"","meta":[],"product_brand":[],"product_cat":[1237,2255,9214],"product_tag":[],"class_list":{"0":"post-97716","1":"product","2":"type-product","3":"status-publish","4":"has-post-thumbnail","6":"product_cat-dressing-tables","7":"product_cat-ml-meble","8":"product_cat-furniture-system-avante-ml-meble","10":"first","11":"instock","12":"purchasable","13":"product-type-simple"},"_links":{"self":[{"href":"https:\/\/baldumarket.lt\/lt\/wp-json\/wp\/v2\/product\/97716","targetHints":{"allow":["GET"]}}],"collection":[{"href":"https:\/\/baldumarket.lt\/lt\/wp-json\/wp\/v2\/product"}],"about":[{"href":"https:\/\/baldumarket.lt\/lt\/wp-json\/wp\/v2\/types\/product"}],"replies":[{"embeddable":true,"href":"https:\/\/baldumarket.lt\/lt\/wp-json\/wp\/v2\/comments?post=97716"}],"wp:featuredmedia":[{"embeddable":true,"href":"https:\/\/baldumarket.lt\/lt\/wp-json\/wp\/v2\/media\/97717"}],"wp:attachment":[{"href":"https:\/\/baldumarket.lt\/lt\/wp-json\/wp\/v2\/media?parent=97716"}],"wp:term":[{"taxonomy":"product_brand","embeddable":true,"href":"https:\/\/baldumarket.lt\/lt\/wp-json\/wp\/v2\/product_brand?post=97716"},{"taxonomy":"product_cat","embeddable":true,"href":"https:\/\/baldumarket.lt\/lt\/wp-json\/wp\/v2\/product_cat?post=97716"},{"taxonomy":"product_tag","embeddable":true,"href":"https:\/\/baldumarket.lt\/lt\/wp-json\/wp\/v2\/product_tag?post=97716"}],"curies":[{"name":"wp","href":"https:\/\/api.w.org\/{rel}","templated":true}]}}