{"id":97707,"date":"2025-12-05T16:30:23","date_gmt":"2025-12-05T13:30:23","guid":{"rendered":"https:\/\/baldumarket.lt\/product\/avante-08-dab-windmill-mdf-cashmere-polysk-szafka-nocna-1d\/"},"modified":"2026-04-07T14:47:55","modified_gmt":"2026-04-07T11:47:55","slug":"avante-08-dab-windmill-mdf-cashmere-polysk-szafka-nocna-1d","status":"publish","type":"product","link":"https:\/\/baldumarket.lt\/lt\/product\/avante-08-dab-windmill-mdf-cashmere-polysk-szafka-nocna-1d\/","title":{"rendered":"Avante 08 v\u0117jo mal\u016bno \u0105\u017euolo \/ MDF ka\u0161myro blizgios spalvos \u2013 1D naktinis staliukas"},"content":{"rendered":"<p>\u201eAvante 08\u201c naktinis staliukas yra b\u016btinas j\u016bs\u0173 lovos baldas. D\u0117l stalvir\u0161io auk\u0161\u010dio viskas, ko jums reikia, visada yra ranka pasiekiama. Atvira lentyna puikiai tinka laikra\u0161\u010diams ar knygoms laikyti. Apatin\u0117je spintel\u0117s dalyje yra erdvi, u\u017erakinama ni\u0161a. Pasirinkite \u201eAvante\u201c naktin\u012f staliuk\u0105 ir palaikykite tvark\u0105 savo viduje.<br \/>\n\u2022 Gra\u017eus dizainas ir i\u0161skirtinis funkcionalumas.<br \/>\n\u2022 \u0160velniai u\u017esidarantys vyriai.<\/p>","protected":false},"excerpt":{"rendered":"<p>\u201eAvante 08\u201c naktinis staliukas yra b\u016btinas j\u016bs\u0173 lovos baldas. D\u0117l stalvir\u0161io auk\u0161\u010dio viskas, ko jums reikia, visada yra ranka pasiekiama. Atvira lentyna puikiai tinka laikra\u0161\u010diams ar knygoms laikyti. Apatin\u0117je spintel\u0117s dalyje yra erdvi, u\u017erakinama ni\u0161a. Pasirinkite \u201eAvante\u201c naktin\u012f staliuk\u0105 ir palaikykite tvark\u0105 savo viduje. [\u2026]<\/p>","protected":false},"featured_media":97708,"comment_status":"open","ping_status":"open","template":"","meta":[],"product_brand":[],"product_cat":[1176,2255,9214],"product_tag":[],"class_list":{"0":"post-97707","1":"product","2":"type-product","3":"status-publish","4":"has-post-thumbnail","6":"product_cat-bedside-tables","7":"product_cat-ml-meble","8":"product_cat-furniture-system-avante-ml-meble","10":"first","11":"instock","12":"purchasable","13":"product-type-simple"},"_links":{"self":[{"href":"https:\/\/baldumarket.lt\/lt\/wp-json\/wp\/v2\/product\/97707","targetHints":{"allow":["GET"]}}],"collection":[{"href":"https:\/\/baldumarket.lt\/lt\/wp-json\/wp\/v2\/product"}],"about":[{"href":"https:\/\/baldumarket.lt\/lt\/wp-json\/wp\/v2\/types\/product"}],"replies":[{"embeddable":true,"href":"https:\/\/baldumarket.lt\/lt\/wp-json\/wp\/v2\/comments?post=97707"}],"wp:featuredmedia":[{"embeddable":true,"href":"https:\/\/baldumarket.lt\/lt\/wp-json\/wp\/v2\/media\/97708"}],"wp:attachment":[{"href":"https:\/\/baldumarket.lt\/lt\/wp-json\/wp\/v2\/media?parent=97707"}],"wp:term":[{"taxonomy":"product_brand","embeddable":true,"href":"https:\/\/baldumarket.lt\/lt\/wp-json\/wp\/v2\/product_brand?post=97707"},{"taxonomy":"product_cat","embeddable":true,"href":"https:\/\/baldumarket.lt\/lt\/wp-json\/wp\/v2\/product_cat?post=97707"},{"taxonomy":"product_tag","embeddable":true,"href":"https:\/\/baldumarket.lt\/lt\/wp-json\/wp\/v2\/product_tag?post=97707"}],"curies":[{"name":"wp","href":"https:\/\/api.w.org\/{rel}","templated":true}]}}