{"id":97701,"date":"2025-12-05T16:30:17","date_gmt":"2025-12-05T13:30:17","guid":{"rendered":"https:\/\/baldumarket.lt\/product\/dunea-10-cashmere-dab-cremona-torro-polka\/"},"modified":"2026-04-07T13:40:27","modified_gmt":"2026-04-07T10:40:27","slug":"dunea-10-cashmere-dab-cremona-torro-polka","status":"publish","type":"product","link":"https:\/\/baldumarket.lt\/lt\/product\/dunea-10-cashmere-dab-cremona-torro-polka\/","title":{"rendered":"Dunea 10 ka\u0161myro \/ cremona \u0105\u017euolo torro \u2013 lentyna"},"content":{"rendered":"<p>Pakabinama lentyna \u201eDunea 10\u201c \u2013 puikus baldas, u\u017epildantis tu\u0161\u010di\u0105 erdv\u0119 vir\u0161 sofos, komodos ar televizoriaus. Jos plotis suteikia pakankamai vietos m\u0117gstamiausiems daiktams eksponuoti. 120 centimetr\u0173 lentynoje galite eksponuoti fig\u016br\u0117li\u0173, nuotrauk\u0173 r\u0117meli\u0173 ar kit\u0173 nam\u0173 dekoracij\u0173 kolekcij\u0105. Pasirinkite \u201eDunea\u201c lentyn\u0105 ir palaikykite tvark\u0105 savo interjere.<\/p>\n<p>\u2022 Puikiai tinka vir\u0161 \u201eDunea 05\u201c ir \u201eDunea 06\u201c komod\u0173 bei vir\u0161 \u201eDunea 07\u201c televizoriaus staliuko.<br \/>\n\u2022 Lengvas surinkimas.<\/p>","protected":false},"excerpt":{"rendered":"<p>Pakabinama lentyna \u201eDunea 10\u201c \u2013 puikus baldas, u\u017epildantis tu\u0161\u010di\u0105 erdv\u0119 vir\u0161 sofos, komodos ar televizoriaus. Jos plotis suteikia pakankamai vietos m\u0117gstamiausiems daiktams eksponuoti. 120 centimetr\u0173 lentynoje galite eksponuoti fig\u016br\u0117li\u0173, nuotrauk\u0173 r\u0117meli\u0173 ar kit\u0173 nam\u0173 dekoracij\u0173 kolekcij\u0105. Pasirinkite \u201eDunea\u201c lentyn\u0105 ir laikykite [\u2026]<\/p>","protected":false},"featured_media":97702,"comment_status":"open","ping_status":"open","template":"","meta":[],"product_brand":[],"product_cat":[1174,2255,9215],"product_tag":[],"class_list":{"0":"post-97701","1":"product","2":"type-product","3":"status-publish","4":"has-post-thumbnail","6":"product_cat-hanging-shelves","7":"product_cat-ml-meble","8":"product_cat-furniture-system-dunea-ml-meble","10":"first","11":"instock","12":"purchasable","13":"product-type-simple"},"_links":{"self":[{"href":"https:\/\/baldumarket.lt\/lt\/wp-json\/wp\/v2\/product\/97701","targetHints":{"allow":["GET"]}}],"collection":[{"href":"https:\/\/baldumarket.lt\/lt\/wp-json\/wp\/v2\/product"}],"about":[{"href":"https:\/\/baldumarket.lt\/lt\/wp-json\/wp\/v2\/types\/product"}],"replies":[{"embeddable":true,"href":"https:\/\/baldumarket.lt\/lt\/wp-json\/wp\/v2\/comments?post=97701"}],"wp:featuredmedia":[{"embeddable":true,"href":"https:\/\/baldumarket.lt\/lt\/wp-json\/wp\/v2\/media\/97702"}],"wp:attachment":[{"href":"https:\/\/baldumarket.lt\/lt\/wp-json\/wp\/v2\/media?parent=97701"}],"wp:term":[{"taxonomy":"product_brand","embeddable":true,"href":"https:\/\/baldumarket.lt\/lt\/wp-json\/wp\/v2\/product_brand?post=97701"},{"taxonomy":"product_cat","embeddable":true,"href":"https:\/\/baldumarket.lt\/lt\/wp-json\/wp\/v2\/product_cat?post=97701"},{"taxonomy":"product_tag","embeddable":true,"href":"https:\/\/baldumarket.lt\/lt\/wp-json\/wp\/v2\/product_tag?post=97701"}],"curies":[{"name":"wp","href":"https:\/\/api.w.org\/{rel}","templated":true}]}}