{"id":97691,"date":"2025-12-05T16:30:05","date_gmt":"2025-12-05T13:30:05","guid":{"rendered":"https:\/\/baldumarket.lt\/product\/dunea-08-cashmere-dab-cremona-torro-szafka-1s\/"},"modified":"2026-04-07T13:40:18","modified_gmt":"2026-04-07T10:40:18","slug":"dunea-08-cashmere-dab-cremona-torro-szafka-1s","status":"publish","type":"product","link":"https:\/\/baldumarket.lt\/lt\/product\/dunea-08-cashmere-dab-cremona-torro-szafka-1s\/","title":{"rendered":"Dunea 08 ka\u0161myras \/ cremona \u0105\u017euolo torro \u2013 1S spintel\u0117"},"content":{"rendered":"<p>\u201eDunea 08\u201c naktinis staliukas yra b\u016btinas j\u016bs\u0173 lovos baldas. D\u0117l tinkamo auk\u0161\u010dio stalvir\u0161io visada tur\u0117site visk\u0105, ko jums reikia, po ranka. Atvira ni\u0161a puikiai tinka laikra\u0161\u010diams ar knygoms laikyti. Apatin\u0117je spintel\u0117s dalyje yra erdvus stal\u010dius. Pasirinkite \u201eDunea\u201c naktin\u012f staliuk\u0105 ir palaikykite tvark\u0105 savo interjere.<br \/>\n\u2022 Funkcional\u016bs baldai su gra\u017eiu dizainu.<br \/>\n\u2022 Pilnai i\u0161traukiamas stal\u010dius.<br \/>\n\u2022 Patvarios metalin\u0117s kojel\u0117s.<\/p>","protected":false},"excerpt":{"rendered":"<p>\u201eDunea 08\u201c naktinis staliukas yra b\u016btinas j\u016bs\u0173 lovos baldas. D\u0117l tinkamo auk\u0161\u010dio stalvir\u0161io visada tur\u0117site visk\u0105, ko jums reikia, po ranka. Atvira ni\u0161a puikiai tinka laikra\u0161\u010diams ar knygoms laikyti. Apatin\u0117je spintel\u0117s dalyje yra erdvus stal\u010dius. Pasirinkite \u201eDunea\u201c naktin\u012f staliuk\u0105 ir [\u2026]<\/p>","protected":false},"featured_media":97692,"comment_status":"open","ping_status":"open","template":"","meta":[],"product_brand":[],"product_cat":[1176,2255,9215],"product_tag":[],"class_list":{"0":"post-97691","1":"product","2":"type-product","3":"status-publish","4":"has-post-thumbnail","6":"product_cat-bedside-tables","7":"product_cat-ml-meble","8":"product_cat-furniture-system-dunea-ml-meble","10":"first","11":"instock","12":"purchasable","13":"product-type-simple"},"_links":{"self":[{"href":"https:\/\/baldumarket.lt\/lt\/wp-json\/wp\/v2\/product\/97691","targetHints":{"allow":["GET"]}}],"collection":[{"href":"https:\/\/baldumarket.lt\/lt\/wp-json\/wp\/v2\/product"}],"about":[{"href":"https:\/\/baldumarket.lt\/lt\/wp-json\/wp\/v2\/types\/product"}],"replies":[{"embeddable":true,"href":"https:\/\/baldumarket.lt\/lt\/wp-json\/wp\/v2\/comments?post=97691"}],"wp:featuredmedia":[{"embeddable":true,"href":"https:\/\/baldumarket.lt\/lt\/wp-json\/wp\/v2\/media\/97692"}],"wp:attachment":[{"href":"https:\/\/baldumarket.lt\/lt\/wp-json\/wp\/v2\/media?parent=97691"}],"wp:term":[{"taxonomy":"product_brand","embeddable":true,"href":"https:\/\/baldumarket.lt\/lt\/wp-json\/wp\/v2\/product_brand?post=97691"},{"taxonomy":"product_cat","embeddable":true,"href":"https:\/\/baldumarket.lt\/lt\/wp-json\/wp\/v2\/product_cat?post=97691"},{"taxonomy":"product_tag","embeddable":true,"href":"https:\/\/baldumarket.lt\/lt\/wp-json\/wp\/v2\/product_tag?post=97691"}],"curies":[{"name":"wp","href":"https:\/\/api.w.org\/{rel}","templated":true}]}}