{"id":97684,"date":"2025-12-05T16:29:57","date_gmt":"2025-12-05T13:29:57","guid":{"rendered":"https:\/\/baldumarket.lt\/product\/dunea-09-cashmere-dab-cremona-torro-stolik\/"},"modified":"2026-04-07T13:40:18","modified_gmt":"2026-04-07T10:40:18","slug":"dunea-09-cashmere-dab-cremona-torro-stolik","status":"publish","type":"product","link":"https:\/\/baldumarket.lt\/lt\/product\/dunea-09-cashmere-dab-cremona-torro-stolik\/","title":{"rendered":"Dunea 09 ka\u0161myro \/ kremonos \u0105\u017euolo kavos staliukas"},"content":{"rendered":"<p>\u201eDunea 09\u201c kavos staliukas \u2013 tobulas svetain\u0117s baldas. Pastatytas svetain\u0117s centre, jis taps neatsiejama j\u016bs\u0173 interjero dalimi. Ant jo gal\u0117site pad\u0117ti puodel\u012f kavos, laikra\u0161t\u012f ir visada po ranka tur\u0117ti televizoriaus nuotolinio valdymo pult\u0105. Platus stalvir\u0161is leid\u017eia, pavyzd\u017eiui, eksponuoti m\u0117gstamus albumus. Trys erdvios ni\u0161os po stalvir\u0161iu puikiai tinka knygoms ar \u017eurnalams laikyti. Rinkit\u0117s \u201eDunea\u201c staliuk\u0105 ir palaikykite tvark\u0105 savo interjere.<br \/>\n\u2022 Funkcional\u016bs baldai su gra\u017eiu dizainu.<br \/>\n\u2022 Patvarios metalin\u0117s kojel\u0117s.<\/p>","protected":false},"excerpt":{"rendered":"<p>\u201eDunea 09\u201c kavos staliukas \u2013 puikus svetain\u0117s baldas. Pastatytas svetain\u0117s centre, jis taps neatsiejama j\u016bs\u0173 interjero dalimi. Ant jo gal\u0117site pad\u0117ti puodel\u012f kavos, laikra\u0161t\u012f ir visada po ranka tur\u0117ti televizoriaus nuotolinio valdymo pult\u0105. Platus stalvir\u0161is leid\u017eia [\u2026]<\/p>","protected":false},"featured_media":97685,"comment_status":"open","ping_status":"open","template":"","meta":[],"product_brand":[],"product_cat":[866,2255,9215],"product_tag":[],"class_list":{"0":"post-97684","1":"product","2":"type-product","3":"status-publish","4":"has-post-thumbnail","6":"product_cat-coffee-tables","7":"product_cat-ml-meble","8":"product_cat-furniture-system-dunea-ml-meble","10":"first","11":"instock","12":"purchasable","13":"product-type-simple"},"_links":{"self":[{"href":"https:\/\/baldumarket.lt\/lt\/wp-json\/wp\/v2\/product\/97684","targetHints":{"allow":["GET"]}}],"collection":[{"href":"https:\/\/baldumarket.lt\/lt\/wp-json\/wp\/v2\/product"}],"about":[{"href":"https:\/\/baldumarket.lt\/lt\/wp-json\/wp\/v2\/types\/product"}],"replies":[{"embeddable":true,"href":"https:\/\/baldumarket.lt\/lt\/wp-json\/wp\/v2\/comments?post=97684"}],"wp:featuredmedia":[{"embeddable":true,"href":"https:\/\/baldumarket.lt\/lt\/wp-json\/wp\/v2\/media\/97685"}],"wp:attachment":[{"href":"https:\/\/baldumarket.lt\/lt\/wp-json\/wp\/v2\/media?parent=97684"}],"wp:term":[{"taxonomy":"product_brand","embeddable":true,"href":"https:\/\/baldumarket.lt\/lt\/wp-json\/wp\/v2\/product_brand?post=97684"},{"taxonomy":"product_cat","embeddable":true,"href":"https:\/\/baldumarket.lt\/lt\/wp-json\/wp\/v2\/product_cat?post=97684"},{"taxonomy":"product_tag","embeddable":true,"href":"https:\/\/baldumarket.lt\/lt\/wp-json\/wp\/v2\/product_tag?post=97684"}],"curies":[{"name":"wp","href":"https:\/\/api.w.org\/{rel}","templated":true}]}}