{"id":97674,"date":"2025-12-05T16:29:47","date_gmt":"2025-12-05T13:29:47","guid":{"rendered":"https:\/\/baldumarket.lt\/product\/dunea-07-cashmere-dab-cremona-torro-rtv2s\/"},"modified":"2026-04-07T13:40:18","modified_gmt":"2026-04-07T10:40:18","slug":"dunea-07-cashmere-dab-cremona-torro-rtv2s","status":"publish","type":"product","link":"https:\/\/baldumarket.lt\/lt\/product\/dunea-07-cashmere-dab-cremona-torro-rtv2s\/","title":{"rendered":"Dunea 07 ka\u0161myras \/ cremona torro \u0105\u017euolas \u2013 RTV2S"},"content":{"rendered":"<p>\u201eDunea 07\u201c televizoriaus staliukas \u2013 puikus baldas j\u016bs\u0173 televizoriui ar patefonui. Erdv\u016bs, atviri skyriai ir du dideli stal\u010diai suteikia pakankamai vietos daiktams susid\u0117ti. Sutvarkykite savo multimedijos \u012frang\u0105 ir palaikykite tvark\u0105 svetain\u0117je. Platus stalvir\u0161is puikiai tinka televizoriui ir (arba) vazoms, knygoms ar kelioni\u0173 suvenyrams.<br \/>\n\u2022 Funkcionalus baldas su gra\u017eiu dizainu.<br \/>\n\u2022 Pilno i\u0161traukimo stal\u010diai su sustiprintu dugnu.<br \/>\n\u2022 Patvarios metalin\u0117s kojel\u0117s.<\/p>","protected":false},"excerpt":{"rendered":"<p>\u201eDunea 07\u201c televizoriaus staliukas \u2013 puikus baldas j\u016bs\u0173 televizoriui ar patefonui. Erdv\u016bs, atviri skyriai ir du dideli stal\u010diai suteikia pakankamai vietos daiktams susid\u0117ti. Sutvarkykite savo multimedijos \u012frang\u0105 ir palaikykite tvark\u0105 svetain\u0117je. Platus stalvir\u0161is puikiai tinka televizoriui ir (arba) vazoms, knygoms ar kelioni\u0173 suvenyrams. \u2022 Funkcionalus baldas [\u2026]<\/p>","protected":false},"featured_media":97675,"comment_status":"open","ping_status":"open","template":"","meta":[],"product_brand":[],"product_cat":[2255,9215,1175],"product_tag":[],"class_list":{"0":"post-97674","1":"product","2":"type-product","3":"status-publish","4":"has-post-thumbnail","6":"product_cat-ml-meble","7":"product_cat-furniture-system-dunea-ml-meble","8":"product_cat-tv-stands","10":"first","11":"instock","12":"purchasable","13":"product-type-simple"},"_links":{"self":[{"href":"https:\/\/baldumarket.lt\/lt\/wp-json\/wp\/v2\/product\/97674","targetHints":{"allow":["GET"]}}],"collection":[{"href":"https:\/\/baldumarket.lt\/lt\/wp-json\/wp\/v2\/product"}],"about":[{"href":"https:\/\/baldumarket.lt\/lt\/wp-json\/wp\/v2\/types\/product"}],"replies":[{"embeddable":true,"href":"https:\/\/baldumarket.lt\/lt\/wp-json\/wp\/v2\/comments?post=97674"}],"wp:featuredmedia":[{"embeddable":true,"href":"https:\/\/baldumarket.lt\/lt\/wp-json\/wp\/v2\/media\/97675"}],"wp:attachment":[{"href":"https:\/\/baldumarket.lt\/lt\/wp-json\/wp\/v2\/media?parent=97674"}],"wp:term":[{"taxonomy":"product_brand","embeddable":true,"href":"https:\/\/baldumarket.lt\/lt\/wp-json\/wp\/v2\/product_brand?post=97674"},{"taxonomy":"product_cat","embeddable":true,"href":"https:\/\/baldumarket.lt\/lt\/wp-json\/wp\/v2\/product_cat?post=97674"},{"taxonomy":"product_tag","embeddable":true,"href":"https:\/\/baldumarket.lt\/lt\/wp-json\/wp\/v2\/product_tag?post=97674"}],"curies":[{"name":"wp","href":"https:\/\/api.w.org\/{rel}","templated":true}]}}