{"id":97664,"date":"2025-12-05T16:29:38","date_gmt":"2025-12-05T13:29:38","guid":{"rendered":"https:\/\/baldumarket.lt\/product\/freshion-06-cashmere-czarny-szafka-1s\/"},"modified":"2026-04-07T13:40:18","modified_gmt":"2026-04-07T10:40:18","slug":"freshion-06-cashmere-czarny-szafka-1s","status":"publish","type":"product","link":"https:\/\/baldumarket.lt\/lt\/product\/freshion-06-cashmere-czarny-szafka-1s\/","title":{"rendered":"\u201eFreshion 06\u201c ka\u0161myro\/juodos spalvos \u2013 1S spintel\u0117"},"content":{"rendered":"<p>\u201eFreshion 06\u201c naktinis staliukas yra b\u016btinas j\u016bs\u0173 lovos baldas. D\u0117l tinkamo auk\u0161\u010dio stalvir\u0161io visada tur\u0117site visk\u0105, ko reikia, po ranka. Atvira ni\u0161a puikiai tinka laikra\u0161\u010diams ar knygoms laikyti. Apatin\u0117je spintel\u0117s dalyje yra erdvus stal\u010dius.<br \/>\n\u2022 Funkcionalus baldas su gra\u017eiu dizainu.<br \/>\n\u2022 Patogus atidarymas per vir\u0161\u0173.<br \/>\n\u2022 Pilno i\u0161traukimo stal\u010diai.<br \/>\n\u2022 Auk\u0161tos, eleganti\u0161kos kojos.<\/p>","protected":false},"excerpt":{"rendered":"<p>\u201eFreshion 06\u201c naktinis staliukas yra b\u016btinas j\u016bs\u0173 lovos baldas. D\u0117l tinkamo auk\u0161\u010dio stalvir\u0161io visada tur\u0117site visk\u0105, ko jums reikia, po ranka. Atvira \u012fduba puikiai tinka laikra\u0161\u010diams ar knygoms laikyti. Apatin\u0117je spintel\u0117s dalyje yra erdvus stal\u010dius. \u2022 Funkcionalus baldas [\u2026]<\/p>","protected":false},"featured_media":97665,"comment_status":"open","ping_status":"open","template":"","meta":[],"product_brand":[],"product_cat":[1176,2255],"product_tag":[],"class_list":{"0":"post-97664","1":"product","2":"type-product","3":"status-publish","4":"has-post-thumbnail","6":"product_cat-bedside-tables","7":"product_cat-ml-meble","9":"first","10":"instock","11":"purchasable","12":"product-type-simple"},"_links":{"self":[{"href":"https:\/\/baldumarket.lt\/lt\/wp-json\/wp\/v2\/product\/97664","targetHints":{"allow":["GET"]}}],"collection":[{"href":"https:\/\/baldumarket.lt\/lt\/wp-json\/wp\/v2\/product"}],"about":[{"href":"https:\/\/baldumarket.lt\/lt\/wp-json\/wp\/v2\/types\/product"}],"replies":[{"embeddable":true,"href":"https:\/\/baldumarket.lt\/lt\/wp-json\/wp\/v2\/comments?post=97664"}],"wp:featuredmedia":[{"embeddable":true,"href":"https:\/\/baldumarket.lt\/lt\/wp-json\/wp\/v2\/media\/97665"}],"wp:attachment":[{"href":"https:\/\/baldumarket.lt\/lt\/wp-json\/wp\/v2\/media?parent=97664"}],"wp:term":[{"taxonomy":"product_brand","embeddable":true,"href":"https:\/\/baldumarket.lt\/lt\/wp-json\/wp\/v2\/product_brand?post=97664"},{"taxonomy":"product_cat","embeddable":true,"href":"https:\/\/baldumarket.lt\/lt\/wp-json\/wp\/v2\/product_cat?post=97664"},{"taxonomy":"product_tag","embeddable":true,"href":"https:\/\/baldumarket.lt\/lt\/wp-json\/wp\/v2\/product_tag?post=97664"}],"curies":[{"name":"wp","href":"https:\/\/api.w.org\/{rel}","templated":true}]}}