{"id":97653,"date":"2025-12-05T16:29:27","date_gmt":"2025-12-05T13:29:27","guid":{"rendered":"https:\/\/baldumarket.lt\/product\/freshion-05-cashmere-czarny-rtv2d2s\/"},"modified":"2026-04-07T13:40:18","modified_gmt":"2026-04-07T10:40:18","slug":"freshion-05-cashmere-czarny-rtv2d2s","status":"publish","type":"product","link":"https:\/\/baldumarket.lt\/lt\/product\/freshion-05-cashmere-czarny-rtv2d2s\/","title":{"rendered":"\u201eFreshion 05\u201c ka\u0161myro\/juodos spalvos \u2013 RTV2D2S"},"content":{"rendered":"<p>\u201eFreshion 05\u201c televizoriaus staliukas \u2013 puikus baldas j\u016bs\u0173 televizoriui. Erdvi ni\u0161a su dvigubomis durel\u0117mis ir dviem dideliais stal\u010diais suteikia vietos daiktams susid\u0117ti. Jame gal\u0117site susitvarkyti savo multimedijos \u012frang\u0105 ir palaikyti tvark\u0105 svetain\u0117je. Platus stalvir\u0161is puikiai tinka televizoriui ir (arba) vazoms, knygoms ar kelioni\u0173 suvenyrams.<br \/>\n\u2022 Funkcionalus baldas su gra\u017eiu dizainu.<br \/>\n\u2022 Patogus atidarymas ranka ir paspaudimas.<br \/>\n\u2022 Pilno i\u0161traukimo stal\u010diai su sutvirtintais dugnais.<br \/>\n\u2022 Auk\u0161tos, eleganti\u0161kos kojos.<br \/>\n\u2022 \u0160velnus u\u017edarymas.<\/p>","protected":false},"excerpt":{"rendered":"<p>\u201eFreshion 05\u201c televizoriaus staliukas \u2013 puikus baldas j\u016bs\u0173 televizoriui. Erdvi ni\u0161a su dvigubomis durel\u0117mis ir dviem dideliais stal\u010diais suteikia vietos daiktams susid\u0117ti. Galite susitvarkyti savo multimedijos \u012frang\u0105 ir palaikyti tvark\u0105 svetain\u0117je. Platus stalvir\u0161is puikiai tinka televizoriui ir (arba) vazoms, knygoms ar kelioni\u0173 suvenyrams. \u2022 A [\u2026]<\/p>","protected":false},"featured_media":97654,"comment_status":"open","ping_status":"open","template":"","meta":[],"product_brand":[],"product_cat":[2255,9218,1175],"product_tag":[],"class_list":{"0":"post-97653","1":"product","2":"type-product","3":"status-publish","4":"has-post-thumbnail","6":"product_cat-ml-meble","7":"product_cat-furniture-system-freshion-ml-meble","8":"product_cat-tv-stands","10":"first","11":"instock","12":"purchasable","13":"product-type-simple"},"_links":{"self":[{"href":"https:\/\/baldumarket.lt\/lt\/wp-json\/wp\/v2\/product\/97653","targetHints":{"allow":["GET"]}}],"collection":[{"href":"https:\/\/baldumarket.lt\/lt\/wp-json\/wp\/v2\/product"}],"about":[{"href":"https:\/\/baldumarket.lt\/lt\/wp-json\/wp\/v2\/types\/product"}],"replies":[{"embeddable":true,"href":"https:\/\/baldumarket.lt\/lt\/wp-json\/wp\/v2\/comments?post=97653"}],"wp:featuredmedia":[{"embeddable":true,"href":"https:\/\/baldumarket.lt\/lt\/wp-json\/wp\/v2\/media\/97654"}],"wp:attachment":[{"href":"https:\/\/baldumarket.lt\/lt\/wp-json\/wp\/v2\/media?parent=97653"}],"wp:term":[{"taxonomy":"product_brand","embeddable":true,"href":"https:\/\/baldumarket.lt\/lt\/wp-json\/wp\/v2\/product_brand?post=97653"},{"taxonomy":"product_cat","embeddable":true,"href":"https:\/\/baldumarket.lt\/lt\/wp-json\/wp\/v2\/product_cat?post=97653"},{"taxonomy":"product_tag","embeddable":true,"href":"https:\/\/baldumarket.lt\/lt\/wp-json\/wp\/v2\/product_tag?post=97653"}],"curies":[{"name":"wp","href":"https:\/\/api.w.org\/{rel}","templated":true}]}}