{"id":97643,"date":"2025-12-05T16:29:17","date_gmt":"2025-12-05T13:29:17","guid":{"rendered":"https:\/\/baldumarket.lt\/product\/mevel-10-piasek-pustyni-szary-pallad-szafka-1s\/"},"modified":"2026-02-03T23:53:31","modified_gmt":"2026-02-03T20:53:31","slug":"mevel-10-piasek-pustyni-szary-pallad-szafka-1s","status":"publish","type":"product","link":"https:\/\/baldumarket.lt\/lt\/product\/mevel-10-piasek-pustyni-szary-pallad-szafka-1s\/","title":{"rendered":"\u201eMevel 10 Desert Sand\/Grey Palladium\u201c \u2013 1S spintel\u0117"},"content":{"rendered":"<p>\u201eMevel 10\u201c naktinis staliukas puikiai papildys j\u016bs\u0173 vaiko lov\u0105. Tinkamo auk\u0161\u010dio stalvir\u0161is leid\u017eia patogiai pad\u0117ti knyg\u0105 ar stiklin\u0119 vandens. Nuleistas stalvir\u0161is ir papildoma galin\u0117 panel\u0117 apsaugo j\u016bs\u0173 vaiko daiktus nuo i\u0161kritimo. Atviroje ni\u0161oje laikomi daiktai yra lengvai pasiekiami j\u016bs\u0173 vaikui. Patogus stal\u010dius su pilno i\u0161traukimo funkcija suteikia papildomos vietos daiktams susid\u0117ti. \u201eMevel 10\u201c naktinis staliukas taip pat gali b\u016bti naudojamas, pavyzd\u017eiui, kaip papildomas stalvir\u0161is mokyklin\u0117ms priemon\u0117ms laikyti arba kaip spausdintuvas.<br \/>\n\u2022 \u0160iuolaikinis dizainas.<br \/>\n\u2022 U\u017eapvalinti kampai.<br \/>\n\u2022 Labai funkcionalus.<br \/>\n\u2022 Didel\u0117s, ergonomi\u0161kos rankenos.<br \/>\n\u2022 Tinkamai parinktas koj\u0173 auk\u0161tis.<br \/>\n\u2022 Pilnai i\u0161traukiamas stal\u010dius.<\/p>","protected":false},"excerpt":{"rendered":"<p>\u201eMevel 10\u201c naktinis staliukas puikiai papildys j\u016bs\u0173 vaiko lov\u0105. Tinkamo auk\u0161\u010dio stalvir\u0161is leid\u017eia patogiai pasid\u0117ti knyg\u0105 ar stiklin\u0119 vandens. Nuleistas stalvir\u0161is ir papildoma galin\u0117 panel\u0117 apsaugo j\u016bs\u0173 vaiko daiktus nuo kritimo. Atviroje ni\u0161oje laikomus daiktus j\u016bs\u0173 vaikas gali lengvai [\u2026]<\/p>","protected":false},"featured_media":97644,"comment_status":"open","ping_status":"open","template":"","meta":[],"product_brand":[],"product_cat":[9245,1176,2255],"product_tag":[],"class_list":{"0":"post-97643","1":"product","2":"type-product","3":"status-publish","4":"has-post-thumbnail","6":"product_cat-furniture-system-mevel-ml-meble","7":"product_cat-bedside-tables","8":"product_cat-ml-meble","10":"first","11":"instock","12":"purchasable","13":"product-type-simple"},"_links":{"self":[{"href":"https:\/\/baldumarket.lt\/lt\/wp-json\/wp\/v2\/product\/97643","targetHints":{"allow":["GET"]}}],"collection":[{"href":"https:\/\/baldumarket.lt\/lt\/wp-json\/wp\/v2\/product"}],"about":[{"href":"https:\/\/baldumarket.lt\/lt\/wp-json\/wp\/v2\/types\/product"}],"replies":[{"embeddable":true,"href":"https:\/\/baldumarket.lt\/lt\/wp-json\/wp\/v2\/comments?post=97643"}],"wp:featuredmedia":[{"embeddable":true,"href":"https:\/\/baldumarket.lt\/lt\/wp-json\/wp\/v2\/media\/97644"}],"wp:attachment":[{"href":"https:\/\/baldumarket.lt\/lt\/wp-json\/wp\/v2\/media?parent=97643"}],"wp:term":[{"taxonomy":"product_brand","embeddable":true,"href":"https:\/\/baldumarket.lt\/lt\/wp-json\/wp\/v2\/product_brand?post=97643"},{"taxonomy":"product_cat","embeddable":true,"href":"https:\/\/baldumarket.lt\/lt\/wp-json\/wp\/v2\/product_cat?post=97643"},{"taxonomy":"product_tag","embeddable":true,"href":"https:\/\/baldumarket.lt\/lt\/wp-json\/wp\/v2\/product_tag?post=97643"}],"curies":[{"name":"wp","href":"https:\/\/api.w.org\/{rel}","templated":true}]}}