{"id":97633,"date":"2025-12-05T16:29:07","date_gmt":"2025-12-05T13:29:07","guid":{"rendered":"https:\/\/baldumarket.lt\/product\/mevel-09-piasek-pustyni-szary-pallad-organizer-1s\/"},"modified":"2026-02-03T23:53:31","modified_gmt":"2026-02-03T20:53:31","slug":"mevel-09-piasek-pustyni-szary-pallad-organizer-1s","status":"publish","type":"product","link":"https:\/\/baldumarket.lt\/lt\/product\/mevel-09-piasek-pustyni-szary-pallad-organizer-1s\/","title":{"rendered":"\u201eMevel 09 Desert Sand\/Pilka Palladium\u201c \u2013 1S organizatorius"},"content":{"rendered":"<p>Ma\u017ea lentyn\u0173 sistema \u201eMevel 09\u201c \u2013 tai unikalus baldas, kuriame galite susid\u0117ti ir eksponuoti m\u0117gstamiausius daiktus. Joje yra erdvus stal\u010dius, puikiai tinkantis apatiniams drabu\u017eiams, kojin\u0117ms ar patalynei. Dvi pla\u010dios, atviros lentynos \u2013 viena su siaura pertvara, kita pritvirtinta b\u0117geliu \u2013 sukuria puiki\u0105 erdv\u0119 knygoms, m\u0117gstamiems \u017eaislams ar fig\u016br\u0117li\u0173 kolekcijai.<br \/>\n\u2022 \u0160iuolaikinis dizainas.<br \/>\n\u2022 U\u017eapvalinti kampai.<br \/>\n\u2022 Labai funkcionalus.<br \/>\n\u2022 Didel\u0117s, ergonomi\u0161kos rankenos.<br \/>\n\u2022 Tinkamai reguliuojamo auk\u0161\u010dio kojel\u0117s.<br \/>\n\u2022 Pilnai i\u0161traukiamas stal\u010dius.<\/p>","protected":false},"excerpt":{"rendered":"<p>Ma\u017ea lentyn\u0173 sistema \u201eMevel 09\u201c \u2013 tai unikalus baldas, kuriame galite susid\u0117ti ir eksponuoti m\u0117gstamiausius daiktus. Joje yra erdvus stal\u010dius, puikiai tinkantis apatiniams drabu\u017eiams, kojin\u0117ms ar patalynei laikyti. Dvi pla\u010dios, atviros lentynos \u2013 viena su siaura pertvara, kita pritvirtinta b\u0117geliu \u2013 sukuria tobul\u0105 [\u2026]<\/p>","protected":false},"featured_media":97634,"comment_status":"open","ping_status":"open","template":"","meta":[],"product_brand":[],"product_cat":[9245,9120,2255],"product_tag":[],"class_list":{"0":"post-97633","1":"product","2":"type-product","3":"status-publish","4":"has-post-thumbnail","6":"product_cat-furniture-system-mevel-ml-meble","7":"product_cat-cabinets","8":"product_cat-ml-meble","10":"first","11":"instock","12":"purchasable","13":"product-type-simple"},"_links":{"self":[{"href":"https:\/\/baldumarket.lt\/lt\/wp-json\/wp\/v2\/product\/97633","targetHints":{"allow":["GET"]}}],"collection":[{"href":"https:\/\/baldumarket.lt\/lt\/wp-json\/wp\/v2\/product"}],"about":[{"href":"https:\/\/baldumarket.lt\/lt\/wp-json\/wp\/v2\/types\/product"}],"replies":[{"embeddable":true,"href":"https:\/\/baldumarket.lt\/lt\/wp-json\/wp\/v2\/comments?post=97633"}],"wp:featuredmedia":[{"embeddable":true,"href":"https:\/\/baldumarket.lt\/lt\/wp-json\/wp\/v2\/media\/97634"}],"wp:attachment":[{"href":"https:\/\/baldumarket.lt\/lt\/wp-json\/wp\/v2\/media?parent=97633"}],"wp:term":[{"taxonomy":"product_brand","embeddable":true,"href":"https:\/\/baldumarket.lt\/lt\/wp-json\/wp\/v2\/product_brand?post=97633"},{"taxonomy":"product_cat","embeddable":true,"href":"https:\/\/baldumarket.lt\/lt\/wp-json\/wp\/v2\/product_cat?post=97633"},{"taxonomy":"product_tag","embeddable":true,"href":"https:\/\/baldumarket.lt\/lt\/wp-json\/wp\/v2\/product_tag?post=97633"}],"curies":[{"name":"wp","href":"https:\/\/api.w.org\/{rel}","templated":true}]}}