{"id":97623,"date":"2025-12-05T16:28:56","date_gmt":"2025-12-05T13:28:56","guid":{"rendered":"https:\/\/baldumarket.lt\/product\/mevel-07-piasek-pustyni-szary-pallad-biurko-1d\/"},"modified":"2026-02-03T23:53:31","modified_gmt":"2026-02-03T20:53:31","slug":"mevel-07-piasek-pustyni-szary-pallad-biurko-1d","status":"publish","type":"product","link":"https:\/\/baldumarket.lt\/lt\/product\/mevel-07-piasek-pustyni-szary-pallad-biurko-1d\/","title":{"rendered":"Mevel 07 dykumos sm\u0117lio\/pilkos palad\u017eio spalvos \u2013 1D ra\u0161omasis stalas"},"content":{"rendered":"<p>\u201eMevel 07\u201c stalas \u2013 puikus baldas mokyklinio am\u017eiaus vaiko kambariui. Platus stalvir\u0161is leid\u017eia patogiai ruo\u0161ti nam\u0173 darbus, efektyviai mokytis ir suteikia erdv\u0117s savo pom\u0117giams. Stalo dizainas pasi\u017eymi patogia \u012fduba po stalvir\u0161iu, leid\u017eian\u010dia vaikui lengvai laikyti nereikalingus s\u0105siuvinius ar knygas. De\u0161in\u0117je stalo pus\u0117je taip pat yra dvi erdvios, u\u017erakinamos \u012fdubos vadov\u0117liams ir mokyklin\u0117ms priemon\u0117ms laikyti. Nuleistas stalvir\u0161is ir papildoma galin\u0117 plok\u0161t\u0117 apsaugo j\u016bs\u0173 vaiko daiktus nuo kritimo. Daugiau jokios kreidel\u0117s ar ra\u0161ikliai nenukris nuo stalo.<br \/>\n\u2022 \u0160iuolaikinis dizainas.<br \/>\n\u2022 U\u017eapvalinti kampai.<br \/>\n\u2022 Labai funkcionalus.<br \/>\n\u2022 Didel\u0117s, ergonomi\u0161kos rankenos.<br \/>\n\u2022 Tinkamai reguliuojamo auk\u0161\u010dio kojel\u0117s.<br \/>\n\u2022 \u0160velnaus u\u017edarymo sistema.<\/p>","protected":false},"excerpt":{"rendered":"<p>\u201eMevel 07\u201c ra\u0161omasis stalas \u2013 puikus baldas mokyklinio am\u017eiaus vaiko kambariui. Platus stalvir\u0161is leid\u017eia patogiai ruo\u0161ti nam\u0173 darbus, efektyviai mokytis ir suteikia erdv\u0117s savo pom\u0117giams. Dizainas pasi\u017eymi patogia \u012fduba po stalvir\u0161iu, leid\u017eian\u010dia vaikui lengvai laikyti s\u0105siuvinius ar knygas, kuri\u0173 jam nebereikia. Tinkamas [\u2026]<\/p>","protected":false},"featured_media":97624,"comment_status":"open","ping_status":"open","template":"","meta":[],"product_brand":[],"product_cat":[9245,1312,2255],"product_tag":[],"class_list":{"0":"post-97623","1":"product","2":"type-product","3":"status-publish","4":"has-post-thumbnail","6":"product_cat-furniture-system-mevel-ml-meble","7":"product_cat-desks","8":"product_cat-ml-meble","10":"first","11":"instock","12":"purchasable","13":"product-type-simple"},"_links":{"self":[{"href":"https:\/\/baldumarket.lt\/lt\/wp-json\/wp\/v2\/product\/97623","targetHints":{"allow":["GET"]}}],"collection":[{"href":"https:\/\/baldumarket.lt\/lt\/wp-json\/wp\/v2\/product"}],"about":[{"href":"https:\/\/baldumarket.lt\/lt\/wp-json\/wp\/v2\/types\/product"}],"replies":[{"embeddable":true,"href":"https:\/\/baldumarket.lt\/lt\/wp-json\/wp\/v2\/comments?post=97623"}],"wp:featuredmedia":[{"embeddable":true,"href":"https:\/\/baldumarket.lt\/lt\/wp-json\/wp\/v2\/media\/97624"}],"wp:attachment":[{"href":"https:\/\/baldumarket.lt\/lt\/wp-json\/wp\/v2\/media?parent=97623"}],"wp:term":[{"taxonomy":"product_brand","embeddable":true,"href":"https:\/\/baldumarket.lt\/lt\/wp-json\/wp\/v2\/product_brand?post=97623"},{"taxonomy":"product_cat","embeddable":true,"href":"https:\/\/baldumarket.lt\/lt\/wp-json\/wp\/v2\/product_cat?post=97623"},{"taxonomy":"product_tag","embeddable":true,"href":"https:\/\/baldumarket.lt\/lt\/wp-json\/wp\/v2\/product_tag?post=97623"}],"curies":[{"name":"wp","href":"https:\/\/api.w.org\/{rel}","templated":true}]}}