{"id":97612,"date":"2025-12-05T16:28:45","date_gmt":"2025-12-05T13:28:45","guid":{"rendered":"https:\/\/baldumarket.lt\/product\/mevel-06-piasek-pustyni-szary-pallad-komoda-3s\/"},"modified":"2026-02-03T23:53:31","modified_gmt":"2026-02-03T20:53:31","slug":"mevel-06-piasek-pustyni-szary-pallad-komoda-3s","status":"publish","type":"product","link":"https:\/\/baldumarket.lt\/lt\/product\/mevel-06-piasek-pustyni-szary-pallad-komoda-3s\/","title":{"rendered":"Mevel 06 Dykumos sm\u0117lio\/pilkos palad\u017eio spalvos \u2013 3 stal\u010di\u0173 komoda"},"content":{"rendered":"<p>\u201eMevel 06\u201c komoda suteikia daug vietos daiktams susid\u0117ti ir leid\u017eia eksponuoti m\u0117gstamiausius daiktus. Joje yra trys erdv\u016bs stal\u010diai, puikiai tinkantys apatiniams drabu\u017eiams, kojin\u0117ms ir patalynei. Didelis stalvir\u0161is puikiai tinka knygoms ar m\u0117gstamiems \u017eaislams. Nuleistas stalvir\u0161is ir papildoma galin\u0117 panel\u0117 apsaugo j\u016bs\u0173 vaiko daiktus nuo i\u0161kritimo. Daugiau jokie \u017eaislai nenukris u\u017e bald\u0173.<br \/>\n\u2022 \u0160iuolaikinis dizainas.<br \/>\n\u2022 U\u017eapvalinti kampai.<br \/>\n\u2022 Labai funkcionalus.<br \/>\n\u2022 Didel\u0117s, ergonomi\u0161kos rankenos.<br \/>\n\u2022 Reguliuojamos kojel\u0117s.<br \/>\n\u2022 Pilno i\u0161traukimo stal\u010diai su sustiprintu dugnu.<\/p>","protected":false},"excerpt":{"rendered":"<p>\u201eMevel 06\u201c komoda suteikia daug vietos daiktams susid\u0117ti ir leid\u017eia eksponuoti m\u0117gstamiausius daiktus. Joje yra trys erdv\u016bs stal\u010diai, puikiai tinkantys apatiniams drabu\u017eiams, kojin\u0117ms ir patalynei. Didelis stalvir\u0161is puikiai tinka knygoms ar m\u0117gstamiems \u017eaislams. Nuleistas stalvir\u0161is ir papildoma galin\u0117 panel\u0117 apsaugo j\u016bs\u0173 vaiko daiktus nuo kritimo. N\u0117ra [\u2026]<\/p>","protected":false},"featured_media":97613,"comment_status":"open","ping_status":"open","template":"","meta":[],"product_brand":[],"product_cat":[9245,1173,2255],"product_tag":[],"class_list":{"0":"post-97612","1":"product","2":"type-product","3":"status-publish","4":"has-post-thumbnail","6":"product_cat-furniture-system-mevel-ml-meble","7":"product_cat-chests-of-drawers","8":"product_cat-ml-meble","10":"first","11":"instock","12":"purchasable","13":"product-type-simple"},"_links":{"self":[{"href":"https:\/\/baldumarket.lt\/lt\/wp-json\/wp\/v2\/product\/97612","targetHints":{"allow":["GET"]}}],"collection":[{"href":"https:\/\/baldumarket.lt\/lt\/wp-json\/wp\/v2\/product"}],"about":[{"href":"https:\/\/baldumarket.lt\/lt\/wp-json\/wp\/v2\/types\/product"}],"replies":[{"embeddable":true,"href":"https:\/\/baldumarket.lt\/lt\/wp-json\/wp\/v2\/comments?post=97612"}],"wp:featuredmedia":[{"embeddable":true,"href":"https:\/\/baldumarket.lt\/lt\/wp-json\/wp\/v2\/media\/97613"}],"wp:attachment":[{"href":"https:\/\/baldumarket.lt\/lt\/wp-json\/wp\/v2\/media?parent=97612"}],"wp:term":[{"taxonomy":"product_brand","embeddable":true,"href":"https:\/\/baldumarket.lt\/lt\/wp-json\/wp\/v2\/product_brand?post=97612"},{"taxonomy":"product_cat","embeddable":true,"href":"https:\/\/baldumarket.lt\/lt\/wp-json\/wp\/v2\/product_cat?post=97612"},{"taxonomy":"product_tag","embeddable":true,"href":"https:\/\/baldumarket.lt\/lt\/wp-json\/wp\/v2\/product_tag?post=97612"}],"curies":[{"name":"wp","href":"https:\/\/api.w.org\/{rel}","templated":true}]}}