{"id":97593,"date":"2025-12-05T16:28:26","date_gmt":"2025-12-05T13:28:26","guid":{"rendered":"https:\/\/baldumarket.lt\/product\/mevel-11-piasek-pustyni-polka\/"},"modified":"2026-02-03T23:53:32","modified_gmt":"2026-02-03T20:53:32","slug":"mevel-11-piasek-pustyni-polka","status":"publish","type":"product","link":"https:\/\/baldumarket.lt\/lt\/product\/mevel-11-piasek-pustyni-polka\/","title":{"rendered":"Mevel 11 dykumos sm\u0117lis \u2013 lentyna"},"content":{"rendered":"<p>Pakabinama lentyna \u201eMevel 11\u201c \u2013 puikus b\u016bdas eksponuoti m\u0117gstamiausius daiktus. Ant jos galite eksponuoti m\u0117gstamiausius \u017eaislus, atostog\u0173 suvenyrus ar knygas. Ji puikiai atrodys vir\u0161 stalo, komodos ar lovos.<br \/>\n\u2022 \u0160iuolaikinis dizainas.<br \/>\n\u2022 Lengvas surinkimas.<\/p>","protected":false},"excerpt":{"rendered":"<p>Pakabinama lentyna \u201eMevel 11\u201c \u2013 puikus b\u016bdas eksponuoti m\u0117gstamiausius daiktus. Ant jos galite eksponuoti m\u0117gstamiausius \u017eaislus, atostog\u0173 suvenyrus ar knygas. Ji puikiai atrodys vir\u0161 stalo, komodos ar lovos. \u2022 \u0160iuolaiki\u0161kas dizainas. \u2022 Lengvas surinkimas.<\/p>","protected":false},"featured_media":97594,"comment_status":"open","ping_status":"open","template":"","meta":[],"product_brand":[],"product_cat":[9245,1174,2255],"product_tag":[],"class_list":{"0":"post-97593","1":"product","2":"type-product","3":"status-publish","4":"has-post-thumbnail","6":"product_cat-furniture-system-mevel-ml-meble","7":"product_cat-hanging-shelves","8":"product_cat-ml-meble","10":"first","11":"instock","12":"purchasable","13":"product-type-simple"},"_links":{"self":[{"href":"https:\/\/baldumarket.lt\/lt\/wp-json\/wp\/v2\/product\/97593","targetHints":{"allow":["GET"]}}],"collection":[{"href":"https:\/\/baldumarket.lt\/lt\/wp-json\/wp\/v2\/product"}],"about":[{"href":"https:\/\/baldumarket.lt\/lt\/wp-json\/wp\/v2\/types\/product"}],"replies":[{"embeddable":true,"href":"https:\/\/baldumarket.lt\/lt\/wp-json\/wp\/v2\/comments?post=97593"}],"wp:featuredmedia":[{"embeddable":true,"href":"https:\/\/baldumarket.lt\/lt\/wp-json\/wp\/v2\/media\/97594"}],"wp:attachment":[{"href":"https:\/\/baldumarket.lt\/lt\/wp-json\/wp\/v2\/media?parent=97593"}],"wp:term":[{"taxonomy":"product_brand","embeddable":true,"href":"https:\/\/baldumarket.lt\/lt\/wp-json\/wp\/v2\/product_brand?post=97593"},{"taxonomy":"product_cat","embeddable":true,"href":"https:\/\/baldumarket.lt\/lt\/wp-json\/wp\/v2\/product_cat?post=97593"},{"taxonomy":"product_tag","embeddable":true,"href":"https:\/\/baldumarket.lt\/lt\/wp-json\/wp\/v2\/product_tag?post=97593"}],"curies":[{"name":"wp","href":"https:\/\/api.w.org\/{rel}","templated":true}]}}