{"id":97554,"date":"2025-12-05T16:27:46","date_gmt":"2025-12-05T13:27:46","guid":{"rendered":"https:\/\/baldumarket.lt\/product\/mevel-03-piasek-pustyni-regal\/"},"modified":"2026-02-03T23:53:32","modified_gmt":"2026-02-03T20:53:32","slug":"mevel-03-piasek-pustyni-regal","status":"publish","type":"product","link":"https:\/\/baldumarket.lt\/lt\/product\/mevel-03-piasek-pustyni-regal\/","title":{"rendered":"Mevel 03 Dykumos sm\u0117lis \u2013 lentyna"},"content":{"rendered":"<p>\u201eMevel 03\u201c knyg\u0173 lentyna suteikia daug vietos m\u0117gstamiausiems daiktams laikyti ir eksponuoti. Joje yra penkios erdvios ni\u0161os. Atviros lentynos puikiai tinka knygoms, \u017eaislams ar fig\u016br\u0117li\u0173 kolekcijai.<br \/>\n\u2022 \u0160iuolaikinis dizainas.<br \/>\n\u2022 Didelis funkcionalumas.<br \/>\n\u2022 Tinkamai parinktas koj\u0173 auk\u0161tis.<\/p>","protected":false},"excerpt":{"rendered":"<p>\u201eMevel 03\u201c knyg\u0173 lentyna suteikia daug vietos m\u0117gstamiausiems daiktams laikyti ir eksponuoti. Joje yra penkios erdvios ni\u0161os. Atviros lentynos puikiai tinka knygoms, \u017eaislams ar fig\u016br\u0117li\u0173 kolekcijai. \u2022 \u0160iuolaiki\u0161kas dizainas. \u2022 Didelis funkcionalumas. \u2022 Tinkamo auk\u0161\u010dio kojel\u0117s.<\/p>","protected":false},"featured_media":97555,"comment_status":"open","ping_status":"open","template":"","meta":[],"product_brand":[],"product_cat":[9245,2255,1987],"product_tag":[],"class_list":{"0":"post-97554","1":"product","2":"type-product","3":"status-publish","4":"has-post-thumbnail","6":"product_cat-furniture-system-mevel-ml-meble","7":"product_cat-ml-meble","8":"product_cat-shelving-units","10":"first","11":"instock","12":"purchasable","13":"product-type-simple"},"_links":{"self":[{"href":"https:\/\/baldumarket.lt\/lt\/wp-json\/wp\/v2\/product\/97554","targetHints":{"allow":["GET"]}}],"collection":[{"href":"https:\/\/baldumarket.lt\/lt\/wp-json\/wp\/v2\/product"}],"about":[{"href":"https:\/\/baldumarket.lt\/lt\/wp-json\/wp\/v2\/types\/product"}],"replies":[{"embeddable":true,"href":"https:\/\/baldumarket.lt\/lt\/wp-json\/wp\/v2\/comments?post=97554"}],"wp:featuredmedia":[{"embeddable":true,"href":"https:\/\/baldumarket.lt\/lt\/wp-json\/wp\/v2\/media\/97555"}],"wp:attachment":[{"href":"https:\/\/baldumarket.lt\/lt\/wp-json\/wp\/v2\/media?parent=97554"}],"wp:term":[{"taxonomy":"product_brand","embeddable":true,"href":"https:\/\/baldumarket.lt\/lt\/wp-json\/wp\/v2\/product_brand?post=97554"},{"taxonomy":"product_cat","embeddable":true,"href":"https:\/\/baldumarket.lt\/lt\/wp-json\/wp\/v2\/product_cat?post=97554"},{"taxonomy":"product_tag","embeddable":true,"href":"https:\/\/baldumarket.lt\/lt\/wp-json\/wp\/v2\/product_tag?post=97554"}],"curies":[{"name":"wp","href":"https:\/\/api.w.org\/{rel}","templated":true}]}}