{"id":97547,"date":"2025-12-05T16:27:38","date_gmt":"2025-12-05T13:27:38","guid":{"rendered":"https:\/\/baldumarket.lt\/product\/sophie-08-01-cashmere-toaletka\/"},"modified":"2026-02-03T23:53:32","modified_gmt":"2026-02-03T20:53:32","slug":"sophie-08-01-cashmere-toaletka","status":"publish","type":"product","link":"https:\/\/baldumarket.lt\/lt\/product\/sophie-08-01-cashmere-toaletka\/","title":{"rendered":"Sophie 08-01 ka\u0161myro tualetinis staliukas"},"content":{"rendered":"<p>\u201eSophie 08\u201c tualetinis staliukas \u2013 puikus j\u016bs\u0173 miegamojo papildymas. Ant plataus stalvir\u0161io galite laikyti m\u0117gstamus kvepalus, kasdien\u0119 kosmetik\u0105 ar ak\u012f traukian\u010di\u0105 g\u0117li\u0173 puok\u0161t\u0119. Erdvus stal\u010dius suteikia patogios vietos kitiems b\u016btiniausiems daiktams. \u201eSophie 08\u201c si\u016blo daugiau nei vien funkcionalum\u0105. M\u016bs\u0173 baldai yra \u0161iuolaiki\u0161kos elegancijos sinonimas. Ka\u0161myro dekoro detal\u0117s, frezuoti MDF fasadai ir \u0161lifuoto aukso spalvos ranken\u0117l\u0117s \u2013 tai visos \u201eSophie\u201c kolekcijos esm\u0117.<br \/>\n\u2022 Funkcionalus baldas su gra\u017eiu dizainu.<br \/>\n\u2022 Padidinta stal\u010di\u0173 talpa d\u0117l specialaus sutvirtinto dugno.<br \/>\n\u2022 Stal\u010diai su patogia pilno i\u0161traukimo sistema.<br \/>\n\u2022 Prid\u0117kite prie tualetinio staliuko veidrod\u012f \u201eSophie 11\u201c ir sukurkite tobul\u0105 miegamojo bald\u0173 komplekt\u0105.<\/p>","protected":false},"excerpt":{"rendered":"<p>\u201eSophie 08\u201c tualetinis staliukas puikiai papildys j\u016bs\u0173 miegam\u0105j\u012f. Ant plataus stalvir\u0161io galite laikyti m\u0117gstamus kvepalus, kasdien\u0119 kosmetik\u0105 ar ak\u012f traukian\u010di\u0105 g\u0117li\u0173 puok\u0161t\u0119. Erdvus stal\u010dius suteikia patogios vietos kitiems b\u016btiniausiems daiktams. \u201eSophie 08\u201c si\u016blo daugiau nei vien funkcionalum\u0105. M\u016bs\u0173 baldai yra \u0161iuolaikin\u0117s elegancijos sinonimas. Ka\u0161myro [\u2026]<\/p>","protected":false},"featured_media":97548,"comment_status":"open","ping_status":"open","template":"","meta":[],"product_brand":[],"product_cat":[9240,1237,2255],"product_tag":[],"class_list":{"0":"post-97547","1":"product","2":"type-product","3":"status-publish","4":"has-post-thumbnail","6":"product_cat-furniture-system-sophie-ml-meble","7":"product_cat-dressing-tables","8":"product_cat-ml-meble","10":"first","11":"instock","12":"purchasable","13":"product-type-simple"},"_links":{"self":[{"href":"https:\/\/baldumarket.lt\/lt\/wp-json\/wp\/v2\/product\/97547","targetHints":{"allow":["GET"]}}],"collection":[{"href":"https:\/\/baldumarket.lt\/lt\/wp-json\/wp\/v2\/product"}],"about":[{"href":"https:\/\/baldumarket.lt\/lt\/wp-json\/wp\/v2\/types\/product"}],"replies":[{"embeddable":true,"href":"https:\/\/baldumarket.lt\/lt\/wp-json\/wp\/v2\/comments?post=97547"}],"wp:featuredmedia":[{"embeddable":true,"href":"https:\/\/baldumarket.lt\/lt\/wp-json\/wp\/v2\/media\/97548"}],"wp:attachment":[{"href":"https:\/\/baldumarket.lt\/lt\/wp-json\/wp\/v2\/media?parent=97547"}],"wp:term":[{"taxonomy":"product_brand","embeddable":true,"href":"https:\/\/baldumarket.lt\/lt\/wp-json\/wp\/v2\/product_brand?post=97547"},{"taxonomy":"product_cat","embeddable":true,"href":"https:\/\/baldumarket.lt\/lt\/wp-json\/wp\/v2\/product_cat?post=97547"},{"taxonomy":"product_tag","embeddable":true,"href":"https:\/\/baldumarket.lt\/lt\/wp-json\/wp\/v2\/product_tag?post=97547"}],"curies":[{"name":"wp","href":"https:\/\/api.w.org\/{rel}","templated":true}]}}