{"id":97540,"date":"2025-12-05T16:27:32","date_gmt":"2025-12-05T13:27:32","guid":{"rendered":"https:\/\/baldumarket.lt\/product\/toscania-07-dab-baltic-dune-jesion-prestige-czarny-stolik\/"},"modified":"2026-02-03T23:53:32","modified_gmt":"2026-02-03T20:53:32","slug":"toscania-07-dab-baltic-dune-jesion-prestige-czarny-stolik","status":"publish","type":"product","link":"https:\/\/baldumarket.lt\/lt\/product\/toscania-07-dab-baltic-dune-jesion-prestige-czarny-stolik\/","title":{"rendered":"Toscania 07 Baltic Dune Oak\/Prestige Black Ash \u2013 Kavos staliukas"},"content":{"rendered":"<p>\u201eToscania 07\u201c kavos staliukas \u2013 tobulas svetain\u0117s baldas. Pastatytas svetain\u0117s centre, jis taps neatsiejama j\u016bs\u0173 interjero dalimi. Ant jo gal\u0117site pad\u0117ti puodel\u012f kavos, laikra\u0161t\u012f ir visada po ranka tur\u0117ti televizoriaus nuotolinio valdymo pult\u0105. Platus stalvir\u0161is leid\u017eia eksponuoti tokius daiktus kaip m\u0117gstamus albumus. Dvi erdvios ni\u0161os po stalvir\u0161iu puikiai tinka knygoms, \u017eurnalams ar \u017evak\u0117ms laikyti. \u201eToscania 07\u201c staliukas derina auk\u0161t\u0105 funkcionalum\u0105 ir modern\u0173 dizain\u0105.<br \/>\n\u2022 Specialiai suformuotos metalin\u0117s kojel\u0117s.<\/p>","protected":false},"excerpt":{"rendered":"<p>\u201eToscania 07\u201c kavos staliukas \u2013 tobulas svetain\u0117s baldas. Pastatytas svetain\u0117s centre, jis taps neatsiejama j\u016bs\u0173 interjero detale. Ant jo gal\u0117site pad\u0117ti puodel\u012f kavos, laikra\u0161t\u012f ir visada po ranka tur\u0117ti televizoriaus nuotolinio valdymo pult\u0105. Platus stalvir\u0161is leid\u017eia [\u2026]<\/p>","protected":false},"featured_media":97541,"comment_status":"open","ping_status":"open","template":"","meta":[],"product_brand":[],"product_cat":[2255,9213,1934,9116],"product_tag":[],"class_list":{"0":"post-97540","1":"product","2":"type-product","3":"status-publish","4":"has-post-thumbnail","6":"product_cat-ml-meble","7":"product_cat-furniture-system-toscania-ml-meble","8":"product_cat-tables","9":"product_cat-toscania","11":"first","12":"instock","13":"purchasable","14":"product-type-simple"},"_links":{"self":[{"href":"https:\/\/baldumarket.lt\/lt\/wp-json\/wp\/v2\/product\/97540","targetHints":{"allow":["GET"]}}],"collection":[{"href":"https:\/\/baldumarket.lt\/lt\/wp-json\/wp\/v2\/product"}],"about":[{"href":"https:\/\/baldumarket.lt\/lt\/wp-json\/wp\/v2\/types\/product"}],"replies":[{"embeddable":true,"href":"https:\/\/baldumarket.lt\/lt\/wp-json\/wp\/v2\/comments?post=97540"}],"wp:featuredmedia":[{"embeddable":true,"href":"https:\/\/baldumarket.lt\/lt\/wp-json\/wp\/v2\/media\/97541"}],"wp:attachment":[{"href":"https:\/\/baldumarket.lt\/lt\/wp-json\/wp\/v2\/media?parent=97540"}],"wp:term":[{"taxonomy":"product_brand","embeddable":true,"href":"https:\/\/baldumarket.lt\/lt\/wp-json\/wp\/v2\/product_brand?post=97540"},{"taxonomy":"product_cat","embeddable":true,"href":"https:\/\/baldumarket.lt\/lt\/wp-json\/wp\/v2\/product_cat?post=97540"},{"taxonomy":"product_tag","embeddable":true,"href":"https:\/\/baldumarket.lt\/lt\/wp-json\/wp\/v2\/product_tag?post=97540"}],"curies":[{"name":"wp","href":"https:\/\/api.w.org\/{rel}","templated":true}]}}