{"id":97530,"date":"2025-12-05T16:27:21","date_gmt":"2025-12-05T13:27:21","guid":{"rendered":"https:\/\/baldumarket.lt\/product\/toscania-06-dab-baltic-dune-jesion-prestige-czarny-rtv-2d1s\/"},"modified":"2026-02-03T23:53:32","modified_gmt":"2026-02-03T20:53:32","slug":"toscania-06-dab-baltic-dune-jesion-prestige-czarny-rtv-2d1s","status":"publish","type":"product","link":"https:\/\/baldumarket.lt\/lt\/product\/toscania-06-dab-baltic-dune-jesion-prestige-czarny-rtv-2d1s\/","title":{"rendered":"\u201eToscania 06\u201c \u2013 \u201eBaltijos kop\u0173 \u0105\u017euolas\u201c \/ \u201ePrestige Black Ash\u201c \u2013 RTV 2D1S"},"content":{"rendered":"<p>\u201eToscania 06\u201c televizoriaus staliukas \u2013 puikus baldas j\u016bs\u0173 televizoriui. Dvi u\u017edaros ni\u0161os sukuria daug vietos daiktams susid\u0117ti, o atviros lentynos ir platus stalvir\u0161is leid\u017eia lengvai susitvarkyti multimedijos \u012frang\u0105. \u201eToscania 06\u201c staliukas derina auk\u0161t\u0105 funkcionalum\u0105 ir \u0161iuolaiki\u0161k\u0105 dizain\u0105. Ranken\u0117li\u0173 neturintys fasadai dar labiau pabr\u0117\u017eia modern\u0173 \u0161io baldo stili\u0173, kuris pateisins j\u016bs\u0173 l\u016bkes\u010dius.<br \/>\n\u2022 Funkcionalus baldas su gra\u017eiu dizainu.<br \/>\n\u2022 Patogus dur\u0173 atidarymas paspaudus.<br \/>\n\u2022 Stal\u010diai su sutvirtintais dugnais ir pilno i\u0161traukimo funkcija.<br \/>\n\u2022 Specialiai suformuotos metalin\u0117s kojel\u0117s.<\/p>","protected":false},"excerpt":{"rendered":"<p>\u201eToscania 06\u201c televizoriaus staliukas \u2013 puikus baldas j\u016bs\u0173 televizoriui. Dvi u\u017edaros ni\u0161os sukuria daug vietos daiktams susid\u0117ti, o atviros lentynos ir platus stalvir\u0161is leid\u017eia lengvai susitvarkyti multimedijos \u012frang\u0105. \u201eToscania 06\u201c staliukas sujungia auk\u0161t\u0105 funkcionalum\u0105 ir \u0161iuolaiki\u0161k\u0105 dizain\u0105. Ranken\u0117li\u0173 neturintys fasadai dar labiau pabr\u0117\u017eia modern\u0173 \u0161io [\u2026] stili\u0173.<\/p>","protected":false},"featured_media":97531,"comment_status":"open","ping_status":"open","template":"","meta":[],"product_brand":[],"product_cat":[2255,9213,9116,1175],"product_tag":[],"class_list":{"0":"post-97530","1":"product","2":"type-product","3":"status-publish","4":"has-post-thumbnail","6":"product_cat-ml-meble","7":"product_cat-furniture-system-toscania-ml-meble","8":"product_cat-toscania","9":"product_cat-tv-stands","11":"first","12":"instock","13":"purchasable","14":"product-type-simple"},"_links":{"self":[{"href":"https:\/\/baldumarket.lt\/lt\/wp-json\/wp\/v2\/product\/97530","targetHints":{"allow":["GET"]}}],"collection":[{"href":"https:\/\/baldumarket.lt\/lt\/wp-json\/wp\/v2\/product"}],"about":[{"href":"https:\/\/baldumarket.lt\/lt\/wp-json\/wp\/v2\/types\/product"}],"replies":[{"embeddable":true,"href":"https:\/\/baldumarket.lt\/lt\/wp-json\/wp\/v2\/comments?post=97530"}],"wp:featuredmedia":[{"embeddable":true,"href":"https:\/\/baldumarket.lt\/lt\/wp-json\/wp\/v2\/media\/97531"}],"wp:attachment":[{"href":"https:\/\/baldumarket.lt\/lt\/wp-json\/wp\/v2\/media?parent=97530"}],"wp:term":[{"taxonomy":"product_brand","embeddable":true,"href":"https:\/\/baldumarket.lt\/lt\/wp-json\/wp\/v2\/product_brand?post=97530"},{"taxonomy":"product_cat","embeddable":true,"href":"https:\/\/baldumarket.lt\/lt\/wp-json\/wp\/v2\/product_cat?post=97530"},{"taxonomy":"product_tag","embeddable":true,"href":"https:\/\/baldumarket.lt\/lt\/wp-json\/wp\/v2\/product_tag?post=97530"}],"curies":[{"name":"wp","href":"https:\/\/api.w.org\/{rel}","templated":true}]}}