{"id":97521,"date":"2025-12-05T16:27:12","date_gmt":"2025-12-05T13:27:12","guid":{"rendered":"https:\/\/baldumarket.lt\/product\/modesto-06-dab-stylowy-czarny-rtv2d\/"},"modified":"2026-02-03T23:53:32","modified_gmt":"2026-02-03T20:53:32","slug":"modesto-06-dab-stylowy-czarny-rtv2d","status":"publish","type":"product","link":"https:\/\/baldumarket.lt\/lt\/product\/modesto-06-dab-stylowy-czarny-rtv2d\/","title":{"rendered":"MODESTO 06 stilinga \u0105\u017euolo\/juoda \u2013 RTV2D"},"content":{"rendered":"<p>\u201eModesto 06\u201c televizoriaus staliukas \u2013 puikus baldas j\u016bs\u0173 televizoriui. Dvi u\u017edaros ni\u0161os sukuria daug vietos daiktams susid\u0117ti, o atviros lentynos ir platus stalvir\u0161is leid\u017eia lengvai susitvarkyti multimedijos \u012frang\u0105. Paprastas stilius, universalus patrauklumas, didelis funkcionalumas ir auk\u0161tos kokyb\u0117s \u201eModesto 06\u201c meistri\u0161kumas pateisins visus j\u016bs\u0173 l\u016bkes\u010dius.<br \/>\n\u2022 Funkcionalus baldas su gra\u017eiu dizainu.<br \/>\n\u2022 Papildomas naudojimo patogumas d\u0117l \u0161velniai u\u017esidaran\u010di\u0173 vyri\u0173.<br \/>\n\u2022 Ergonomi\u0161kos rankenos.<\/p>","protected":false},"excerpt":{"rendered":"<p>\u201eModesto 06\u201c televizoriaus staliukas \u2013 puikus baldas j\u016bs\u0173 televizoriui. Dvi u\u017edaros ni\u0161os sukuria daug vietos daiktams susid\u0117ti, o atviros lentynos ir platus stalvir\u0161is leid\u017eia lengvai susitvarkyti multimedijos \u012frang\u0105. Paprastas stilius, universalus patrauklumas, didelis funkcionalumas ir auk\u0161tos kokyb\u0117s \u201eModesto 06\u201c meistri\u0161kumas pateisins visus j\u016bs\u0173 l\u016bkes\u010dius. [\u2026]<\/p>","protected":false},"featured_media":97522,"comment_status":"open","ping_status":"open","template":"","meta":[],"product_brand":[],"product_cat":[2255,9219,1175],"product_tag":[],"class_list":{"0":"post-97521","1":"product","2":"type-product","3":"status-publish","4":"has-post-thumbnail","6":"product_cat-ml-meble","7":"product_cat-furniture-system-modesto-ml-meble","8":"product_cat-tv-stands","10":"first","11":"instock","12":"purchasable","13":"product-type-simple"},"_links":{"self":[{"href":"https:\/\/baldumarket.lt\/lt\/wp-json\/wp\/v2\/product\/97521","targetHints":{"allow":["GET"]}}],"collection":[{"href":"https:\/\/baldumarket.lt\/lt\/wp-json\/wp\/v2\/product"}],"about":[{"href":"https:\/\/baldumarket.lt\/lt\/wp-json\/wp\/v2\/types\/product"}],"replies":[{"embeddable":true,"href":"https:\/\/baldumarket.lt\/lt\/wp-json\/wp\/v2\/comments?post=97521"}],"wp:featuredmedia":[{"embeddable":true,"href":"https:\/\/baldumarket.lt\/lt\/wp-json\/wp\/v2\/media\/97522"}],"wp:attachment":[{"href":"https:\/\/baldumarket.lt\/lt\/wp-json\/wp\/v2\/media?parent=97521"}],"wp:term":[{"taxonomy":"product_brand","embeddable":true,"href":"https:\/\/baldumarket.lt\/lt\/wp-json\/wp\/v2\/product_brand?post=97521"},{"taxonomy":"product_cat","embeddable":true,"href":"https:\/\/baldumarket.lt\/lt\/wp-json\/wp\/v2\/product_cat?post=97521"},{"taxonomy":"product_tag","embeddable":true,"href":"https:\/\/baldumarket.lt\/lt\/wp-json\/wp\/v2\/product_tag?post=97521"}],"curies":[{"name":"wp","href":"https:\/\/api.w.org\/{rel}","templated":true}]}}