{"id":97510,"date":"2025-12-05T16:27:00","date_gmt":"2025-12-05T13:27:00","guid":{"rendered":"https:\/\/baldumarket.lt\/product\/urso-09-craft-zloty-czarny-szafka-nocna-1d\/"},"modified":"2026-02-03T23:53:33","modified_gmt":"2026-02-03T20:53:33","slug":"urso-09-craft-zloty-czarny-szafka-nocna-1d","status":"publish","type":"product","link":"https:\/\/baldumarket.lt\/lt\/product\/urso-09-craft-zloty-czarny-szafka-nocna-1d\/","title":{"rendered":"URSO 09 craft auksin\u0117\/juoda \u2013 1D naktinis staliukas"},"content":{"rendered":"<p>\u201eUrso 09\u201c naktinis staliukas yra b\u016btinas j\u016bs\u0173 lovos baldas. D\u0117l tinkamo auk\u0161\u010dio stalvir\u0161io visada tur\u0117site visk\u0105, ko jums reikia, po ranka. Atvira ni\u0161a puikiai tinka laikra\u0161\u010diams ar knygoms laikyti. Apatin\u0117 dalis si\u016blo erdvi\u0105, rakinam\u0105 daiktad\u0117\u017e\u0119. \u201eUrso 06\u201c dizainas derina klasikin\u012f \u0105\u017euolo ra\u0161to stili\u0173 su moderniu juod\u0173 element\u0173 pavidalu. Original\u016bs, frezuoti \u012fd\u0117klai pabr\u0117\u017eia unikal\u0173 vis\u0173 \u201eUrso\u201c kolekcijos bald\u0173 charakter\u012f.<br \/>\n\u2022 Funkcionalus baldas su gra\u017eiu dizainu.<br \/>\n\u2022 Papildomas naudojimo patogumas d\u0117l \u0161velniai u\u017esidaran\u010di\u0173 vyri\u0173.<br \/>\n\u2022 \u012erengin\u012f galima surinkti su pasirinktomis dureli\u0173 atidarymo pus\u0117mis.<br \/>\n\u2022 Grioveliais i\u0161klotos MDF plok\u0161t\u0117s.<br \/>\n\u2022 Ergonomi\u0161kos rankenos.<\/p>","protected":false},"excerpt":{"rendered":"<p>\u201eUrso 09\u201c naktinis staliukas yra b\u016btinas j\u016bs\u0173 lovos baldas. D\u0117l tinkamo auk\u0161\u010dio stalvir\u0161io visada tur\u0117site visk\u0105, ko jums reikia, po ranka. Atvira \u012fduba puikiai tinka laikra\u0161\u010diams ar knygoms laikyti. Apatin\u0117 dalis si\u016blo erdvi\u0105, rakinam\u0105 daikt\u0173 laikymo viet\u0105. \u201eUrso 06\u201c dizainas apjungia [\u2026]<\/p>","protected":false},"featured_media":97511,"comment_status":"open","ping_status":"open","template":"","meta":[],"product_brand":[],"product_cat":[1176,2255,9220],"product_tag":[],"class_list":{"0":"post-97510","1":"product","2":"type-product","3":"status-publish","4":"has-post-thumbnail","6":"product_cat-bedside-tables","7":"product_cat-ml-meble","8":"product_cat-furniture-system-urso-ml-meble","10":"first","11":"instock","12":"purchasable","13":"product-type-simple"},"_links":{"self":[{"href":"https:\/\/baldumarket.lt\/lt\/wp-json\/wp\/v2\/product\/97510","targetHints":{"allow":["GET"]}}],"collection":[{"href":"https:\/\/baldumarket.lt\/lt\/wp-json\/wp\/v2\/product"}],"about":[{"href":"https:\/\/baldumarket.lt\/lt\/wp-json\/wp\/v2\/types\/product"}],"replies":[{"embeddable":true,"href":"https:\/\/baldumarket.lt\/lt\/wp-json\/wp\/v2\/comments?post=97510"}],"wp:featuredmedia":[{"embeddable":true,"href":"https:\/\/baldumarket.lt\/lt\/wp-json\/wp\/v2\/media\/97511"}],"wp:attachment":[{"href":"https:\/\/baldumarket.lt\/lt\/wp-json\/wp\/v2\/media?parent=97510"}],"wp:term":[{"taxonomy":"product_brand","embeddable":true,"href":"https:\/\/baldumarket.lt\/lt\/wp-json\/wp\/v2\/product_brand?post=97510"},{"taxonomy":"product_cat","embeddable":true,"href":"https:\/\/baldumarket.lt\/lt\/wp-json\/wp\/v2\/product_cat?post=97510"},{"taxonomy":"product_tag","embeddable":true,"href":"https:\/\/baldumarket.lt\/lt\/wp-json\/wp\/v2\/product_tag?post=97510"}],"curies":[{"name":"wp","href":"https:\/\/api.w.org\/{rel}","templated":true}]}}