{"id":97504,"date":"2025-12-05T16:26:54","date_gmt":"2025-12-05T13:26:54","guid":{"rendered":"https:\/\/baldumarket.lt\/product\/urso-12-craft-zloty-czarny-polka\/"},"modified":"2026-02-03T23:53:33","modified_gmt":"2026-02-03T20:53:33","slug":"urso-12-craft-zloty-czarny-polka","status":"publish","type":"product","link":"https:\/\/baldumarket.lt\/lt\/product\/urso-12-craft-zloty-czarny-polka\/","title":{"rendered":"URSO 12 auksin\u0117\/juoda lentyna"},"content":{"rendered":"<p>Pakabinama lentyna \u201eUrso 12\u201c \u2013 puikus baldas, u\u017epildantis tu\u0161\u010di\u0105 erdv\u0119 vir\u0161 sofos, komodos ar televizoriaus. Jos plotis suteikia pakankamai vietos m\u0117gstamiausiems daiktams eksponuoti. Beveik 100 centimetr\u0173 lentynoje galite eksponuoti fig\u016br\u0117li\u0173, nuotrauk\u0173 r\u0117meli\u0173 ar kit\u0173 nam\u0173 dekoro element\u0173 kolekcij\u0105. \u201eUrso 12\u201c dizainas derina klasikin\u012f \u0105\u017euolo ra\u0161to stili\u0173 su moderniu juodo stalvir\u0161io pavidalu.<br \/>\n\u2022 Funkcionalus baldas su gra\u017eiu akcentu.<br \/>\n\u2022 Puikiai tinka vir\u0161 \u201eUrso 06\u201c ir \u201eUrso 07\u201c komod\u0173 bei \u201eUrso 08\u201c televizoriaus staliuko.<br \/>\n\u2022 Lengvas surinkimas.<\/p>","protected":false},"excerpt":{"rendered":"<p>Pakabinama lentyna \u201eUrso 12\u201c \u2013 puikus baldas, u\u017epildantis tu\u0161\u010di\u0105 erdv\u0119 vir\u0161 sofos, komodos ar televizoriaus. Jos plotis suteikia pakankamai vietos m\u0117gstamiausiems daiktams eksponuoti. Beveik 100 centimetr\u0173 lentyna leid\u017eia eksponuoti fig\u016br\u0117li\u0173, nuotrauk\u0173 r\u0117meli\u0173 ar kit\u0173 nam\u0173 dekoro element\u0173 kolekcij\u0105. \u201eUrso 12\u201c dizainas apjungia [\u2026]<\/p>","protected":false},"featured_media":97505,"comment_status":"open","ping_status":"open","template":"","meta":[],"product_brand":[],"product_cat":[1174,2255,9220],"product_tag":[],"class_list":{"0":"post-97504","1":"product","2":"type-product","3":"status-publish","4":"has-post-thumbnail","6":"product_cat-hanging-shelves","7":"product_cat-ml-meble","8":"product_cat-furniture-system-urso-ml-meble","10":"first","11":"instock","12":"purchasable","13":"product-type-simple"},"_links":{"self":[{"href":"https:\/\/baldumarket.lt\/lt\/wp-json\/wp\/v2\/product\/97504","targetHints":{"allow":["GET"]}}],"collection":[{"href":"https:\/\/baldumarket.lt\/lt\/wp-json\/wp\/v2\/product"}],"about":[{"href":"https:\/\/baldumarket.lt\/lt\/wp-json\/wp\/v2\/types\/product"}],"replies":[{"embeddable":true,"href":"https:\/\/baldumarket.lt\/lt\/wp-json\/wp\/v2\/comments?post=97504"}],"wp:featuredmedia":[{"embeddable":true,"href":"https:\/\/baldumarket.lt\/lt\/wp-json\/wp\/v2\/media\/97505"}],"wp:attachment":[{"href":"https:\/\/baldumarket.lt\/lt\/wp-json\/wp\/v2\/media?parent=97504"}],"wp:term":[{"taxonomy":"product_brand","embeddable":true,"href":"https:\/\/baldumarket.lt\/lt\/wp-json\/wp\/v2\/product_brand?post=97504"},{"taxonomy":"product_cat","embeddable":true,"href":"https:\/\/baldumarket.lt\/lt\/wp-json\/wp\/v2\/product_cat?post=97504"},{"taxonomy":"product_tag","embeddable":true,"href":"https:\/\/baldumarket.lt\/lt\/wp-json\/wp\/v2\/product_tag?post=97504"}],"curies":[{"name":"wp","href":"https:\/\/api.w.org\/{rel}","templated":true}]}}