{"id":97495,"date":"2025-12-05T16:26:45","date_gmt":"2025-12-05T13:26:45","guid":{"rendered":"https:\/\/baldumarket.lt\/product\/urso-08-craft-zloty-czarny-szafka-rtv-2d\/"},"modified":"2026-02-03T23:53:33","modified_gmt":"2026-02-03T20:53:33","slug":"urso-08-craft-zloty-czarny-szafka-rtv-2d","status":"publish","type":"product","link":"https:\/\/baldumarket.lt\/lt\/product\/urso-08-craft-zloty-czarny-szafka-rtv-2d\/","title":{"rendered":"URSO 08 craft auksin\u0117\/juoda \u2013 2D televizoriaus spintel\u0117"},"content":{"rendered":"<p>\u201eUrso 08\u201c televizoriaus staliukas \u2013 puikus baldas j\u016bs\u0173 televizoriui. Dvi u\u017edaros ni\u0161os sukuria daug vietos daiktams susid\u0117ti, o atviros lentynos ir platus stalvir\u0161is leid\u017eia lengvai susitvarkyti multimedijos \u012frang\u0105. \u201eUrso 06\u201c dizainas derina klasikin\u012f \u0105\u017euolo ra\u0161to stili\u0173 su moderniu juod\u0173 element\u0173 pavidalu. Original\u016bs, frezuoti \u012fd\u0117klai pabr\u0117\u017eia unikal\u0173 vis\u0173 \u201eUrso\u201c kolekcijos gamini\u0173 charakter\u012f.<br \/>\n\u2022 Funkcionalus baldas su gra\u017eiu dizainu.<br \/>\n\u2022 Papildomas naudojimo patogumas d\u0117l \u0161velniai u\u017esidaran\u010di\u0173 vyri\u0173.<br \/>\n\u2022 Grioveliais i\u0161klotos MDF plok\u0161t\u0117s.<br \/>\n\u2022 Ergonomi\u0161kos rankenos.<\/p>","protected":false},"excerpt":{"rendered":"<p>\u201eUrso 08\u201c televizoriaus staliukas \u2013 puikus baldas j\u016bs\u0173 televizoriui. Dvi u\u017edaros ni\u0161os sukuria daug vietos daiktams susid\u0117ti, o atviros lentynos ir platus stalvir\u0161is leid\u017eia lengvai susitvarkyti multimedijos \u012frang\u0105. \u201eUrso 06\u201c dizainas derina klasikin\u012f \u0105\u017euolo ra\u0161to stili\u0173 su moderniu [\u2026]<\/p>","protected":false},"featured_media":97496,"comment_status":"open","ping_status":"open","template":"","meta":[],"product_brand":[],"product_cat":[2255,9220,1175],"product_tag":[],"class_list":{"0":"post-97495","1":"product","2":"type-product","3":"status-publish","4":"has-post-thumbnail","6":"product_cat-ml-meble","7":"product_cat-furniture-system-urso-ml-meble","8":"product_cat-tv-stands","10":"first","11":"instock","12":"purchasable","13":"product-type-simple"},"_links":{"self":[{"href":"https:\/\/baldumarket.lt\/lt\/wp-json\/wp\/v2\/product\/97495","targetHints":{"allow":["GET"]}}],"collection":[{"href":"https:\/\/baldumarket.lt\/lt\/wp-json\/wp\/v2\/product"}],"about":[{"href":"https:\/\/baldumarket.lt\/lt\/wp-json\/wp\/v2\/types\/product"}],"replies":[{"embeddable":true,"href":"https:\/\/baldumarket.lt\/lt\/wp-json\/wp\/v2\/comments?post=97495"}],"wp:featuredmedia":[{"embeddable":true,"href":"https:\/\/baldumarket.lt\/lt\/wp-json\/wp\/v2\/media\/97496"}],"wp:attachment":[{"href":"https:\/\/baldumarket.lt\/lt\/wp-json\/wp\/v2\/media?parent=97495"}],"wp:term":[{"taxonomy":"product_brand","embeddable":true,"href":"https:\/\/baldumarket.lt\/lt\/wp-json\/wp\/v2\/product_brand?post=97495"},{"taxonomy":"product_cat","embeddable":true,"href":"https:\/\/baldumarket.lt\/lt\/wp-json\/wp\/v2\/product_cat?post=97495"},{"taxonomy":"product_tag","embeddable":true,"href":"https:\/\/baldumarket.lt\/lt\/wp-json\/wp\/v2\/product_tag?post=97495"}],"curies":[{"name":"wp","href":"https:\/\/api.w.org\/{rel}","templated":true}]}}