{"id":97485,"date":"2025-12-05T16:26:34","date_gmt":"2025-12-05T13:26:34","guid":{"rendered":"https:\/\/baldumarket.lt\/product\/selgin-09-cashmere-konsola-1s\/"},"modified":"2026-02-03T23:53:33","modified_gmt":"2026-02-03T20:53:33","slug":"selgin-09-cashmere-konsola-1s","status":"publish","type":"product","link":"https:\/\/baldumarket.lt\/lt\/product\/selgin-09-cashmere-konsola-1s\/","title":{"rendered":"Selgin 09 ka\u0161myras \u2013 1S konsol\u0117"},"content":{"rendered":"<p>\u201eSelgin 09\u201c tualetinis staliukas puikiai papildys j\u016bs\u0173 miegam\u0105j\u012f. Didelis stalvir\u0161is leid\u017eia jums pademonstruoti savo kvepal\u0173 kolekcij\u0105 ir laikyti makia\u017e\u0105. Jei pageidaujate minimalistin\u0117s tvarkos, galite laikyti vis\u0105 kosmetik\u0105 erdviame stal\u010diuje, o stalvir\u0161is gali tarnauti kaip vieta vazai su j\u016bs\u0173 m\u0117gstamomis g\u0117l\u0117mis. \u201eSelgin 09\u201c taip pat gali b\u016bti naudojamas kaip konsolinis staliukas, pavyzd\u017eiui, koridoriuje. Dizain\u0105 vainikuoja stilinga aukso spalvos rankena. Dvigubai cinkuotas metalinis elementas garantuoja patog\u0173 naudojim\u0105 daugel\u012f met\u0173. \u201eSelgin\u201c kolekcijos baldai derina auk\u0161t\u0105 funkcionalum\u0105 ir stulbinant\u012f dizain\u0105.<br \/>\n\u2022 Ergonomi\u0161kos rankenos.<br \/>\n\u2022 Padidinta stal\u010di\u0173 talpa d\u0117l specialaus sutvirtinto dugno.<br \/>\n\u2022 Stal\u010diai su patogia pilno i\u0161traukimo sistema.<\/p>","protected":false},"excerpt":{"rendered":"<p>\u201eSelgin 09\u201c tualetinis staliukas puikiai papildys j\u016bs\u0173 miegam\u0105j\u012f. Didelis stalvir\u0161is leid\u017eia jums pademonstruoti savo kvepal\u0173 kolekcij\u0105 ir laikyti makia\u017e\u0105. Jei pageidaujate minimalistin\u0117s tvarkos, galite laikyti vis\u0105 kosmetik\u0105 erdviame stal\u010diuje, o stalvir\u0161is gali tarnauti kaip vieta vazai su j\u016bs\u0173 m\u0117gstamiausiomis g\u0117l\u0117mis. [\u2026]<\/p>","protected":false},"featured_media":97486,"comment_status":"open","ping_status":"open","template":"","meta":[],"product_brand":[],"product_cat":[1237,2255,9217],"product_tag":[],"class_list":{"0":"post-97485","1":"product","2":"type-product","3":"status-publish","4":"has-post-thumbnail","6":"product_cat-dressing-tables","7":"product_cat-ml-meble","8":"product_cat-furniture-system-selgin-ml-meble","10":"first","11":"instock","12":"purchasable","13":"product-type-simple"},"_links":{"self":[{"href":"https:\/\/baldumarket.lt\/lt\/wp-json\/wp\/v2\/product\/97485","targetHints":{"allow":["GET"]}}],"collection":[{"href":"https:\/\/baldumarket.lt\/lt\/wp-json\/wp\/v2\/product"}],"about":[{"href":"https:\/\/baldumarket.lt\/lt\/wp-json\/wp\/v2\/types\/product"}],"replies":[{"embeddable":true,"href":"https:\/\/baldumarket.lt\/lt\/wp-json\/wp\/v2\/comments?post=97485"}],"wp:featuredmedia":[{"embeddable":true,"href":"https:\/\/baldumarket.lt\/lt\/wp-json\/wp\/v2\/media\/97486"}],"wp:attachment":[{"href":"https:\/\/baldumarket.lt\/lt\/wp-json\/wp\/v2\/media?parent=97485"}],"wp:term":[{"taxonomy":"product_brand","embeddable":true,"href":"https:\/\/baldumarket.lt\/lt\/wp-json\/wp\/v2\/product_brand?post=97485"},{"taxonomy":"product_cat","embeddable":true,"href":"https:\/\/baldumarket.lt\/lt\/wp-json\/wp\/v2\/product_cat?post=97485"},{"taxonomy":"product_tag","embeddable":true,"href":"https:\/\/baldumarket.lt\/lt\/wp-json\/wp\/v2\/product_tag?post=97485"}],"curies":[{"name":"wp","href":"https:\/\/api.w.org\/{rel}","templated":true}]}}