{"id":97475,"date":"2025-12-05T16:26:24","date_gmt":"2025-12-05T13:26:24","guid":{"rendered":"https:\/\/baldumarket.lt\/product\/selgin-06-cashmere-szafka-nocna-1s\/"},"modified":"2026-02-03T23:53:33","modified_gmt":"2026-02-03T20:53:33","slug":"selgin-06-cashmere-szafka-nocna-1s","status":"publish","type":"product","link":"https:\/\/baldumarket.lt\/lt\/product\/selgin-06-cashmere-szafka-nocna-1s\/","title":{"rendered":"Selgin 06 ka\u0161myro \u2013 naktinis staliukas 1S"},"content":{"rendered":"<p>\u201eSelgin 06\u201c naktinis staliukas yra b\u016btinas j\u016bs\u0173 lovos baldas. D\u0117l tinkamo auk\u0161\u010dio stalvir\u0161io visada tur\u0117site visk\u0105, ko jums reikia, po ranka. Atvira ni\u0161a puikiai tinka laikra\u0161\u010diams ar knygoms laikyti. Apatin\u0117je spintel\u0117s dalyje yra erdvus stal\u010dius. Spintel\u0117 stovi ant stabili\u0173, auk\u0161t\u0173 kojeli\u0173, pagamint\u0173 i\u0161 patvaraus metalo. Dvigubai cinkuotos rankenos ir aukso spalvos kojel\u0117s garantuoja patog\u0173 naudojim\u0105 daugel\u012f met\u0173. \u201eSelgin\u201c kolekcijos baldai derina auk\u0161t\u0105 funkcionalum\u0105 ir stulbinant\u012f dizain\u0105.<br \/>\n\u2022 Ergonomi\u0161kos metalin\u0117s rankenos.<br \/>\n\u2022 Auk\u0161tos metalin\u0117s kojel\u0117s palengvina valym\u0105 ir suteikia netrukdom\u0105 prieig\u0105 prie dulki\u0173 siurblio.<br \/>\n\u2022 Padidinta stal\u010di\u0173 talpa d\u0117l specialaus sutvirtinto dugno.<br \/>\n\u2022 Stal\u010diai su patogia pilno i\u0161traukimo sistema.<\/p>","protected":false},"excerpt":{"rendered":"<p>\u201eSelgin 06\u201c naktinis staliukas yra b\u016btinas j\u016bs\u0173 lovos baldas. D\u0117l tinkamo auk\u0161\u010dio stalvir\u0161io visada tur\u0117site visk\u0105, ko reikia, po ranka. Atvira \u012fduba puikiai tinka laikra\u0161\u010diams ar knygoms laikyti. Apatin\u0117je spintel\u0117s dalyje yra erdvus stal\u010dius. Spintel\u0117 stovi ant stabilios, [\u2026]<\/p>","protected":false},"featured_media":95661,"comment_status":"open","ping_status":"open","template":"","meta":[],"product_brand":[],"product_cat":[1176,2255,9217],"product_tag":[],"class_list":{"0":"post-97475","1":"product","2":"type-product","3":"status-publish","4":"has-post-thumbnail","6":"product_cat-bedside-tables","7":"product_cat-ml-meble","8":"product_cat-furniture-system-selgin-ml-meble","10":"first","11":"instock","12":"purchasable","13":"product-type-simple"},"_links":{"self":[{"href":"https:\/\/baldumarket.lt\/lt\/wp-json\/wp\/v2\/product\/97475","targetHints":{"allow":["GET"]}}],"collection":[{"href":"https:\/\/baldumarket.lt\/lt\/wp-json\/wp\/v2\/product"}],"about":[{"href":"https:\/\/baldumarket.lt\/lt\/wp-json\/wp\/v2\/types\/product"}],"replies":[{"embeddable":true,"href":"https:\/\/baldumarket.lt\/lt\/wp-json\/wp\/v2\/comments?post=97475"}],"wp:featuredmedia":[{"embeddable":true,"href":"https:\/\/baldumarket.lt\/lt\/wp-json\/wp\/v2\/media\/95661"}],"wp:attachment":[{"href":"https:\/\/baldumarket.lt\/lt\/wp-json\/wp\/v2\/media?parent=97475"}],"wp:term":[{"taxonomy":"product_brand","embeddable":true,"href":"https:\/\/baldumarket.lt\/lt\/wp-json\/wp\/v2\/product_brand?post=97475"},{"taxonomy":"product_cat","embeddable":true,"href":"https:\/\/baldumarket.lt\/lt\/wp-json\/wp\/v2\/product_cat?post=97475"},{"taxonomy":"product_tag","embeddable":true,"href":"https:\/\/baldumarket.lt\/lt\/wp-json\/wp\/v2\/product_tag?post=97475"}],"curies":[{"name":"wp","href":"https:\/\/api.w.org\/{rel}","templated":true}]}}