{"id":97464,"date":"2025-12-05T16:26:13","date_gmt":"2025-12-05T13:26:13","guid":{"rendered":"https:\/\/baldumarket.lt\/product\/urso-11-craft-zloty-czarny-nadstawka-3d\/"},"modified":"2026-02-03T23:53:33","modified_gmt":"2026-02-03T20:53:33","slug":"urso-11-craft-zloty-czarny-nadstawka-3d","status":"publish","type":"product","link":"https:\/\/baldumarket.lt\/lt\/product\/urso-11-craft-zloty-czarny-nadstawka-3d\/","title":{"rendered":"URSO 11 craft auksin\u0117\/juoda \u2013 3D prailginimas"},"content":{"rendered":"<p>\u201eUrso 11\u201c prailginimas puikiai papildo \u201eUrso 02\u201c spint\u0105. \u0160is baldas suteikia papildomos vietos daiktams susid\u0117ti d\u0117l dviej\u0173 erdvi\u0173 skyri\u0173. \u0160iuose skyriuose galite laikyti patalyn\u0119, rank\u0161luos\u010dius ar kitus nam\u0173 tekstil\u0117s gaminius. \u0160is baldas leis jums maksimaliai i\u0161naudoti turim\u0105 erdv\u0119 j\u016bs\u0173 namuose. \u201eUrso 11\u201c dizainas derina klasikin\u012f \u0105\u017euolo ra\u0161to stili\u0173 su moderniu juod\u0173 element\u0173 pavidalu. Original\u016bs, frezuoti \u012fd\u0117klai pabr\u0117\u017eia unikal\u0173 vis\u0173 \u201eUrso\u201c kolekcijos bald\u0173 charakter\u012f.<br \/>\n\u2022 Funkcionalus baldas su gra\u017eiu dizainu.<br \/>\n\u2022 Papildomas naudojimo patogumas d\u0117l vyri\u0173 su \u0161velnaus u\u017edarymo sistema.<br \/>\n\u2022 Grioveliais i\u0161klotos MDF plok\u0161t\u0117s.<br \/>\n\u2022 Ergonomi\u0161kos rankenos.<\/p>","protected":false},"excerpt":{"rendered":"<p>\u201eUrso 11\u201c prailginimas puikiai papildo \u201eUrso 02\u201c spint\u0105. \u0160is baldas suteikia papildomos vietos daiktams susid\u0117ti d\u0117l dviej\u0173 erdvi\u0173 skyri\u0173. \u0160iuose skyriuose galite laikyti patalyn\u0119, rank\u0161luos\u010dius ar kitus nam\u0173 tekstil\u0117s gaminius. \u0160is baldas leis jums maksimaliai i\u0161naudoti erdv\u0119 j\u016bs\u0173 namuose. \u201eUrso 11\u201c dizainas [\u2026]<\/p>","protected":false},"featured_media":97465,"comment_status":"open","ping_status":"open","template":"","meta":[],"product_brand":[],"product_cat":[2255,9220,1177],"product_tag":[],"class_list":{"0":"post-97464","1":"product","2":"type-product","3":"status-publish","4":"has-post-thumbnail","6":"product_cat-ml-meble","7":"product_cat-furniture-system-urso-ml-meble","8":"product_cat-wardrobes","10":"first","11":"instock","12":"purchasable","13":"product-type-simple"},"_links":{"self":[{"href":"https:\/\/baldumarket.lt\/lt\/wp-json\/wp\/v2\/product\/97464","targetHints":{"allow":["GET"]}}],"collection":[{"href":"https:\/\/baldumarket.lt\/lt\/wp-json\/wp\/v2\/product"}],"about":[{"href":"https:\/\/baldumarket.lt\/lt\/wp-json\/wp\/v2\/types\/product"}],"replies":[{"embeddable":true,"href":"https:\/\/baldumarket.lt\/lt\/wp-json\/wp\/v2\/comments?post=97464"}],"wp:featuredmedia":[{"embeddable":true,"href":"https:\/\/baldumarket.lt\/lt\/wp-json\/wp\/v2\/media\/97465"}],"wp:attachment":[{"href":"https:\/\/baldumarket.lt\/lt\/wp-json\/wp\/v2\/media?parent=97464"}],"wp:term":[{"taxonomy":"product_brand","embeddable":true,"href":"https:\/\/baldumarket.lt\/lt\/wp-json\/wp\/v2\/product_brand?post=97464"},{"taxonomy":"product_cat","embeddable":true,"href":"https:\/\/baldumarket.lt\/lt\/wp-json\/wp\/v2\/product_cat?post=97464"},{"taxonomy":"product_tag","embeddable":true,"href":"https:\/\/baldumarket.lt\/lt\/wp-json\/wp\/v2\/product_tag?post=97464"}],"curies":[{"name":"wp","href":"https:\/\/api.w.org\/{rel}","templated":true}]}}