{"id":97457,"date":"2025-12-05T16:26:06","date_gmt":"2025-12-05T13:26:06","guid":{"rendered":"https:\/\/baldumarket.lt\/product\/selgin-07-cashmere-stolik\/"},"modified":"2026-02-03T23:53:33","modified_gmt":"2026-02-03T20:53:33","slug":"selgin-07-cashmere-stolik","status":"publish","type":"product","link":"https:\/\/baldumarket.lt\/lt\/product\/selgin-07-cashmere-stolik\/","title":{"rendered":"Selgin 07 ka\u0161myro staliukas"},"content":{"rendered":"<p>\u201eSelgin 07\u201c kavos staliukas \u2013 puikus svetain\u0117s baldas. Pastatytas svetain\u0117s centre, jis taps nepakei\u010diamu j\u016bs\u0173 interjero elementu. Ant jo gal\u0117site pad\u0117ti puodel\u012f kavos, laikra\u0161t\u012f ir visada po ranka tur\u0117ti televizoriaus nuotolinio valdymo pult\u0105. Platus stalvir\u0161is leid\u017eia, pavyzd\u017eiui, eksponuoti m\u0117gstamus albumus. Dvi erdvios ni\u0161os po stalvir\u0161iu puikiai tinka knygoms, \u017evak\u0117ms ar ma\u017eoms skulpt\u016broms laikyti. Baldas stovi ant stabili\u0173, auk\u0161t\u0173 kojeli\u0173, pagamint\u0173 i\u0161 patvaraus metalo. Dvigubai cinkuotos, auksin\u0117s spalvos kojel\u0117s garantuoja patog\u0173 naudojim\u0105 daugel\u012f met\u0173. \u201eSelgin\u201c kolekcijos baldai derina auk\u0161t\u0105 funkcionalum\u0105 ir stulbinant\u012f dizain\u0105.<br \/>\n\u2022 Auk\u0161tos metalin\u0117s kojel\u0117s palengvina valym\u0105 ir suteikia netrukdom\u0105 prieig\u0105 prie dulki\u0173 siurblio.<\/p>","protected":false},"excerpt":{"rendered":"<p>\u201eSelgin 07\u201c kavos staliukas \u2013 puikus svetain\u0117s baldas. Pastatytas svetain\u0117s centre, jis taps nepakei\u010diamu j\u016bs\u0173 interjero elementu. Ant jo gal\u0117site pad\u0117ti puodel\u012f kavos, laikra\u0161t\u012f ir visada po ranka tur\u0117ti televizoriaus nuotolinio valdymo pult\u0105. Platus stalvir\u0161is leid\u017eia [\u2026]<\/p>","protected":false},"featured_media":97458,"comment_status":"open","ping_status":"open","template":"","meta":[],"product_brand":[],"product_cat":[2255,9217,1934],"product_tag":[],"class_list":{"0":"post-97457","1":"product","2":"type-product","3":"status-publish","4":"has-post-thumbnail","6":"product_cat-ml-meble","7":"product_cat-furniture-system-selgin-ml-meble","8":"product_cat-tables","10":"first","11":"instock","12":"purchasable","13":"product-type-simple"},"_links":{"self":[{"href":"https:\/\/baldumarket.lt\/lt\/wp-json\/wp\/v2\/product\/97457","targetHints":{"allow":["GET"]}}],"collection":[{"href":"https:\/\/baldumarket.lt\/lt\/wp-json\/wp\/v2\/product"}],"about":[{"href":"https:\/\/baldumarket.lt\/lt\/wp-json\/wp\/v2\/types\/product"}],"replies":[{"embeddable":true,"href":"https:\/\/baldumarket.lt\/lt\/wp-json\/wp\/v2\/comments?post=97457"}],"wp:featuredmedia":[{"embeddable":true,"href":"https:\/\/baldumarket.lt\/lt\/wp-json\/wp\/v2\/media\/97458"}],"wp:attachment":[{"href":"https:\/\/baldumarket.lt\/lt\/wp-json\/wp\/v2\/media?parent=97457"}],"wp:term":[{"taxonomy":"product_brand","embeddable":true,"href":"https:\/\/baldumarket.lt\/lt\/wp-json\/wp\/v2\/product_brand?post=97457"},{"taxonomy":"product_cat","embeddable":true,"href":"https:\/\/baldumarket.lt\/lt\/wp-json\/wp\/v2\/product_cat?post=97457"},{"taxonomy":"product_tag","embeddable":true,"href":"https:\/\/baldumarket.lt\/lt\/wp-json\/wp\/v2\/product_tag?post=97457"}],"curies":[{"name":"wp","href":"https:\/\/api.w.org\/{rel}","templated":true}]}}