{"id":97448,"date":"2025-12-05T16:25:57","date_gmt":"2025-12-05T13:25:57","guid":{"rendered":"https:\/\/baldumarket.lt\/product\/selgin-05-cashmere-rtv-2d\/"},"modified":"2026-02-03T23:53:33","modified_gmt":"2026-02-03T20:53:33","slug":"selgin-05-cashmere-rtv-2d","status":"publish","type":"product","link":"https:\/\/baldumarket.lt\/lt\/product\/selgin-05-cashmere-rtv-2d\/","title":{"rendered":"Selgin 05 ka\u0161myras \u2013 RTV 2D"},"content":{"rendered":"<p>\u201eSelgin 05\u201c televizoriaus staliukas \u2013 puikus baldas j\u016bs\u0173 televizoriui. Dvi u\u017edaros ni\u0161os sukuria daug vietos daiktams susid\u0117ti, o atviros lentynos ir platus stalvir\u0161is leid\u017eia lengvai susitvarkyti multimedijos \u012frang\u0105. Spintel\u0117 stovi ant stabili\u0173, auk\u0161t\u0173 kojeli\u0173, pagamint\u0173 i\u0161 patvaraus metalo. Dvigubai cinkuotos rankenos ir aukso spalvos kojel\u0117s garantuoja patog\u0173 naudojim\u0105 daugel\u012f met\u0173. \u201eSelgin\u201c kolekcijos baldai derina auk\u0161t\u0105 funkcionalum\u0105 ir stulbinant\u012f dizain\u0105.<br \/>\n\u2022 \u0160velniai u\u017esidarantys vyriai.<br \/>\n\u2022 Ergonomi\u0161kos metalin\u0117s rankenos.<br \/>\n\u2022 Auk\u0161tos metalin\u0117s kojel\u0117s palengvina valym\u0105 ir suteikia netrukdom\u0105 prieig\u0105 prie dulki\u0173 siurblio.<\/p>","protected":false},"excerpt":{"rendered":"<p>\u201eSelgin 05\u201c televizoriaus staliukas \u2013 puikus baldas j\u016bs\u0173 televizoriui. Dvi u\u017edaros ni\u0161os sukuria daug vietos daiktams susid\u0117ti, o atviros lentynos ir platus stalvir\u0161is leid\u017eia lengvai susitvarkyti multimedijos \u012frang\u0105. Spintel\u0117 stovi ant stabili\u0173, auk\u0161t\u0173 kojeli\u0173, pagamint\u0173 i\u0161 patvaraus metalo. Dvigubai cinkuotos rankenos ir aukso spalvos kojel\u0117s garantuoja ilgaam\u017ei\u0161kum\u0105 [\u2026]<\/p>","protected":false},"featured_media":95661,"comment_status":"open","ping_status":"open","template":"","meta":[],"product_brand":[],"product_cat":[2255,9217,1175],"product_tag":[],"class_list":{"0":"post-97448","1":"product","2":"type-product","3":"status-publish","4":"has-post-thumbnail","6":"product_cat-ml-meble","7":"product_cat-furniture-system-selgin-ml-meble","8":"product_cat-tv-stands","10":"first","11":"instock","12":"purchasable","13":"product-type-simple"},"_links":{"self":[{"href":"https:\/\/baldumarket.lt\/lt\/wp-json\/wp\/v2\/product\/97448","targetHints":{"allow":["GET"]}}],"collection":[{"href":"https:\/\/baldumarket.lt\/lt\/wp-json\/wp\/v2\/product"}],"about":[{"href":"https:\/\/baldumarket.lt\/lt\/wp-json\/wp\/v2\/types\/product"}],"replies":[{"embeddable":true,"href":"https:\/\/baldumarket.lt\/lt\/wp-json\/wp\/v2\/comments?post=97448"}],"wp:featuredmedia":[{"embeddable":true,"href":"https:\/\/baldumarket.lt\/lt\/wp-json\/wp\/v2\/media\/95661"}],"wp:attachment":[{"href":"https:\/\/baldumarket.lt\/lt\/wp-json\/wp\/v2\/media?parent=97448"}],"wp:term":[{"taxonomy":"product_brand","embeddable":true,"href":"https:\/\/baldumarket.lt\/lt\/wp-json\/wp\/v2\/product_brand?post=97448"},{"taxonomy":"product_cat","embeddable":true,"href":"https:\/\/baldumarket.lt\/lt\/wp-json\/wp\/v2\/product_cat?post=97448"},{"taxonomy":"product_tag","embeddable":true,"href":"https:\/\/baldumarket.lt\/lt\/wp-json\/wp\/v2\/product_tag?post=97448"}],"curies":[{"name":"wp","href":"https:\/\/api.w.org\/{rel}","templated":true}]}}