{"id":97438,"date":"2025-12-05T16:25:47","date_gmt":"2025-12-05T13:25:47","guid":{"rendered":"https:\/\/baldumarket.lt\/product\/sophie-16-cashmere-szafka-2d\/"},"modified":"2026-02-03T23:53:33","modified_gmt":"2026-02-03T20:53:33","slug":"sophie-16-cashmere-szafka-2d","status":"publish","type":"product","link":"https:\/\/baldumarket.lt\/lt\/product\/sophie-16-cashmere-szafka-2d\/","title":{"rendered":"Sophie 16 ka\u0161myro &#8211; 2D spintel\u0117"},"content":{"rendered":"<p>Bat\u0173 spintel\u0117 \u201eSophie 16\u201c pasi\u017eymi dideliu funkcionalumu ir moderniu dizainu. Dvi pla\u010dios ni\u0161os u\u017e dvigub\u0173 dur\u0173 suteikia pakankamai vietos kelioms bat\u0173 poroms. Spintel\u0117 turi mink\u0161t\u0105, apmu\u0161t\u0105 s\u0117dyn\u0119, pana\u0161i\u0105 \u012f lent\u0105, tod\u0117l patogu apsiauti batus. \u201eSophie 16\u201c \u2013 tai daugiau nei prakti\u0161kas sprendimas prie\u0161kambariui. M\u016bs\u0173 baldai yra \u0161iuolaiki\u0161kos elegancijos sinonimas. Ka\u0161myro dekoro detal\u0117s, frezuoti MDF fasadai, \u0161lifuoto aukso spalvos ranken\u0117l\u0117s ir diskreti\u0161kos juodos kojel\u0117s \u2013 tai visos \u201eSophie\u201c kolekcijos esm\u0117.<br \/>\n\u2022 Funkcionalus baldas su gra\u017eiu dizainu.<br \/>\n\u2022 Patogu naudoti d\u0117l \u0161velniai u\u017esidaran\u010di\u0173 vyri\u0173 ir apmu\u0161tos s\u0117dyn\u0117s.<br \/>\n\u2022 Auk\u0161tos metalin\u0117s kojel\u0117s palengvina valym\u0105 ir suteikia netrukdom\u0105 prieig\u0105 dulki\u0173 siurbliui.<\/p>","protected":false},"excerpt":{"rendered":"<p>\u201eSophie 16\u201c bat\u0173 spintel\u0117 pasi\u017eymi dideliu funkcionalumu ir moderniu dizainu. Dvi pla\u010dios ni\u0161os u\u017e dvigub\u0173 dureli\u0173 suteikia pakankamai vietos kelioms bat\u0173 poroms. Spintel\u0117 turi mink\u0161t\u0105, apmu\u0161t\u0105 s\u0117dyn\u0119, pana\u0161i\u0105 \u012f lent\u0105, tod\u0117l patogu apsiauti batus. \u201eSophie 16\u201c yra daugiau nei prakti\u0161ka [\u2026]<\/p>","protected":false},"featured_media":97439,"comment_status":"open","ping_status":"open","template":"","meta":[],"product_brand":[],"product_cat":[9240,9120,2255],"product_tag":[],"class_list":{"0":"post-97438","1":"product","2":"type-product","3":"status-publish","4":"has-post-thumbnail","6":"product_cat-furniture-system-sophie-ml-meble","7":"product_cat-cabinets","8":"product_cat-ml-meble","10":"first","11":"instock","12":"purchasable","13":"product-type-simple"},"_links":{"self":[{"href":"https:\/\/baldumarket.lt\/lt\/wp-json\/wp\/v2\/product\/97438","targetHints":{"allow":["GET"]}}],"collection":[{"href":"https:\/\/baldumarket.lt\/lt\/wp-json\/wp\/v2\/product"}],"about":[{"href":"https:\/\/baldumarket.lt\/lt\/wp-json\/wp\/v2\/types\/product"}],"replies":[{"embeddable":true,"href":"https:\/\/baldumarket.lt\/lt\/wp-json\/wp\/v2\/comments?post=97438"}],"wp:featuredmedia":[{"embeddable":true,"href":"https:\/\/baldumarket.lt\/lt\/wp-json\/wp\/v2\/media\/97439"}],"wp:attachment":[{"href":"https:\/\/baldumarket.lt\/lt\/wp-json\/wp\/v2\/media?parent=97438"}],"wp:term":[{"taxonomy":"product_brand","embeddable":true,"href":"https:\/\/baldumarket.lt\/lt\/wp-json\/wp\/v2\/product_brand?post=97438"},{"taxonomy":"product_cat","embeddable":true,"href":"https:\/\/baldumarket.lt\/lt\/wp-json\/wp\/v2\/product_cat?post=97438"},{"taxonomy":"product_tag","embeddable":true,"href":"https:\/\/baldumarket.lt\/lt\/wp-json\/wp\/v2\/product_tag?post=97438"}],"curies":[{"name":"wp","href":"https:\/\/api.w.org\/{rel}","templated":true}]}}