{"id":97428,"date":"2025-12-05T16:25:37","date_gmt":"2025-12-05T13:25:37","guid":{"rendered":"https:\/\/baldumarket.lt\/product\/sophie-15-cashmere-szafka-1d\/"},"modified":"2026-02-03T23:53:33","modified_gmt":"2026-02-03T20:53:33","slug":"sophie-15-cashmere-szafka-1d","status":"publish","type":"product","link":"https:\/\/baldumarket.lt\/lt\/product\/sophie-15-cashmere-szafka-1d\/","title":{"rendered":"Sophie 15 ka\u0161myro &#8211; 1D spintel\u0117"},"content":{"rendered":"<p>Bat\u0173 spintel\u0117 \u201eSophie 15\u201c pasi\u017eymi dideliu funkcionalumu ir moderniu dizainu. Dvi pla\u010dios, atviros ni\u0161os suteikia optimali\u0105 erdv\u0119 kelioms bat\u0173 poroms. Papildomos bat\u0173 ni\u0161os yra u\u017e \u0161velniai u\u017esidaran\u010di\u0173 dureli\u0173. Mink\u0161ta, apmu\u0161ta s\u0117dyn\u0117, kurios spalva pana\u0161i \u012f lent\u0105, yra reik\u0161mingas privalumas, prisidedantis prie komforto. \u201eSophie 15\u201c \u2013 tai ne tik prakti\u0161kas sprendimas prie\u0161kambariui. M\u016bs\u0173 baldai yra \u0161iuolaikin\u0117s elegancijos sinonimas. Ka\u0161myro dekoras, frezuoti MDF fasadai, \u0161lifuoto aukso spalvos ranken\u0117l\u0117s ir diskreti\u0161kos juodos kojel\u0117s \u2013 tai visos \u201eSophie\u201c kolekcijos esm\u0117.<br \/>\n\u2022 Funkcionalus baldas su gra\u017eiu dizainu.<br \/>\n\u2022 Patogus naudoti d\u0117l \u0161velniai u\u017esidaran\u010di\u0173 vyri\u0173 ir apmu\u0161tos s\u0117dyn\u0117s.<br \/>\n\u2022 Auk\u0161tos metalin\u0117s kojel\u0117s palengvina valym\u0105 ir suteikia netrukdom\u0105 prieig\u0105 prie dulki\u0173 siurblio.<\/p>","protected":false},"excerpt":{"rendered":"<p>The Sophie 15 shoe cabinet combines high functionality with modern design. Two wide, open niches provide optimal space for several pairs of shoes. Additional shoe niches are located behind the soft-close doors. The soft, upholstered seat in a color similar to the board is a significant advantage, contributing to comfort. Sophie 15 is not only [&hellip;]<\/p>","protected":false},"featured_media":97429,"comment_status":"open","ping_status":"open","template":"","meta":[],"product_brand":[],"product_cat":[9240,9120,2255],"product_tag":[],"class_list":{"0":"post-97428","1":"product","2":"type-product","3":"status-publish","4":"has-post-thumbnail","6":"product_cat-furniture-system-sophie-ml-meble","7":"product_cat-cabinets","8":"product_cat-ml-meble","10":"first","11":"instock","12":"purchasable","13":"product-type-simple"},"_links":{"self":[{"href":"https:\/\/baldumarket.lt\/lt\/wp-json\/wp\/v2\/product\/97428","targetHints":{"allow":["GET"]}}],"collection":[{"href":"https:\/\/baldumarket.lt\/lt\/wp-json\/wp\/v2\/product"}],"about":[{"href":"https:\/\/baldumarket.lt\/lt\/wp-json\/wp\/v2\/types\/product"}],"replies":[{"embeddable":true,"href":"https:\/\/baldumarket.lt\/lt\/wp-json\/wp\/v2\/comments?post=97428"}],"wp:featuredmedia":[{"embeddable":true,"href":"https:\/\/baldumarket.lt\/lt\/wp-json\/wp\/v2\/media\/97429"}],"wp:attachment":[{"href":"https:\/\/baldumarket.lt\/lt\/wp-json\/wp\/v2\/media?parent=97428"}],"wp:term":[{"taxonomy":"product_brand","embeddable":true,"href":"https:\/\/baldumarket.lt\/lt\/wp-json\/wp\/v2\/product_brand?post=97428"},{"taxonomy":"product_cat","embeddable":true,"href":"https:\/\/baldumarket.lt\/lt\/wp-json\/wp\/v2\/product_cat?post=97428"},{"taxonomy":"product_tag","embeddable":true,"href":"https:\/\/baldumarket.lt\/lt\/wp-json\/wp\/v2\/product_tag?post=97428"}],"curies":[{"name":"wp","href":"https:\/\/api.w.org\/{rel}","templated":true}]}}