{"id":97422,"date":"2025-12-05T16:25:31","date_gmt":"2025-12-05T13:25:31","guid":{"rendered":"https:\/\/baldumarket.lt\/product\/sophie-20-cashmere-wieszak-7w\/"},"modified":"2026-02-03T23:53:33","modified_gmt":"2026-02-03T20:53:33","slug":"sophie-20-cashmere-wieszak-7w","status":"publish","type":"product","link":"https:\/\/baldumarket.lt\/lt\/product\/sophie-20-cashmere-wieszak-7w\/","title":{"rendered":"Sophie 20 ka\u0161myro pakaba 7W"},"content":{"rendered":"<p>Mink\u0161ta palt\u0173 kabykla \u201eSophie 20\u201c derina klasikines savybes su moderniu dizainu. Nepaisant paprastos konstrukcijos, ji puikiai tiks bet kuriame prie\u0161kambaryje. \u0160is modelis turi septynias juodas ranken\u0117les, kurios suteikia daug vietos vir\u0161utiniams drabu\u017eiams net ir didelei \u0161eimai. Ji puikiai dera su palt\u0173 kabykla \u201eSophie 17\u201c ir bat\u0173 spintele \u201eSophie 15\u201c. Tai daugiau nei prakti\u0161kas sprendimas prie\u0161kambariui. M\u016bs\u0173 gaminys yra \u0161iuolaikin\u0117s elegancijos sinonimas. Subtilus, mink\u0161tas ka\u0161myro aksomo apmu\u0161alas pary\u0161kins unikal\u0173 j\u016bs\u0173 interjero charakter\u012f.<br \/>\n\u2022 Funkcionalus baldas su gra\u017eiu dizainu.<br \/>\n\u2022 Plastikin\u0117s rankenos.<br \/>\n\u2022 Mink\u0161tas ka\u0161myro aksomo apmu\u0161alas.<\/p>","protected":false},"excerpt":{"rendered":"<p>Mink\u0161ta palt\u0173 kabykla \u201eSophie 20\u201c derina klasikines savybes su moderniu dizainu. Nepaisant paprastos konstrukcijos, ji puikiai tiks bet kuriame prie\u0161kambaryje. \u0160is modelis turi septynias juodas rankenas, kurios suteikia pakankamai vietos vir\u0161utiniams drabu\u017eiams net ir didelei \u0161eimai. Ji puikiai dera su palt\u0173 kabykla \u201eSophie 17\u201c ir bat\u0173 kabykla \u201eSophie 15\u201c [\u2026]<\/p>","protected":false},"featured_media":97423,"comment_status":"open","ping_status":"open","template":"","meta":[],"product_brand":[],"product_cat":[9240,1931,2255],"product_tag":[],"class_list":{"0":"post-97422","1":"product","2":"type-product","3":"status-publish","4":"has-post-thumbnail","6":"product_cat-furniture-system-sophie-ml-meble","7":"product_cat-hangers","8":"product_cat-ml-meble","10":"first","11":"instock","12":"purchasable","13":"product-type-simple"},"_links":{"self":[{"href":"https:\/\/baldumarket.lt\/lt\/wp-json\/wp\/v2\/product\/97422","targetHints":{"allow":["GET"]}}],"collection":[{"href":"https:\/\/baldumarket.lt\/lt\/wp-json\/wp\/v2\/product"}],"about":[{"href":"https:\/\/baldumarket.lt\/lt\/wp-json\/wp\/v2\/types\/product"}],"replies":[{"embeddable":true,"href":"https:\/\/baldumarket.lt\/lt\/wp-json\/wp\/v2\/comments?post=97422"}],"wp:featuredmedia":[{"embeddable":true,"href":"https:\/\/baldumarket.lt\/lt\/wp-json\/wp\/v2\/media\/97423"}],"wp:attachment":[{"href":"https:\/\/baldumarket.lt\/lt\/wp-json\/wp\/v2\/media?parent=97422"}],"wp:term":[{"taxonomy":"product_brand","embeddable":true,"href":"https:\/\/baldumarket.lt\/lt\/wp-json\/wp\/v2\/product_brand?post=97422"},{"taxonomy":"product_cat","embeddable":true,"href":"https:\/\/baldumarket.lt\/lt\/wp-json\/wp\/v2\/product_cat?post=97422"},{"taxonomy":"product_tag","embeddable":true,"href":"https:\/\/baldumarket.lt\/lt\/wp-json\/wp\/v2\/product_tag?post=97422"}],"curies":[{"name":"wp","href":"https:\/\/api.w.org\/{rel}","templated":true}]}}