{"id":97416,"date":"2025-12-05T16:25:25","date_gmt":"2025-12-05T13:25:25","guid":{"rendered":"https:\/\/baldumarket.lt\/product\/sophie-21-cashmere-lustro\/"},"modified":"2026-02-03T23:53:33","modified_gmt":"2026-02-03T20:53:33","slug":"sophie-21-cashmere-lustro","status":"publish","type":"product","link":"https:\/\/baldumarket.lt\/lt\/product\/sophie-21-cashmere-lustro\/","title":{"rendered":"Sophie 21 ka\u0161myro veidrodis"},"content":{"rendered":"<p>\u201eSophie 21\u201c veidrodis puikiai tiks prakti\u0161kai bet kuriame moderniame kambaryje. Stilingas dizainas ir kruop\u0161tus meistri\u0161kumas pavers j\u012f ne tik stilingu ir prakti\u0161ku j\u016bs\u0173 interjero papildymu, bet ir skoningu akcentu. \u201eSophie 21\u201c \u2013 tai daugiau nei prakti\u0161kas sprendimas j\u016bs\u0173 namams. M\u016bs\u0173 gaminys yra \u0161iuolaikin\u0117s elegancijos sinonimas. Ka\u0161myro apdaila ir frezuota MDF plok\u0161t\u0117 pabr\u0117\u0161 unikal\u0173 j\u016bs\u0173 interjero charakter\u012f.<br \/>\n\u2022 Funkcionalus aksesuaras su gra\u017eiu akcentu.<br \/>\n\u2022 Frezuota MDF plok\u0161t\u0117.<\/p>","protected":false},"excerpt":{"rendered":"<p>\u201eSophie 21\u201c veidrodis puikiai tiks prakti\u0161kai bet kuriame moderniame kambaryje. Stilingas dizainas ir kruop\u0161tus meistri\u0161kumas pavers j\u012f ne tik stilingu ir prakti\u0161ku j\u016bs\u0173 interjero papildymu, bet ir skoningu akcentu. \u201eSophie 21\u201c \u2013 tai daugiau nei prakti\u0161kas sprendimas j\u016bs\u0173 namams. M\u016bs\u0173 k\u016brinys yra \u0161iuolaikinio [\u2026]<\/p>","protected":false},"featured_media":97417,"comment_status":"open","ping_status":"open","template":"","meta":[],"product_brand":[],"product_cat":[9240,1108,2255],"product_tag":[],"class_list":{"0":"post-97416","1":"product","2":"type-product","3":"status-publish","4":"has-post-thumbnail","6":"product_cat-furniture-system-sophie-ml-meble","7":"product_cat-mirrors","8":"product_cat-ml-meble","10":"first","11":"instock","12":"purchasable","13":"product-type-simple"},"_links":{"self":[{"href":"https:\/\/baldumarket.lt\/lt\/wp-json\/wp\/v2\/product\/97416","targetHints":{"allow":["GET"]}}],"collection":[{"href":"https:\/\/baldumarket.lt\/lt\/wp-json\/wp\/v2\/product"}],"about":[{"href":"https:\/\/baldumarket.lt\/lt\/wp-json\/wp\/v2\/types\/product"}],"replies":[{"embeddable":true,"href":"https:\/\/baldumarket.lt\/lt\/wp-json\/wp\/v2\/comments?post=97416"}],"wp:featuredmedia":[{"embeddable":true,"href":"https:\/\/baldumarket.lt\/lt\/wp-json\/wp\/v2\/media\/97417"}],"wp:attachment":[{"href":"https:\/\/baldumarket.lt\/lt\/wp-json\/wp\/v2\/media?parent=97416"}],"wp:term":[{"taxonomy":"product_brand","embeddable":true,"href":"https:\/\/baldumarket.lt\/lt\/wp-json\/wp\/v2\/product_brand?post=97416"},{"taxonomy":"product_cat","embeddable":true,"href":"https:\/\/baldumarket.lt\/lt\/wp-json\/wp\/v2\/product_cat?post=97416"},{"taxonomy":"product_tag","embeddable":true,"href":"https:\/\/baldumarket.lt\/lt\/wp-json\/wp\/v2\/product_tag?post=97416"}],"curies":[{"name":"wp","href":"https:\/\/api.w.org\/{rel}","templated":true}]}}