{"id":97410,"date":"2025-12-05T16:25:19","date_gmt":"2025-12-05T13:25:19","guid":{"rendered":"https:\/\/baldumarket.lt\/product\/sophie-19-cashmere-wieszak-7w\/"},"modified":"2026-02-03T23:53:33","modified_gmt":"2026-02-03T20:53:33","slug":"sophie-19-cashmere-wieszak-7w","status":"publish","type":"product","link":"https:\/\/baldumarket.lt\/lt\/product\/sophie-19-cashmere-wieszak-7w\/","title":{"rendered":"Sophie 19 ka\u0161myro pakaba 7W"},"content":{"rendered":"<p>\u201eSophie 19\u201c palt\u0173 kabykla derina klasikines savybes ir modern\u0173 dizain\u0105. Nepaisant paprastos konstrukcijos, ji puikiai tiks bet kuriame prie\u0161kambaryje. Ji turi septynias juodas rankenas, kurios suteikia daug vietos vir\u0161utiniams drabu\u017eiams net ir didelei \u0161eimai. \u201eSophie 19\u201c \u2013 tai daugiau nei prakti\u0161kas sprendimas prie\u0161kambariui. M\u016bs\u0173 gaminys yra \u0161iuolaikin\u0117s elegancijos sinonimas. Subtilus ka\u0161myro pavir\u0161ius pary\u0161kins unikal\u0173 j\u016bs\u0173 interjero charakter\u012f.<br \/>\n\u2022 Funkcionalus, gra\u017eaus dizaino daiktas.<br \/>\n\u2022 Plastikin\u0117s rankenos.<br \/>\n\u2022 Pagaminta i\u0161 auk\u0161tos kokyb\u0117s 16 mm med\u017eio dro\u017eli\u0173 plok\u0161t\u0117s su ABS apvadu.<\/p>","protected":false},"excerpt":{"rendered":"<p>The Sophie 19 coat rack combines classic features with modern design. Despite its simple construction, it will be a perfect addition to any hallway. It features seven black handles, providing ample space for outerwear, even for a large family. Sophie 19 is more than just a practical solution for the hallway. Our piece is synonymous [&hellip;]<\/p>","protected":false},"featured_media":97411,"comment_status":"open","ping_status":"open","template":"","meta":[],"product_brand":[],"product_cat":[9240,1931,2255],"product_tag":[],"class_list":{"0":"post-97410","1":"product","2":"type-product","3":"status-publish","4":"has-post-thumbnail","6":"product_cat-furniture-system-sophie-ml-meble","7":"product_cat-hangers","8":"product_cat-ml-meble","10":"first","11":"instock","12":"purchasable","13":"product-type-simple"},"_links":{"self":[{"href":"https:\/\/baldumarket.lt\/lt\/wp-json\/wp\/v2\/product\/97410","targetHints":{"allow":["GET"]}}],"collection":[{"href":"https:\/\/baldumarket.lt\/lt\/wp-json\/wp\/v2\/product"}],"about":[{"href":"https:\/\/baldumarket.lt\/lt\/wp-json\/wp\/v2\/types\/product"}],"replies":[{"embeddable":true,"href":"https:\/\/baldumarket.lt\/lt\/wp-json\/wp\/v2\/comments?post=97410"}],"wp:featuredmedia":[{"embeddable":true,"href":"https:\/\/baldumarket.lt\/lt\/wp-json\/wp\/v2\/media\/97411"}],"wp:attachment":[{"href":"https:\/\/baldumarket.lt\/lt\/wp-json\/wp\/v2\/media?parent=97410"}],"wp:term":[{"taxonomy":"product_brand","embeddable":true,"href":"https:\/\/baldumarket.lt\/lt\/wp-json\/wp\/v2\/product_brand?post=97410"},{"taxonomy":"product_cat","embeddable":true,"href":"https:\/\/baldumarket.lt\/lt\/wp-json\/wp\/v2\/product_cat?post=97410"},{"taxonomy":"product_tag","embeddable":true,"href":"https:\/\/baldumarket.lt\/lt\/wp-json\/wp\/v2\/product_tag?post=97410"}],"curies":[{"name":"wp","href":"https:\/\/api.w.org\/{rel}","templated":true}]}}