{"id":97404,"date":"2025-12-05T16:25:13","date_gmt":"2025-12-05T13:25:13","guid":{"rendered":"https:\/\/baldumarket.lt\/product\/sophie-18-cashmere-wieszak-3w\/"},"modified":"2026-02-03T23:53:33","modified_gmt":"2026-02-03T20:53:33","slug":"sophie-18-cashmere-wieszak-3w","status":"publish","type":"product","link":"https:\/\/baldumarket.lt\/lt\/product\/sophie-18-cashmere-wieszak-3w\/","title":{"rendered":"Sophie 18 ka\u0161myro \u2013 3W pakaba"},"content":{"rendered":"<p>\u201eSophie 18\u201c palt\u0173 kabykla derina klasikines savybes ir modern\u0173 dizain\u0105. Nepaisant paprastos konstrukcijos, ji puikiai papildys j\u016bs\u0173 prie\u0161kambar\u012f. Ji turi tris juodus kabliukus vir\u0161utiniams drabu\u017eiams. \u201eSophie 18\u201c yra daugiau nei prakti\u0161kas sprendimas j\u016bs\u0173 prie\u0161kambariui. M\u016bs\u0173 gaminys yra \u0161iuolaikin\u0117s elegancijos sinonimas. Subtilus ka\u0161myro pavir\u0161ius pary\u0161kins unikal\u0173 j\u016bs\u0173 interjero charakter\u012f.<br \/>\n\u2022 Funkcionalus baldas su gra\u017eiu dizainu.<br \/>\n\u2022 Rankenos pagamintos i\u0161 plastiko.<br \/>\n\u2022 Pagaminta i\u0161 auk\u0161tos kokyb\u0117s 16 mm med\u017eio dro\u017eli\u0173 plok\u0161t\u0117s su ABS apvadu.<\/p>","protected":false},"excerpt":{"rendered":"<p>\u201eSophie 18\u201c palt\u0173 kabykla sujungia klasikinius bruo\u017eus su moderniu dizainu. Nepaisant paprastos konstrukcijos, ji puikiai papildys j\u016bs\u0173 prie\u0161kambar\u012f. Ji turi tris juodus kabliukus vir\u0161utiniams drabu\u017eiams. \u201eSophie 18\u201c yra daugiau nei prakti\u0161kas sprendimas j\u016bs\u0173 prie\u0161kambariui. M\u016bs\u0173 gaminys yra \u0161iuolaikin\u0117s elegancijos sinonimas. Subtilus ka\u0161myro pavir\u0161ius [\u2026]<\/p>","protected":false},"featured_media":97405,"comment_status":"open","ping_status":"open","template":"","meta":[],"product_brand":[],"product_cat":[9240,1931,2255],"product_tag":[],"class_list":{"0":"post-97404","1":"product","2":"type-product","3":"status-publish","4":"has-post-thumbnail","6":"product_cat-furniture-system-sophie-ml-meble","7":"product_cat-hangers","8":"product_cat-ml-meble","10":"first","11":"instock","12":"purchasable","13":"product-type-simple"},"_links":{"self":[{"href":"https:\/\/baldumarket.lt\/lt\/wp-json\/wp\/v2\/product\/97404","targetHints":{"allow":["GET"]}}],"collection":[{"href":"https:\/\/baldumarket.lt\/lt\/wp-json\/wp\/v2\/product"}],"about":[{"href":"https:\/\/baldumarket.lt\/lt\/wp-json\/wp\/v2\/types\/product"}],"replies":[{"embeddable":true,"href":"https:\/\/baldumarket.lt\/lt\/wp-json\/wp\/v2\/comments?post=97404"}],"wp:featuredmedia":[{"embeddable":true,"href":"https:\/\/baldumarket.lt\/lt\/wp-json\/wp\/v2\/media\/97405"}],"wp:attachment":[{"href":"https:\/\/baldumarket.lt\/lt\/wp-json\/wp\/v2\/media?parent=97404"}],"wp:term":[{"taxonomy":"product_brand","embeddable":true,"href":"https:\/\/baldumarket.lt\/lt\/wp-json\/wp\/v2\/product_brand?post=97404"},{"taxonomy":"product_cat","embeddable":true,"href":"https:\/\/baldumarket.lt\/lt\/wp-json\/wp\/v2\/product_cat?post=97404"},{"taxonomy":"product_tag","embeddable":true,"href":"https:\/\/baldumarket.lt\/lt\/wp-json\/wp\/v2\/product_tag?post=97404"}],"curies":[{"name":"wp","href":"https:\/\/api.w.org\/{rel}","templated":true}]}}