{"id":97398,"date":"2025-12-05T16:25:07","date_gmt":"2025-12-05T13:25:07","guid":{"rendered":"https:\/\/baldumarket.lt\/product\/sophie-17-cashmere-wieszak-3w\/"},"modified":"2026-02-03T23:53:33","modified_gmt":"2026-02-03T20:53:33","slug":"sophie-17-cashmere-wieszak-3w","status":"publish","type":"product","link":"https:\/\/baldumarket.lt\/lt\/product\/sophie-17-cashmere-wieszak-3w\/","title":{"rendered":"Sophie 17 ka\u0161myro &#8211; 3W pakaba"},"content":{"rendered":"<p>\u201eSophie 17\u201c palt\u0173 kabykla derina klasikines savybes su moderniu dizainu. Nepaisant paprastos konstrukcijos, ji puikiai papildys j\u016bs\u0173 prie\u0161kambar\u012f. Ji turi tris juodus kabliukus vir\u0161utiniams drabu\u017eiams. Ji puikiai dera su mink\u0161ta \u201eSophie 20\u201c palt\u0173 kabykla ir \u201eSophie 15\u201c bat\u0173 spintele. Tai daugiau nei prakti\u0161kas sprendimas j\u016bs\u0173 prie\u0161kambariui. M\u016bs\u0173 gaminys yra \u0161iuolaikin\u0117s elegancijos sinonimas. Ka\u0161myro apdaila ir frezuota MDF plok\u0161t\u0117 pabr\u0117\u0161 unikal\u0173 j\u016bs\u0173 interjero charakter\u012f.<br \/>\n\u2022 Funkcionalus baldas su gra\u017eiu dizainu.<br \/>\n\u2022 Rankenos pagamintos i\u0161 plastiko.<br \/>\n\u2022 Frezuota MDF plok\u0161t\u0117.<\/p>","protected":false},"excerpt":{"rendered":"<p>The Sophie 17 coat rack combines classic features with modern design. Despite its simple construction, it will be a perfect addition to your hallway. It features three black hooks for outerwear. It complements the Sophie 20 upholstered coat rack and the Sophie 15 shoe cabinet perfectly. It&#8217;s more than just a practical solution for your [&hellip;]<\/p>","protected":false},"featured_media":97399,"comment_status":"open","ping_status":"open","template":"","meta":[],"product_brand":[],"product_cat":[9240,1931,2255],"product_tag":[],"class_list":{"0":"post-97398","1":"product","2":"type-product","3":"status-publish","4":"has-post-thumbnail","6":"product_cat-furniture-system-sophie-ml-meble","7":"product_cat-hangers","8":"product_cat-ml-meble","10":"first","11":"instock","12":"purchasable","13":"product-type-simple"},"_links":{"self":[{"href":"https:\/\/baldumarket.lt\/lt\/wp-json\/wp\/v2\/product\/97398","targetHints":{"allow":["GET"]}}],"collection":[{"href":"https:\/\/baldumarket.lt\/lt\/wp-json\/wp\/v2\/product"}],"about":[{"href":"https:\/\/baldumarket.lt\/lt\/wp-json\/wp\/v2\/types\/product"}],"replies":[{"embeddable":true,"href":"https:\/\/baldumarket.lt\/lt\/wp-json\/wp\/v2\/comments?post=97398"}],"wp:featuredmedia":[{"embeddable":true,"href":"https:\/\/baldumarket.lt\/lt\/wp-json\/wp\/v2\/media\/97399"}],"wp:attachment":[{"href":"https:\/\/baldumarket.lt\/lt\/wp-json\/wp\/v2\/media?parent=97398"}],"wp:term":[{"taxonomy":"product_brand","embeddable":true,"href":"https:\/\/baldumarket.lt\/lt\/wp-json\/wp\/v2\/product_brand?post=97398"},{"taxonomy":"product_cat","embeddable":true,"href":"https:\/\/baldumarket.lt\/lt\/wp-json\/wp\/v2\/product_cat?post=97398"},{"taxonomy":"product_tag","embeddable":true,"href":"https:\/\/baldumarket.lt\/lt\/wp-json\/wp\/v2\/product_tag?post=97398"}],"curies":[{"name":"wp","href":"https:\/\/api.w.org\/{rel}","templated":true}]}}